{"id":132,"date":"2020-01-15T10:24:08","date_gmt":"2020-01-15T09:24:08","guid":{"rendered":"http:\/\/feix.ulrichgeber.de\/terminologien-musteruebersetzungen\/"},"modified":"2021-09-30T15:36:30","modified_gmt":"2021-09-30T13:36:30","slug":"terminology-lists-translation-templates","status":"publish","type":"page","link":"https:\/\/dr-feix.com\/en\/terminology-lists-translation-templates\/","title":{"rendered":"Terminology lists\/Translation templates"},"content":{"rendered":"\n<h2 class=\"wp-block-heading\"> Terminology lists and translation templates <\/h2>\n\n\n\n<p> We offer terminology  lists as well as books containing translation  templates from different fields  and in different language combinations  for sale, which have been compiled from  original documents by native  speakers. <br><a href=\"#bestellen\">How to order &gt;&gt;<\/a><\/p>\n\n\n\n<h2 class=\"wp-block-heading\"> Terminology lists <\/h2>\n\n\n\n<h3 class=\"wp-block-heading\">  Civil Registry Documents  <\/h3>\n\n\n\n<figure class=\"wp-block-table is-style-stripes\"><table><tbody><tr><td>  <strong>English  &lt;-&gt; German <\/strong>(2436 entries) <\/td><td class=\"has-text-align-right\" data-align=\"right\">\u20ac 17.00<\/td><\/tr><tr><td>  <strong>French  &lt;-&gt; German<\/strong> (1197 entries) <\/td><td class=\"has-text-align-right\" data-align=\"right\">\u20ac 17.00<\/td><\/tr><tr><td>  <strong>Italian  &lt;-&gt; German<\/strong> (1867  entries) <\/td><td class=\"has-text-align-right\" data-align=\"right\">\u20ac 17.00<\/td><\/tr><tr><td>  <strong>Portuguese  &lt;-&gt; German <\/strong>(2222 entries) <\/td><td class=\"has-text-align-right\" data-align=\"right\">\u20ac 17.00<\/td><\/tr><tr><td>  <strong>Spanish  &lt;-&gt; German<\/strong> (1283 entries) <\/td><td class=\"has-text-align-right\" data-align=\"right\">\u20ac 17.00<\/td><\/tr><tr><td> <strong>Russian  &lt;-&gt; German <\/strong>&nbsp;(work in progress) <\/td><td class=\"has-text-align-right\" data-align=\"right\">\u20ac 17.00<\/td><\/tr><\/tbody><\/table><\/figure>\n\n\n\n<h3 class=\"wp-block-heading\">  Divorce Decrees <\/h3>\n\n\n\n<figure class=\"wp-block-table is-style-stripes\"><table><tbody><tr><td>   <strong>English  &lt;-&gt; German<\/strong> (1966 entries) <\/td><td class=\"has-text-align-right\" data-align=\"right\"> \u20ac 17.00<\/td><\/tr><tr><td>  <strong>French  &lt;-&gt; German<\/strong> (1466 entries) <\/td><td class=\"has-text-align-right\" data-align=\"right\"> \u20ac 17.00<\/td><\/tr><\/tbody><\/table><\/figure>\n\n\n\n<h3 class=\"wp-block-heading\">  Commercial Documents <\/h3>\n\n\n\n<figure class=\"wp-block-table is-style-stripes\"><table><tbody><tr><td> <strong>Balance  sheet terminology DE -&gt; EN<\/strong> Ver.  2.1 (approx. 1300 entries) <\/td><td class=\"has-text-align-right\" data-align=\"right\"> \u20ac 17.00<\/td><\/tr><tr><td> <strong>Balance  sheet terminology DE -&gt; FR<\/strong> Ver.  2.0 (approx. 1200 entries) <\/td><td class=\"has-text-align-right\" data-align=\"right\"> \u20ac 17.00<\/td><\/tr><tr><td> <strong>Balance  sheet terminology ES -&gt; DE<\/strong> Ver.  2.0 (approx. 530 entries)  <\/td><td class=\"has-text-align-right\" data-align=\"right\"> \u20ac 17.00<\/td><\/tr><tr><td>  <strong>Table  of accounts (balance sheet items) FR<\/strong> <strong>-&gt; DE <\/strong>(approx.  900 entries)  <\/td><td class=\"has-text-align-right\" data-align=\"right\"> \u20ac 17.00<\/td><\/tr><\/tbody><\/table><\/figure>\n\n\n\n<h3 class=\"wp-block-heading\"> Other <\/h3>\n\n\n\n<figure class=\"wp-block-table is-style-stripes\"><table><tbody><tr><td> <strong>Driving  licence terminology EN &lt;-&gt; DE<\/strong> (787 entries) <\/td><td class=\"has-text-align-right\" data-align=\"right\">\u20ac 12.00<\/td><\/tr><\/tbody><\/table><\/figure>\n\n\n\n<p>  The terminology package  comprises: CD-ROM with both Word + rtf file versions + printed  hard copy. <\/p>\n\n\n\n<h2 class=\"wp-block-heading\"> Books containing  translation templates (original texts and translations in parallel) <\/h2>\n\n\n\n<h3 class=\"wp-block-heading\"> Civil Registry Documents <\/h3>\n\n\n\n<figure class=\"wp-block-table is-style-stripes\"><table><tbody><tr><td>  <strong>English  &lt;-&gt; German <\/strong>(55 documents) <\/td><td class=\"has-text-align-right\" data-align=\"right\">\u20ac 18.50<\/td><\/tr><tr><td>  <strong>French  &lt;-&gt; German <\/strong>(40 documents) <\/td><td class=\"has-text-align-right\" data-align=\"right\">\u20ac 16.00<\/td><\/tr><tr><td> <strong>Spanish  &lt;-&gt; German <\/strong>(52 documents) <\/td><td class=\"has-text-align-right\" data-align=\"right\">\u20ac 18.50<\/td><\/tr><tr><td>  <strong>Portuguese  &lt;-&gt; German, Italian &lt;-&gt; German <\/strong>(74 documents) <\/td><td class=\"has-text-align-right\" data-align=\"right\">\u20ac 18.50<\/td><\/tr><tr><td>  <strong>Russian  &lt;-&gt; German, Russian &lt;-&gt; English <\/strong>(60 documents) <\/td><td class=\"has-text-align-right\" data-align=\"right\"> \u20ac 20.00<\/td><\/tr><\/tbody><\/table><\/figure>\n\n\n\n<h3 class=\"wp-block-heading\">  Divorce Decrees <\/h3>\n\n\n\n<figure class=\"wp-block-table is-style-stripes\"><table><tbody><tr><td> <strong>English  &lt;-&gt; German, French &lt;-&gt; German,<\/strong> <strong>Spanish  &lt;-&gt; German <\/strong>(29 documents) <\/td><td class=\"has-text-align-right\" data-align=\"right\">\u20ac 20.00<\/td><\/tr><\/tbody><\/table><\/figure>\n\n\n\n<h3 class=\"wp-block-heading\">  School leavers\u2019 Certificates, UAS and University Degree Certificates <\/h3>\n\n\n\n<figure class=\"wp-block-table is-style-stripes\"><table><tbody><tr><td>  <strong>English  &lt;-&gt; German, French&lt;-&gt; German <\/strong>(53 documents)  <\/td><td class=\"has-text-align-right\" data-align=\"right\">\u20ac 23.00<\/td><\/tr><tr><td>  <strong>Spanish  &lt;-&gt; German <\/strong>(23 documents) <\/td><td class=\"has-text-align-right\" data-align=\"right\">\u20ac 20.00<\/td><\/tr><\/tbody><\/table><\/figure>\n\n\n\n<h3 class=\"wp-block-heading\">  Commercial Register Extracts and Financial Statements <\/h3>\n\n\n\n<figure class=\"wp-block-table is-style-stripes\"><table><tbody><tr><td>  <strong>English  &lt;-&gt; German, French &lt;-&gt; German <\/strong>(13 documents) <\/td><td class=\"has-text-align-right\" data-align=\"right\">\u20ac 18.50<\/td><\/tr><\/tbody><\/table><\/figure>\n\n\n\n<h3 class=\"wp-block-heading\">  Notarial Deeds (marriage contracts, wills and testaments, powers of  attorney\u2026) <\/h3>\n\n\n\n<figure class=\"wp-block-table is-style-stripes\"><table><tbody><tr><td>  <strong>English  &lt;-&gt; German, French &lt;-&gt; German <\/strong>(39 documents) <\/td><td class=\"has-text-align-right\" data-align=\"right\">\u20ac 18.50<\/td><\/tr><tr><td>  <strong>Spanish  &lt;-&gt; German, Portuguese &lt;-&gt; German<\/strong> (43 documents) <\/td><td class=\"has-text-align-right\" data-align=\"right\">\u20ac 20.00<\/td><\/tr><\/tbody><\/table><\/figure>\n\n\n\n<h3 class=\"wp-block-heading\">  General terms and conditions <\/h3>\n\n\n\n<figure class=\"wp-block-table is-style-stripes\"><table><tbody><tr><td>  <strong>English  &lt;-&gt; German <\/strong>(15 documents) <\/td><td class=\"has-text-align-right\" data-align=\"right\">\u20ac 20.00<\/td><\/tr><\/tbody><\/table><\/figure>\n\n\n\n<h3 class=\"wp-block-heading\">  Employment contracts   <\/h3>\n\n\n\n<figure class=\"wp-block-table is-style-stripes\"><table><tbody><tr><td>   <strong>English  &lt;-&gt; German, French &lt;-&gt; German<\/strong> (21 documents)  <\/td><td class=\"has-text-align-right\" data-align=\"right\"> \u20ac 19.50<\/td><\/tr><\/tbody><\/table><\/figure>\n\n\n\n<h2 class=\"wp-block-heading\" id=\"bestellen\"> How to order <\/h2>\n\n\n\n<p> Only orders made in  writing are accepted. Our books and terminologies  are dispatched by cash on  delivery or  prepayment by bank transfer. All prices are full prices, including charges and VAT. <\/p>\n\n\n\n<p><strong>1) Order  by prepayment:<\/strong><br>Immediate dispatch on  receipt of the written order AND evidence of the successfully completed bank  transfer on receipt of payment. If no proof of bank transfer is attached to the order, your order will not be processed until the corresponding amount has been credited to our bank account.<br><br><strong>Bank  details:<\/strong><br>Postbank Saarbr\u00fccken, IBAN: DE02&nbsp;5901&nbsp;0066&nbsp;0018&nbsp;5176&nbsp;60, BIC: PBNKDEFF590,<br>Account holder: \u00dcbersetzungsb\u00fcro Dr.  Feix <\/p>\n\n\n\n<p><\/p>\n\n\n\n<p><strong>2)  Order by cash on delivery (only available within Germany):<\/strong><br>Immediate dispatch on  receipt of the written order with note  advising that the order should be  dispatched for cash on delivery.<br>In this case, a postal  charge to the amount of \u20ac&nbsp;5 is to be added to the total price.<br> If the package is too  large to be sent as a large letter, a postal  charge of \u20ac 6.50&nbsp;(large  letter plus excess weight charge) or \u20ac 12&nbsp;(packet) will be added,  depending on the weight. <br><\/p>\n\n\n\n<p> <strong>Dispatch  costs:<\/strong><br><strong>Germany:<\/strong> \u20ac 2.50 for packaging and dispatch<br><strong>Abroad:<\/strong>  \u20ac 2.50, plus the applicable additional postal charge for dispatch abroad <\/p>\n","protected":false},"excerpt":{"rendered":"<p>Terminology lists and translation templates We offer terminology lists as well as books containing translation templates from different fields and in different language combinations for sale, which have been compiled from original documents by native speakers. How to order &gt;&gt; Terminology lists Civil Registry Documents English &lt;-&gt; German (2436 entries) \u20ac 17.00 French &lt;-&gt; German&hellip;&nbsp;<a href=\"https:\/\/dr-feix.com\/en\/terminology-lists-translation-templates\/\" class=\"\" rel=\"bookmark\">Read More &raquo;<span class=\"screen-reader-text\">Terminology lists\/Translation templates<\/span><\/a><\/p>\n","protected":false},"author":2,"featured_media":0,"parent":0,"menu_order":0,"comment_status":"closed","ping_status":"closed","template":"","meta":{"_themeisle_gutenberg_block_has_review":false,"footnotes":""},"class_list":["post-132","page","type-page","status-publish","hentry"],"yoast_head":"<!-- This site is optimized with the Yoast SEO plugin v23.8 - https:\/\/yoast.com\/wordpress\/plugins\/seo\/ -->\n<title>Terminology lists\/Translation templates - Dr. Feix Translations<\/title>\n<meta name=\"robots\" content=\"index, follow, max-snippet:-1, max-image-preview:large, max-video-preview:-1\" \/>\n<link rel=\"canonical\" href=\"https:\/\/dr-feix.com\/en\/terminology-lists-translation-templates\/\" \/>\n<meta property=\"og:locale\" content=\"en_US\" \/>\n<meta property=\"og:type\" content=\"article\" \/>\n<meta property=\"og:title\" content=\"Terminology lists\/Translation templates - Dr. Feix Translations\" \/>\n<meta property=\"og:description\" content=\"Terminology lists and translation templates We offer terminology lists as well as books containing translation templates from different fields and in different language combinations for sale, which have been compiled from original documents by native speakers. How to order &gt;&gt; Terminology lists Civil Registry Documents English &lt;-&gt; German (2436 entries) \u20ac 17.00 French &lt;-&gt; German&hellip;&nbsp;Read More &raquo;Terminology lists\/Translation templates\" \/>\n<meta property=\"og:url\" content=\"https:\/\/dr-feix.com\/en\/terminology-lists-translation-templates\/\" \/>\n<meta property=\"og:site_name\" content=\"Dr. Feix Translations\" \/>\n<meta property=\"article:modified_time\" content=\"2021-09-30T13:36:30+00:00\" \/>\n<meta name=\"twitter:card\" content=\"summary_large_image\" \/>\n<meta name=\"twitter:label1\" content=\"Est. reading time\" \/>\n\t<meta name=\"twitter:data1\" content=\"3 minutes\" \/>\n<script type=\"application\/ld+json\" class=\"yoast-schema-graph\">{\"@context\":\"https:\/\/schema.org\",\"@graph\":[{\"@type\":\"WebPage\",\"@id\":\"https:\/\/dr-feix.com\/en\/terminology-lists-translation-templates\/\",\"url\":\"https:\/\/dr-feix.com\/en\/terminology-lists-translation-templates\/\",\"name\":\"Terminology lists\/Translation templates - Dr. Feix Translations\",\"isPartOf\":{\"@id\":\"https:\/\/dr-feix.com\/fr\/#website\"},\"datePublished\":\"2020-01-15T09:24:08+00:00\",\"dateModified\":\"2021-09-30T13:36:30+00:00\",\"breadcrumb\":{\"@id\":\"https:\/\/dr-feix.com\/en\/terminology-lists-translation-templates\/#breadcrumb\"},\"inLanguage\":\"en-US\",\"potentialAction\":[{\"@type\":\"ReadAction\",\"target\":[\"https:\/\/dr-feix.com\/en\/terminology-lists-translation-templates\/\"]}]},{\"@type\":\"BreadcrumbList\",\"@id\":\"https:\/\/dr-feix.com\/en\/terminology-lists-translation-templates\/#breadcrumb\",\"itemListElement\":[{\"@type\":\"ListItem\",\"position\":1,\"name\":\"Startseite\",\"item\":\"https:\/\/dr-feix.com\/en\/\"},{\"@type\":\"ListItem\",\"position\":2,\"name\":\"Terminology lists\/Translation templates\"}]},{\"@type\":\"WebSite\",\"@id\":\"https:\/\/dr-feix.com\/fr\/#website\",\"url\":\"https:\/\/dr-feix.com\/fr\/\",\"name\":\"Dr. Feix Translations\",\"description\":\"\u00dcbersetzungsb\u00fcro Dr. Feix\",\"publisher\":{\"@id\":\"https:\/\/dr-feix.com\/fr\/#organization\"},\"potentialAction\":[{\"@type\":\"SearchAction\",\"target\":{\"@type\":\"EntryPoint\",\"urlTemplate\":\"https:\/\/dr-feix.com\/fr\/?s={search_term_string}\"},\"query-input\":{\"@type\":\"PropertyValueSpecification\",\"valueRequired\":true,\"valueName\":\"search_term_string\"}}],\"inLanguage\":\"en-US\"},{\"@type\":\"Organization\",\"@id\":\"https:\/\/dr-feix.com\/fr\/#organization\",\"name\":\"Dr. Feix Translations\",\"url\":\"https:\/\/dr-feix.com\/fr\/\",\"logo\":{\"@type\":\"ImageObject\",\"inLanguage\":\"en-US\",\"@id\":\"https:\/\/dr-feix.com\/fr\/#\/schema\/logo\/image\/\",\"url\":\"https:\/\/dr-feix.com\/wp-content\/uploads\/2020\/04\/cropped-dr-feix-logo-fundo-transparente-24-04.png\",\"contentUrl\":\"https:\/\/dr-feix.com\/wp-content\/uploads\/2020\/04\/cropped-dr-feix-logo-fundo-transparente-24-04.png\",\"width\":500,\"height\":310,\"caption\":\"Dr. Feix Translations\"},\"image\":{\"@id\":\"https:\/\/dr-feix.com\/fr\/#\/schema\/logo\/image\/\"}}]}<\/script>\n<!-- \/ Yoast SEO plugin. -->","yoast_head_json":{"title":"Terminology lists\/Translation templates - Dr. Feix Translations","robots":{"index":"index","follow":"follow","max-snippet":"max-snippet:-1","max-image-preview":"max-image-preview:large","max-video-preview":"max-video-preview:-1"},"canonical":"https:\/\/dr-feix.com\/en\/terminology-lists-translation-templates\/","og_locale":"en_US","og_type":"article","og_title":"Terminology lists\/Translation templates - Dr. Feix Translations","og_description":"Terminology lists and translation templates We offer terminology lists as well as books containing translation templates from different fields and in different language combinations for sale, which have been compiled from original documents by native speakers. How to order &gt;&gt; Terminology lists Civil Registry Documents English &lt;-&gt; German (2436 entries) \u20ac 17.00 French &lt;-&gt; German&hellip;&nbsp;Read More &raquo;Terminology lists\/Translation templates","og_url":"https:\/\/dr-feix.com\/en\/terminology-lists-translation-templates\/","og_site_name":"Dr. Feix Translations","article_modified_time":"2021-09-30T13:36:30+00:00","twitter_card":"summary_large_image","twitter_misc":{"Est. reading time":"3 minutes"},"schema":{"@context":"https:\/\/schema.org","@graph":[{"@type":"WebPage","@id":"https:\/\/dr-feix.com\/en\/terminology-lists-translation-templates\/","url":"https:\/\/dr-feix.com\/en\/terminology-lists-translation-templates\/","name":"Terminology lists\/Translation templates - Dr. Feix Translations","isPartOf":{"@id":"https:\/\/dr-feix.com\/fr\/#website"},"datePublished":"2020-01-15T09:24:08+00:00","dateModified":"2021-09-30T13:36:30+00:00","breadcrumb":{"@id":"https:\/\/dr-feix.com\/en\/terminology-lists-translation-templates\/#breadcrumb"},"inLanguage":"en-US","potentialAction":[{"@type":"ReadAction","target":["https:\/\/dr-feix.com\/en\/terminology-lists-translation-templates\/"]}]},{"@type":"BreadcrumbList","@id":"https:\/\/dr-feix.com\/en\/terminology-lists-translation-templates\/#breadcrumb","itemListElement":[{"@type":"ListItem","position":1,"name":"Startseite","item":"https:\/\/dr-feix.com\/en\/"},{"@type":"ListItem","position":2,"name":"Terminology lists\/Translation templates"}]},{"@type":"WebSite","@id":"https:\/\/dr-feix.com\/fr\/#website","url":"https:\/\/dr-feix.com\/fr\/","name":"Dr. Feix Translations","description":"\u00dcbersetzungsb\u00fcro Dr. Feix","publisher":{"@id":"https:\/\/dr-feix.com\/fr\/#organization"},"potentialAction":[{"@type":"SearchAction","target":{"@type":"EntryPoint","urlTemplate":"https:\/\/dr-feix.com\/fr\/?s={search_term_string}"},"query-input":{"@type":"PropertyValueSpecification","valueRequired":true,"valueName":"search_term_string"}}],"inLanguage":"en-US"},{"@type":"Organization","@id":"https:\/\/dr-feix.com\/fr\/#organization","name":"Dr. Feix Translations","url":"https:\/\/dr-feix.com\/fr\/","logo":{"@type":"ImageObject","inLanguage":"en-US","@id":"https:\/\/dr-feix.com\/fr\/#\/schema\/logo\/image\/","url":"https:\/\/dr-feix.com\/wp-content\/uploads\/2020\/04\/cropped-dr-feix-logo-fundo-transparente-24-04.png","contentUrl":"https:\/\/dr-feix.com\/wp-content\/uploads\/2020\/04\/cropped-dr-feix-logo-fundo-transparente-24-04.png","width":500,"height":310,"caption":"Dr. Feix Translations"},"image":{"@id":"https:\/\/dr-feix.com\/fr\/#\/schema\/logo\/image\/"}}]}},"_links":{"self":[{"href":"https:\/\/dr-feix.com\/en\/wp-json\/wp\/v2\/pages\/132"}],"collection":[{"href":"https:\/\/dr-feix.com\/en\/wp-json\/wp\/v2\/pages"}],"about":[{"href":"https:\/\/dr-feix.com\/en\/wp-json\/wp\/v2\/types\/page"}],"author":[{"embeddable":true,"href":"https:\/\/dr-feix.com\/en\/wp-json\/wp\/v2\/users\/2"}],"replies":[{"embeddable":true,"href":"https:\/\/dr-feix.com\/en\/wp-json\/wp\/v2\/comments?post=132"}],"version-history":[{"count":10,"href":"https:\/\/dr-feix.com\/en\/wp-json\/wp\/v2\/pages\/132\/revisions"}],"predecessor-version":[{"id":529,"href":"https:\/\/dr-feix.com\/en\/wp-json\/wp\/v2\/pages\/132\/revisions\/529"}],"wp:attachment":[{"href":"https:\/\/dr-feix.com\/en\/wp-json\/wp\/v2\/media?parent=132"}],"curies":[{"name":"wp","href":"https:\/\/api.w.org\/{rel}","templated":true}]}}