{"id":91,"date":"2020-01-12T12:50:56","date_gmt":"2020-01-12T11:50:56","guid":{"rendered":"http:\/\/feix.ulrichgeber.de\/unternehmen\/"},"modified":"2020-03-10T16:16:35","modified_gmt":"2020-03-10T15:16:35","slug":"unternehmen","status":"publish","type":"page","link":"https:\/\/dr-feix.com\/en\/unternehmen\/","title":{"rendered":"About us"},"content":{"rendered":"\n<h2 class=\"wp-block-heading\">\u00dcbersetzungsb\u00fcro Dr. Feix<\/h2>\n\n\n\n<p>\u00dcbersetzungsb\u00fcro Dr. Feix is a renowned translation agency with more than 30 years\u2019 experience. Our main office is based in Saarbr\u00fccken-Dudweiler in southwest Germany.<br>Working in close collaboration with our long-established partner in Sarreguemines (France), we offer high-quality translation and interpreting services, meeting the wishes and needs of our private and commercial clients.<br>We count more than 350 notable businesses among our contented client base, both within Germany and abroad, from the fields of commerce, industry, trade, science, medicine and research.<br>We expressly employ native speakers, who are experts in the relevant specialist areas. That way we are in a position to provide our clients with perfect technical translations, as well as appropriately adapted marketing texts that are tailor-made for the market situation in the applicable country. <\/p>\n","protected":false},"excerpt":{"rendered":"<p>\u00dcbersetzungsb\u00fcro Dr. Feix \u00dcbersetzungsb\u00fcro Dr. Feix is a renowned translation agency with more than 30 years\u2019 experience. Our main office is based in Saarbr\u00fccken-Dudweiler in southwest Germany.Working in close collaboration with our long-established partner in Sarreguemines (France), we offer high-quality translation and interpreting services, meeting the wishes and needs of our private and commercial clients.We&hellip;&nbsp;<a href=\"https:\/\/dr-feix.com\/en\/unternehmen\/\" class=\"\" rel=\"bookmark\">Read More &raquo;<span class=\"screen-reader-text\">About us<\/span><\/a><\/p>\n","protected":false},"author":2,"featured_media":0,"parent":0,"menu_order":0,"comment_status":"closed","ping_status":"closed","template":"","meta":{"_themeisle_gutenberg_block_has_review":false,"footnotes":""},"class_list":["post-91","page","type-page","status-publish","hentry"],"yoast_head":"<!-- This site is optimized with the Yoast SEO plugin v23.8 - https:\/\/yoast.com\/wordpress\/plugins\/seo\/ -->\n<title>About us - Dr. Feix Translations<\/title>\n<meta name=\"robots\" content=\"index, follow, max-snippet:-1, max-image-preview:large, max-video-preview:-1\" \/>\n<link rel=\"canonical\" href=\"https:\/\/dr-feix.com\/en\/unternehmen\/\" \/>\n<meta property=\"og:locale\" content=\"en_US\" \/>\n<meta property=\"og:type\" content=\"article\" \/>\n<meta property=\"og:title\" content=\"About us - Dr. Feix Translations\" \/>\n<meta property=\"og:description\" content=\"\u00dcbersetzungsb\u00fcro Dr. Feix \u00dcbersetzungsb\u00fcro Dr. Feix is a renowned translation agency with more than 30 years\u2019 experience. Our main office is based in Saarbr\u00fccken-Dudweiler in southwest Germany.Working in close collaboration with our long-established partner in Sarreguemines (France), we offer high-quality translation and interpreting services, meeting the wishes and needs of our private and commercial clients.We&hellip;&nbsp;Read More &raquo;About us\" \/>\n<meta property=\"og:url\" content=\"https:\/\/dr-feix.com\/en\/unternehmen\/\" \/>\n<meta property=\"og:site_name\" content=\"Dr. Feix Translations\" \/>\n<meta property=\"article:modified_time\" content=\"2020-03-10T15:16:35+00:00\" \/>\n<meta name=\"twitter:card\" content=\"summary_large_image\" \/>\n<meta name=\"twitter:label1\" content=\"Est. reading time\" \/>\n\t<meta name=\"twitter:data1\" content=\"1 minute\" \/>\n<script type=\"application\/ld+json\" class=\"yoast-schema-graph\">{\"@context\":\"https:\/\/schema.org\",\"@graph\":[{\"@type\":\"WebPage\",\"@id\":\"https:\/\/dr-feix.com\/en\/unternehmen\/\",\"url\":\"https:\/\/dr-feix.com\/en\/unternehmen\/\",\"name\":\"About us - Dr. Feix Translations\",\"isPartOf\":{\"@id\":\"https:\/\/dr-feix.com\/fr\/#website\"},\"datePublished\":\"2020-01-12T11:50:56+00:00\",\"dateModified\":\"2020-03-10T15:16:35+00:00\",\"breadcrumb\":{\"@id\":\"https:\/\/dr-feix.com\/en\/unternehmen\/#breadcrumb\"},\"inLanguage\":\"en-US\",\"potentialAction\":[{\"@type\":\"ReadAction\",\"target\":[\"https:\/\/dr-feix.com\/en\/unternehmen\/\"]}]},{\"@type\":\"BreadcrumbList\",\"@id\":\"https:\/\/dr-feix.com\/en\/unternehmen\/#breadcrumb\",\"itemListElement\":[{\"@type\":\"ListItem\",\"position\":1,\"name\":\"Startseite\",\"item\":\"https:\/\/dr-feix.com\/en\/\"},{\"@type\":\"ListItem\",\"position\":2,\"name\":\"About us\"}]},{\"@type\":\"WebSite\",\"@id\":\"https:\/\/dr-feix.com\/fr\/#website\",\"url\":\"https:\/\/dr-feix.com\/fr\/\",\"name\":\"Dr. Feix Translations\",\"description\":\"\u00dcbersetzungsb\u00fcro Dr. Feix\",\"publisher\":{\"@id\":\"https:\/\/dr-feix.com\/fr\/#organization\"},\"potentialAction\":[{\"@type\":\"SearchAction\",\"target\":{\"@type\":\"EntryPoint\",\"urlTemplate\":\"https:\/\/dr-feix.com\/fr\/?s={search_term_string}\"},\"query-input\":{\"@type\":\"PropertyValueSpecification\",\"valueRequired\":true,\"valueName\":\"search_term_string\"}}],\"inLanguage\":\"en-US\"},{\"@type\":\"Organization\",\"@id\":\"https:\/\/dr-feix.com\/fr\/#organization\",\"name\":\"Dr. Feix Translations\",\"url\":\"https:\/\/dr-feix.com\/fr\/\",\"logo\":{\"@type\":\"ImageObject\",\"inLanguage\":\"en-US\",\"@id\":\"https:\/\/dr-feix.com\/fr\/#\/schema\/logo\/image\/\",\"url\":\"https:\/\/dr-feix.com\/wp-content\/uploads\/2020\/04\/cropped-dr-feix-logo-fundo-transparente-24-04.png\",\"contentUrl\":\"https:\/\/dr-feix.com\/wp-content\/uploads\/2020\/04\/cropped-dr-feix-logo-fundo-transparente-24-04.png\",\"width\":500,\"height\":310,\"caption\":\"Dr. Feix Translations\"},\"image\":{\"@id\":\"https:\/\/dr-feix.com\/fr\/#\/schema\/logo\/image\/\"}}]}<\/script>\n<!-- \/ Yoast SEO plugin. -->","yoast_head_json":{"title":"About us - Dr. Feix Translations","robots":{"index":"index","follow":"follow","max-snippet":"max-snippet:-1","max-image-preview":"max-image-preview:large","max-video-preview":"max-video-preview:-1"},"canonical":"https:\/\/dr-feix.com\/en\/unternehmen\/","og_locale":"en_US","og_type":"article","og_title":"About us - Dr. Feix Translations","og_description":"\u00dcbersetzungsb\u00fcro Dr. Feix \u00dcbersetzungsb\u00fcro Dr. Feix is a renowned translation agency with more than 30 years\u2019 experience. Our main office is based in Saarbr\u00fccken-Dudweiler in southwest Germany.Working in close collaboration with our long-established partner in Sarreguemines (France), we offer high-quality translation and interpreting services, meeting the wishes and needs of our private and commercial clients.We&hellip;&nbsp;Read More &raquo;About us","og_url":"https:\/\/dr-feix.com\/en\/unternehmen\/","og_site_name":"Dr. Feix Translations","article_modified_time":"2020-03-10T15:16:35+00:00","twitter_card":"summary_large_image","twitter_misc":{"Est. reading time":"1 minute"},"schema":{"@context":"https:\/\/schema.org","@graph":[{"@type":"WebPage","@id":"https:\/\/dr-feix.com\/en\/unternehmen\/","url":"https:\/\/dr-feix.com\/en\/unternehmen\/","name":"About us - Dr. Feix Translations","isPartOf":{"@id":"https:\/\/dr-feix.com\/fr\/#website"},"datePublished":"2020-01-12T11:50:56+00:00","dateModified":"2020-03-10T15:16:35+00:00","breadcrumb":{"@id":"https:\/\/dr-feix.com\/en\/unternehmen\/#breadcrumb"},"inLanguage":"en-US","potentialAction":[{"@type":"ReadAction","target":["https:\/\/dr-feix.com\/en\/unternehmen\/"]}]},{"@type":"BreadcrumbList","@id":"https:\/\/dr-feix.com\/en\/unternehmen\/#breadcrumb","itemListElement":[{"@type":"ListItem","position":1,"name":"Startseite","item":"https:\/\/dr-feix.com\/en\/"},{"@type":"ListItem","position":2,"name":"About us"}]},{"@type":"WebSite","@id":"https:\/\/dr-feix.com\/fr\/#website","url":"https:\/\/dr-feix.com\/fr\/","name":"Dr. Feix Translations","description":"\u00dcbersetzungsb\u00fcro Dr. Feix","publisher":{"@id":"https:\/\/dr-feix.com\/fr\/#organization"},"potentialAction":[{"@type":"SearchAction","target":{"@type":"EntryPoint","urlTemplate":"https:\/\/dr-feix.com\/fr\/?s={search_term_string}"},"query-input":{"@type":"PropertyValueSpecification","valueRequired":true,"valueName":"search_term_string"}}],"inLanguage":"en-US"},{"@type":"Organization","@id":"https:\/\/dr-feix.com\/fr\/#organization","name":"Dr. Feix Translations","url":"https:\/\/dr-feix.com\/fr\/","logo":{"@type":"ImageObject","inLanguage":"en-US","@id":"https:\/\/dr-feix.com\/fr\/#\/schema\/logo\/image\/","url":"https:\/\/dr-feix.com\/wp-content\/uploads\/2020\/04\/cropped-dr-feix-logo-fundo-transparente-24-04.png","contentUrl":"https:\/\/dr-feix.com\/wp-content\/uploads\/2020\/04\/cropped-dr-feix-logo-fundo-transparente-24-04.png","width":500,"height":310,"caption":"Dr. Feix Translations"},"image":{"@id":"https:\/\/dr-feix.com\/fr\/#\/schema\/logo\/image\/"}}]}},"_links":{"self":[{"href":"https:\/\/dr-feix.com\/en\/wp-json\/wp\/v2\/pages\/91"}],"collection":[{"href":"https:\/\/dr-feix.com\/en\/wp-json\/wp\/v2\/pages"}],"about":[{"href":"https:\/\/dr-feix.com\/en\/wp-json\/wp\/v2\/types\/page"}],"author":[{"embeddable":true,"href":"https:\/\/dr-feix.com\/en\/wp-json\/wp\/v2\/users\/2"}],"replies":[{"embeddable":true,"href":"https:\/\/dr-feix.com\/en\/wp-json\/wp\/v2\/comments?post=91"}],"version-history":[{"count":3,"href":"https:\/\/dr-feix.com\/en\/wp-json\/wp\/v2\/pages\/91\/revisions"}],"predecessor-version":[{"id":332,"href":"https:\/\/dr-feix.com\/en\/wp-json\/wp\/v2\/pages\/91\/revisions\/332"}],"wp:attachment":[{"href":"https:\/\/dr-feix.com\/en\/wp-json\/wp\/v2\/media?parent=91"}],"curies":[{"name":"wp","href":"https:\/\/api.w.org\/{rel}","templated":true}]}}