{"id":101,"date":"2020-01-12T12:52:28","date_gmt":"2020-01-12T11:52:28","guid":{"rendered":"http:\/\/feix.ulrichgeber.de\/arbeitsweise\/"},"modified":"2021-10-07T15:29:01","modified_gmt":"2021-10-07T13:29:01","slug":"arbeitsweise","status":"publish","type":"page","link":"https:\/\/dr-feix.com\/fr\/arbeitsweise\/","title":{"rendered":"M\u00e9thodes de travail"},"content":{"rendered":"\n<h2 class=\"wp-block-heading\">Notre force&nbsp;: la qualit\u00e9 <\/h2>\n\n\n\n<p> Nous  assurons au client des traductions d\u2019excellente qualit\u00e9, livr\u00e9es  selon le d\u00e9lai  \u00e9tabli et dans tous les formats courants pour PC et  Macintosh. Si besoin est,  nous vous livrons cl\u00e9s en mains vos documents  traduits, c&rsquo;est-\u00e0-dire une  version pr\u00eate \u00e0 \u00eatre imprim\u00e9e dans ladite  langue \u00e9trang\u00e8re sur support  informatique ou bien par Internet. <\/p>\n\n\n\n<h2 class=\"wp-block-heading\">Des traducteurs dipl\u00f4m\u00e9s et asserment\u00e9s <\/h2>\n\n\n\n<p>Issus pour la plupart d\u2019\u00e9coles et d\u2019instituts de traduction et d\u2019interpr\u00e9tation, nos traducteurs b\u00e9n\u00e9ficient d\u2019une exp\u00e9rience professionnelle de nombreuses ann\u00e9es et ont su se sp\u00e9cialiser dans des domaines divers en travaillant main dans la main avec des professionnels du monde de la m\u00e9decine, du droit, et de l\u2019industrie notamment.<br>Nous collaborons \u00e9galement avec un large r\u00e9seau de traducteurs bilingues, professionnels et sp\u00e9cialis\u00e9s, scrupuleusement s\u00e9lectionn\u00e9s.<\/p>\n\n\n\n<p> Notre  \u00e9quipe de traducteurs et d&rsquo;interpr\u00e8tes en interne est  asserment\u00e9es pour six  langues d\u2019Europe occidentale (fran\u00e7ais, allemand, anglais, italien, espagnol, portugais) ainsi que pour le  russe. Nous comptons aussi des  traducteurs qualifi\u00e9s pour de nombreuses  autres langues, m\u00eame rares. <\/p>\n\n\n\n<h2 class=\"wp-block-heading\">Une approche personnelle <\/h2>\n\n\n\n<p> Il n\u2019est  pas rare que nous nous d\u00e9placions chez nos clients pour nous  entendre sur des  projets de plus grande ampleur ou en vue de la  pr\u00e9paration d\u2019un salon. En  effet, l\u2019approche personnelle est selon nous  une des cl\u00e9s menant \u00e0 une  collaboration fructueuse. <\/p>\n\n\n\n<h2 class=\"wp-block-heading\">Un mat\u00e9riel informatique et des logiciels modernes <\/h2>\n\n\n\n<p> Le  niveau de comp\u00e9tence de nos collaborateurs reste le facteur  essentiel de la  qualit\u00e9 exceptionnelle de nos traductions. Un mat\u00e9riel  informatique et des  logiciels constamment mis \u00e0 jour viennent supporter  notre travail. Afin d\u2019\u00eatre encore plus efficaces, nous utilisons un syst\u00e8me de m\u00e9moire de traduction performant. <br>Nous travaillons avec les versions les plus r\u00e9centes de tous les  programmes de  traitement de texte et de mise en page.<br> Pour ne pas nous laisser d\u00e9passer par des fichiers de plus en plus  volumineux,  nous actualisons en permanence notre syst\u00e8me informatique. <\/p>\n\n\n\n<h2 class=\"wp-block-heading\">TAO : qualit\u00e9 garantie tout au long du processus de traduction <\/h2>\n\n\n\n<p>Nous utilisons un outil de TAO (traduction assist\u00e9e par ordinateur, \u00e0 distinguer de la TA \u2013 traduction automatique) pl\u00e9biscit\u00e9 par plus de 250 000 professionnels de la traduction, int\u00e9grant un \u00e9ventail de fonctions \u00e9volu\u00e9es permettant de r\u00e9aliser des projets de traduction offrant un rendu final d\u2019une qualit\u00e9 irr\u00e9prochable. La technologie de m\u00e9moire de traduction permet de r\u00e9utiliser \u00e0 l\u2019infini les contenus d\u00e9j\u00e0 traduits et de r\u00e9duire ainsi consid\u00e9rablement les d\u00e9lais n\u00e9cessaires aux projets de traduction tout en garantissant une qualit\u00e9 \u00e9lev\u00e9e. Ce logiciel int\u00e8gre des m\u00e9moires de traduction et des fonctionnalit\u00e9s terminologiques permettant de garantir la coh\u00e9rence, le ton et la qualit\u00e9 des contenus dans toutes les langues. <\/p>\n\n\n\n<h2 class=\"wp-block-heading\"><strong><em>Code de d\u00e9ontologie<\/em><\/strong><\/h2>\n\n\n\n<p>Nous nous engageons \u00e0 exercer notre mission avec probit\u00e9 et int\u00e9grit\u00e9, et \u00e0 travailler dans les r\u00e8gles de l\u2019art\u00a0:<\/p>\n\n\n\n<ul class=\"wp-block-list\"><li> en restituant fid\u00e8lement le message du document qui nous est confi\u00e9.<\/li><li> en disposant des connaissances et des comp\u00e9tences requises dans le domaine de sp\u00e9cialit\u00e9 de la mission<\/li><li> en nous documentant en vue d\u2019une parfaite compr\u00e9hension et restitution des documents \u00e0 traduire<\/li><li> <strong>confidentialit\u00e9<\/strong> : quel que soit le type de document qui nous parvienne, nous sommes tenus \u00e0 la plus stricte confidentialit\u00e9. Nous observons donc le secret professionnel non seulement pour ce qui est du travail de traduction mais aussi en mati\u00e8re de mise en page et par la suite, lors de l\u2019archivage. Ceci peut bien s\u00fbr \u00eatre confirm\u00e9 au client par un document s\u00e9par\u00e9 et sur sa simple demande. <\/li><\/ul>\n\n\n\n<p><\/p>\n","protected":false},"excerpt":{"rendered":"<p>Notre force&nbsp;: la qualit\u00e9 Nous assurons au client des traductions d\u2019excellente qualit\u00e9, livr\u00e9es selon le d\u00e9lai \u00e9tabli et dans tous les formats courants pour PC et Macintosh. Si besoin est, nous vous livrons cl\u00e9s en mains vos documents traduits, c&rsquo;est-\u00e0-dire une version pr\u00eate \u00e0 \u00eatre imprim\u00e9e dans ladite langue \u00e9trang\u00e8re sur support informatique ou bien&hellip;&nbsp;<a href=\"https:\/\/dr-feix.com\/fr\/arbeitsweise\/\" class=\"\" rel=\"bookmark\">Lire la suite &raquo;<span class=\"screen-reader-text\">M\u00e9thodes de travail<\/span><\/a><\/p>\n","protected":false},"author":2,"featured_media":0,"parent":0,"menu_order":0,"comment_status":"closed","ping_status":"closed","template":"","meta":{"_themeisle_gutenberg_block_has_review":false,"footnotes":""},"class_list":["post-101","page","type-page","status-publish","hentry"],"yoast_head":"<!-- This site is optimized with the Yoast SEO plugin v23.8 - https:\/\/yoast.com\/wordpress\/plugins\/seo\/ -->\n<title>M\u00e9thodes de travail - Dr. Feix Translations<\/title>\n<meta name=\"robots\" content=\"index, follow, max-snippet:-1, max-image-preview:large, max-video-preview:-1\" \/>\n<link rel=\"canonical\" href=\"https:\/\/dr-feix.com\/arbeitsweise\/\" \/>\n<meta property=\"og:locale\" content=\"fr_FR\" \/>\n<meta property=\"og:type\" content=\"article\" \/>\n<meta property=\"og:title\" content=\"M\u00e9thodes de travail - Dr. Feix Translations\" \/>\n<meta property=\"og:description\" content=\"Notre force&nbsp;: la qualit\u00e9 Nous assurons au client des traductions d\u2019excellente qualit\u00e9, livr\u00e9es selon le d\u00e9lai \u00e9tabli et dans tous les formats courants pour PC et Macintosh. Si besoin est, nous vous livrons cl\u00e9s en mains vos documents traduits, c&rsquo;est-\u00e0-dire une version pr\u00eate \u00e0 \u00eatre imprim\u00e9e dans ladite langue \u00e9trang\u00e8re sur support informatique ou bien&hellip;&nbsp;Lire la suite &raquo;M\u00e9thodes de travail\" \/>\n<meta property=\"og:url\" content=\"https:\/\/dr-feix.com\/arbeitsweise\/\" \/>\n<meta property=\"og:site_name\" content=\"Dr. Feix Translations\" \/>\n<meta property=\"article:modified_time\" content=\"2021-10-07T13:29:01+00:00\" \/>\n<meta name=\"twitter:card\" content=\"summary_large_image\" \/>\n<meta name=\"twitter:label1\" content=\"Dur\u00e9e de lecture estim\u00e9e\" \/>\n\t<meta name=\"twitter:data1\" content=\"3 minutes\" \/>\n<script type=\"application\/ld+json\" class=\"yoast-schema-graph\">{\"@context\":\"https:\/\/schema.org\",\"@graph\":[{\"@type\":\"WebPage\",\"@id\":\"https:\/\/dr-feix.com\/arbeitsweise\/\",\"url\":\"https:\/\/dr-feix.com\/arbeitsweise\/\",\"name\":\"M\u00e9thodes de travail - Dr. Feix Translations\",\"isPartOf\":{\"@id\":\"https:\/\/dr-feix.com\/fr\/#website\"},\"datePublished\":\"2020-01-12T11:52:28+00:00\",\"dateModified\":\"2021-10-07T13:29:01+00:00\",\"breadcrumb\":{\"@id\":\"https:\/\/dr-feix.com\/arbeitsweise\/#breadcrumb\"},\"inLanguage\":\"fr-FR\",\"potentialAction\":[{\"@type\":\"ReadAction\",\"target\":[\"https:\/\/dr-feix.com\/arbeitsweise\/\"]}]},{\"@type\":\"BreadcrumbList\",\"@id\":\"https:\/\/dr-feix.com\/arbeitsweise\/#breadcrumb\",\"itemListElement\":[{\"@type\":\"ListItem\",\"position\":1,\"name\":\"Startseite\",\"item\":\"https:\/\/dr-feix.com\/fr\/\"},{\"@type\":\"ListItem\",\"position\":2,\"name\":\"M\u00e9thodes de travail\"}]},{\"@type\":\"WebSite\",\"@id\":\"https:\/\/dr-feix.com\/fr\/#website\",\"url\":\"https:\/\/dr-feix.com\/fr\/\",\"name\":\"Dr. Feix Translations\",\"description\":\"\u00dcbersetzungsb\u00fcro Dr. Feix\",\"publisher\":{\"@id\":\"https:\/\/dr-feix.com\/fr\/#organization\"},\"potentialAction\":[{\"@type\":\"SearchAction\",\"target\":{\"@type\":\"EntryPoint\",\"urlTemplate\":\"https:\/\/dr-feix.com\/fr\/?s={search_term_string}\"},\"query-input\":{\"@type\":\"PropertyValueSpecification\",\"valueRequired\":true,\"valueName\":\"search_term_string\"}}],\"inLanguage\":\"fr-FR\"},{\"@type\":\"Organization\",\"@id\":\"https:\/\/dr-feix.com\/fr\/#organization\",\"name\":\"Dr. Feix Translations\",\"url\":\"https:\/\/dr-feix.com\/fr\/\",\"logo\":{\"@type\":\"ImageObject\",\"inLanguage\":\"fr-FR\",\"@id\":\"https:\/\/dr-feix.com\/fr\/#\/schema\/logo\/image\/\",\"url\":\"https:\/\/dr-feix.com\/wp-content\/uploads\/2020\/04\/cropped-dr-feix-logo-fundo-transparente-24-04.png\",\"contentUrl\":\"https:\/\/dr-feix.com\/wp-content\/uploads\/2020\/04\/cropped-dr-feix-logo-fundo-transparente-24-04.png\",\"width\":500,\"height\":310,\"caption\":\"Dr. Feix Translations\"},\"image\":{\"@id\":\"https:\/\/dr-feix.com\/fr\/#\/schema\/logo\/image\/\"}}]}<\/script>\n<!-- \/ Yoast SEO plugin. -->","yoast_head_json":{"title":"M\u00e9thodes de travail - Dr. Feix Translations","robots":{"index":"index","follow":"follow","max-snippet":"max-snippet:-1","max-image-preview":"max-image-preview:large","max-video-preview":"max-video-preview:-1"},"canonical":"https:\/\/dr-feix.com\/arbeitsweise\/","og_locale":"fr_FR","og_type":"article","og_title":"M\u00e9thodes de travail - Dr. Feix Translations","og_description":"Notre force&nbsp;: la qualit\u00e9 Nous assurons au client des traductions d\u2019excellente qualit\u00e9, livr\u00e9es selon le d\u00e9lai \u00e9tabli et dans tous les formats courants pour PC et Macintosh. Si besoin est, nous vous livrons cl\u00e9s en mains vos documents traduits, c&rsquo;est-\u00e0-dire une version pr\u00eate \u00e0 \u00eatre imprim\u00e9e dans ladite langue \u00e9trang\u00e8re sur support informatique ou bien&hellip;&nbsp;Lire la suite &raquo;M\u00e9thodes de travail","og_url":"https:\/\/dr-feix.com\/arbeitsweise\/","og_site_name":"Dr. Feix Translations","article_modified_time":"2021-10-07T13:29:01+00:00","twitter_card":"summary_large_image","twitter_misc":{"Dur\u00e9e de lecture estim\u00e9e":"3 minutes"},"schema":{"@context":"https:\/\/schema.org","@graph":[{"@type":"WebPage","@id":"https:\/\/dr-feix.com\/arbeitsweise\/","url":"https:\/\/dr-feix.com\/arbeitsweise\/","name":"M\u00e9thodes de travail - Dr. Feix Translations","isPartOf":{"@id":"https:\/\/dr-feix.com\/fr\/#website"},"datePublished":"2020-01-12T11:52:28+00:00","dateModified":"2021-10-07T13:29:01+00:00","breadcrumb":{"@id":"https:\/\/dr-feix.com\/arbeitsweise\/#breadcrumb"},"inLanguage":"fr-FR","potentialAction":[{"@type":"ReadAction","target":["https:\/\/dr-feix.com\/arbeitsweise\/"]}]},{"@type":"BreadcrumbList","@id":"https:\/\/dr-feix.com\/arbeitsweise\/#breadcrumb","itemListElement":[{"@type":"ListItem","position":1,"name":"Startseite","item":"https:\/\/dr-feix.com\/fr\/"},{"@type":"ListItem","position":2,"name":"M\u00e9thodes de travail"}]},{"@type":"WebSite","@id":"https:\/\/dr-feix.com\/fr\/#website","url":"https:\/\/dr-feix.com\/fr\/","name":"Dr. Feix Translations","description":"\u00dcbersetzungsb\u00fcro Dr. Feix","publisher":{"@id":"https:\/\/dr-feix.com\/fr\/#organization"},"potentialAction":[{"@type":"SearchAction","target":{"@type":"EntryPoint","urlTemplate":"https:\/\/dr-feix.com\/fr\/?s={search_term_string}"},"query-input":{"@type":"PropertyValueSpecification","valueRequired":true,"valueName":"search_term_string"}}],"inLanguage":"fr-FR"},{"@type":"Organization","@id":"https:\/\/dr-feix.com\/fr\/#organization","name":"Dr. Feix Translations","url":"https:\/\/dr-feix.com\/fr\/","logo":{"@type":"ImageObject","inLanguage":"fr-FR","@id":"https:\/\/dr-feix.com\/fr\/#\/schema\/logo\/image\/","url":"https:\/\/dr-feix.com\/wp-content\/uploads\/2020\/04\/cropped-dr-feix-logo-fundo-transparente-24-04.png","contentUrl":"https:\/\/dr-feix.com\/wp-content\/uploads\/2020\/04\/cropped-dr-feix-logo-fundo-transparente-24-04.png","width":500,"height":310,"caption":"Dr. Feix Translations"},"image":{"@id":"https:\/\/dr-feix.com\/fr\/#\/schema\/logo\/image\/"}}]}},"_links":{"self":[{"href":"https:\/\/dr-feix.com\/fr\/wp-json\/wp\/v2\/pages\/101"}],"collection":[{"href":"https:\/\/dr-feix.com\/fr\/wp-json\/wp\/v2\/pages"}],"about":[{"href":"https:\/\/dr-feix.com\/fr\/wp-json\/wp\/v2\/types\/page"}],"author":[{"embeddable":true,"href":"https:\/\/dr-feix.com\/fr\/wp-json\/wp\/v2\/users\/2"}],"replies":[{"embeddable":true,"href":"https:\/\/dr-feix.com\/fr\/wp-json\/wp\/v2\/comments?post=101"}],"version-history":[{"count":6,"href":"https:\/\/dr-feix.com\/fr\/wp-json\/wp\/v2\/pages\/101\/revisions"}],"predecessor-version":[{"id":549,"href":"https:\/\/dr-feix.com\/fr\/wp-json\/wp\/v2\/pages\/101\/revisions\/549"}],"wp:attachment":[{"href":"https:\/\/dr-feix.com\/fr\/wp-json\/wp\/v2\/media?parent=101"}],"curies":[{"name":"wp","href":"https:\/\/api.w.org\/{rel}","templated":true}]}}