{"id":115,"date":"2020-01-12T12:53:42","date_gmt":"2020-01-12T11:53:42","guid":{"rendered":"http:\/\/feix.ulrichgeber.de\/leistungen\/"},"modified":"2021-10-07T15:47:33","modified_gmt":"2021-10-07T13:47:33","slug":"prestations","status":"publish","type":"page","link":"https:\/\/dr-feix.com\/fr\/prestations\/","title":{"rendered":"Prestations"},"content":{"rendered":"\n<div class=\"wp-block-columns is-layout-flex wp-container-core-columns-is-layout-1 wp-block-columns-is-layout-flex\">\n<div class=\"wp-block-column is-layout-flow wp-block-column-is-layout-flow\" style=\"flex-basis:33.33%\">\n<ul class=\"wp-block-list\"><li><a href=\"#fachuebersetzungen\">Traductions sp\u00e9cialis\u00e9es<\/a> <\/li><li><a href=\"#beglaubigte\">Traductions certifi\u00e9es conformes<\/a> <\/li><li><a href=\"#Relecture\">Relecture<\/a><\/li><li><a href=\"#fotosatz\">PAO<\/a><\/li><li><a href=\"#asiatische\">Langues asiatiques<\/a> <\/li><li><a href=\"#dolmetschen\">Interpr\u00e9tariat<\/a> <\/li><li><a href=\"#seminar\">S\u00e9minaires<\/a> <\/li><\/ul>\n<\/div>\n\n\n\n<div class=\"wp-block-column is-layout-flow wp-block-column-is-layout-flow\" style=\"flex-basis:66.66%\">\n<h2 class=\"wp-block-heading\"> Textes sp\u00e9cialis\u00e9s et publicitaires <\/h2>\n\n\n\n<p> Gr\u00e2ce \u00e0  notre large \u00e9quipe de collaborateurs hautement qualifi\u00e9s, nous  sommes en mesure  de couvrir tous les domaines de sp\u00e9cialisation comme  par exemple l&rsquo;\u00e9conomie, le  droit, le technique et ceci dans toutes les  langues. <\/p>\n\n\n\n<h2 class=\"wp-block-heading\" id=\"fachuebersetzungen\"> Traductions sp\u00e9cialis\u00e9es <\/h2>\n\n\n\n<p> Des  connaissances en langues ne sont pas suffisantes lorsqu\u2019il s\u2019agit  de transposer  d\u2019une langue \u00e0 une autre la vari\u00e9t\u00e9 des th\u00e8mes propre \u00e0  un domaine de  sp\u00e9cialisation. Des comp\u00e9tences sp\u00e9cifiques dans de tels  domaines sont  indispensables.<br> Pour cette raison, nous travaillons pour chaque langue avec de nombreux   traducteurs ou sp\u00e9cialistes bilingues qui ne traduisent que dans leur  domaine  de sp\u00e9cialisation et vers leur langue maternelle. <\/p>\n<\/div>\n<\/div>\n\n\n\n<h2 class=\"wp-block-heading\"> Textes techniques <\/h2>\n\n\n\n<p> Nos  traducteurs, (ing\u00e9nieurs dipl\u00f4m\u00e9s, techniciens, scientifiques etc.)  travaillent  chaque jour \u00e0 faire avancer les technologies. Ils sont  ainsi toujours au fait  de la terminologie en vigueur. Ils traduisent  dans la langue propre au domaine  du technique et employ\u00e9e par les  sp\u00e9cialistes.<br> Qu\u2019il s\u2019agisse d\u2019\u00e9lectrotechnique\/d\u2019\u00e9lectronique, d\u2019informatique  (mat\u00e9riel et  logiciel), des technologies de l\u2019information ou de  communication, de g\u00e9nies  m\u00e9canique, automobile climatique ou  \u00e9cologique, de techniques sanitaire, de  chauffage, de mesure, de  commande et de r\u00e9gulation, de chimie ou encore de  mati\u00e8res plastiques,  pour ne citer que quelques domaines, nous faisons \u00e0 chaque  fois appel \u00e0  des traducteurs disposant des connaissances n\u00e9cessaires.&nbsp; Un niveau de  qualit\u00e9 \u00e9lev\u00e9 est de cette  mani\u00e8re assur\u00e9 en permanence. <\/p>\n\n\n\n<h2 class=\"wp-block-heading\"> Internet<\/h2>\n\n\n\n<p> De par  Internet, produit de la mondialisation par excellence, un tout  nouveau domaine ouvert \u00e0 la traduction  a fait surface. Notre agence est  en mesure de traduire vers la langue souhait\u00e9e  l\u2019ensemble du site  Internet d&rsquo;une soci\u00e9t\u00e9 et le cas \u00e9ch\u00e9ant, de renvoyer au  client les  fichiers HTML correspondants.<br> Nous ma\u00eetrisons \u00e9galement la traduction de documents Internet avec les  programmes courants. <\/p>\n\n\n\n<h2 class=\"wp-block-heading\"> Textes \u00e9conomiques et propres \u00e0 l\u2019industrie <\/h2>\n\n\n\n<p> La  traduction de contrats, de rapports d&rsquo;entreprise, de bilans, de  conditions de  vente ou de documents similaires r\u00e9clame de l&rsquo;exp\u00e9rience  et des connaissances  approfondies dans ces domaines. Pour ceci  \u00e9galement, nous disposons de  sp\u00e9cialistes. <\/p>\n\n\n\n<h2 class=\"wp-block-heading\"> Textes juridiques <\/h2>\n\n\n\n<p> Il est  difficile de trouver un jargon aussi complexe que celui employ\u00e9  par les  juristes. Chaque \u00e9crit, qu\u2019il soit bref ou d\u00e9taill\u00e9, impose une  clart\u00e9 et une  pr\u00e9cision extr\u00eames. Nous travaillons avec des experts dont les comp\u00e9tences professionnelles et les  aptitudes \u00e0 traduire  sont la garantie d\u2019une fiabilit\u00e9 absolue dans  l\u2019emploi de la terminologie  juridique. <\/p>\n\n\n\n<h2 class=\"wp-block-heading\"> Textes scientifiques et recherche <\/h2>\n\n\n\n<p> Des  scientifiques du monde entier \u00e9changent leur savoir et les  r\u00e9sultats de leurs  recherches. Dans ce vaste domaine, des traductions  parfaites sont donc plus que  jamais de mise. Nos collaborateurs sont  des math\u00e9maticiens, des experts en  m\u00e9decine, des pharmacologues etc.,  traduisant vers leur langue maternelle des  travaux scientifiques en  tout genre. <\/p>\n\n\n\n<h2 class=\"wp-block-heading\"> Textes publicitaires <\/h2>\n\n\n\n<p> Dans le  domaine de la publicit\u00e9, traduire consiste \u00e0 produire une  adaptation qui  retiendra l\u2019attention dans la langue souhait\u00e9e. Il  s\u2019agit de trouver des  formules qui parleront \u00e0 un groupe cibl\u00e9 de  consommateurs et les convaincront  d\u2019acheter le produit.<br> Pour l\u2019\u00e9laboration de messages publicitaires, nous collaborons avec des   r\u00e9dacteurs sp\u00e9cialistes du domaine et des experts en publicit\u00e9  connaissant le  pays donn\u00e9 avec ses habitants et leur mentalit\u00e9, et qui  sauront adapter  librement le message afin de le \u00ab\u00a0cr\u00e9er une seconde  fois\u00a0\u00bb. Nous  traitons entre autres les plaquettes de pr\u00e9sentation, les  catalogues, les  prospectus, les annonces publicitaires ou l&rsquo;ensemble  des campagnes  publicitaires, pour des salons professionnels par  exemple. <br><a href=\"#top\">>> retour<\/a><\/p>\n\n\n\n<h2 class=\"wp-block-heading\" id=\"beglaubigte\"> Traductions certifi\u00e9es conformes<\/h2>\n\n\n\n<p> La  certification des traductions rev\u00eat un caract\u00e8re tr\u00e8s important  notamment dans  le cadre d\u2019activit\u00e9s \u00e0 l\u2019exportation et de relations  avec l\u2019\u00e9tranger. Nous  l\u00e9galisons l\u2019ensemble de vos documents&nbsp;: extraits  de registre du commerce,  contrats de soci\u00e9t\u00e9&#8230;, et vous les remettons  apr\u00e8s les avoir fait l\u00e9galiser  par le consulat ou l\u2019ambassade du pays  concern\u00e9.<br> Nous certifions \u00e9galement les bulletins scolaires ou de formation, les actes de  l\u2019\u00e9tat civil ou les actes notari\u00e9s.<br> Notre \u00e9quipe de traducteurs et d\u2019interpr\u00e8tes en interne est asserment\u00e9e pour six langues d\u2019Europe occidentale (fran\u00e7ais, allemand, anglais, italien, espagnol, portugais) ainsi que pour le latin et le russe.<br>Nous comptons aussi des traducteurs qualifi\u00e9s pour de nombreuses autres langues, m\u00eame rares.  <br><a href=\"#top\">&gt;&gt; retour<\/a><\/p>\n\n\n\n<h2 class=\"wp-block-heading\" id=\"Relecture\">Relecture<\/h2>\n\n\n\n<p>Nous v\u00e9rifions vos textes techniques, brochures, textes publicitaires, catalogues, mailings, cartes de menu et autres en prenant en compte l\u2019orthographe, la grammaire, la ponctuation et la coh\u00e9rence, m\u00eame dans plusieurs langues. Apportez la touche finale \u00e0 vos documents et assurez une pr\u00e9sentation professionnelle de vos produits et services.<br>Nos correcteurs sont des linguistes form\u00e9s qui ma\u00eetrisent toutes les exigences formelles et stylistiques de chaque domaine leur permettant de constituer un texte de qualit\u00e9. <br><a href=\"#top\">>> retour<\/a><\/p>\n\n\n\n<h2 class=\"wp-block-heading\" id=\"fotosatz\">PAO<\/h2>\n\n\n\n<p> Notre  travail en collaboration avec notre propre service de mise en  page, avec des  agences publicitaires sp\u00e9cialis\u00e9es, des imprimeries  locales ou des  \u00e9tablissements propos\u00e9s par le client, nous permet de  vous livrer votre  commande cl\u00e9s en main. Sur simple demande, nous vous  fournissons les mod\u00e8les  d\u2019impression en langue \u00e9trang\u00e8re&nbsp;; notre  contr\u00f4le de qualit\u00e9 interne nous  permet d\u2019\u00e9viter les erreurs de mise en  page et de pr\u00e9sentation. R\u00e9sultat&nbsp;: un mod\u00e8le r\u00e9alis\u00e9 de mani\u00e8re   optimale dans la langue cible souhait\u00e9e, pr\u00eat \u00e0 \u00eatre imprim\u00e9.<br> La mise en page avec l\u2019ensemble des images, des dessins, des diagrammes  etc,  \u00e9tant en libre acc\u00e8s sur nos supports de donn\u00e9es, toute  modification ult\u00e9rieure  peut \u00eatre facilement effectu\u00e9e sans qu\u2019une  r\u00e9vision compl\u00e8te de la mise en page  ne s\u2019impose. <br><a href=\"#top\">&gt;&gt; retour<\/a><\/p>\n\n\n\n<h2 class=\"wp-block-heading\" id=\"asiatische\"> Langues asiatiques <\/h2>\n\n\n\n<p> Pour la  traduction vers des langues asiatiques comme le chinois (pour  la Chine mais  aussi Ta\u00efwan, Singapour ou la Chine continentale), le  japonais et le cor\u00e9en,  nous disposons d\u2019une \u00e9quipe de professionnels,  qui assume non seulement la  traduction, mais aussi la mise en page et  la conversion au format HTML. <br><a href=\"#top\">&gt;&gt; retour<\/a><\/p>\n\n\n\n<h2 class=\"wp-block-heading\" id=\"dolmetschen\"> Interpr\u00e9tariat <\/h2>\n\n\n\n<p>Nos interpr\u00e8tes ma\u00eetrisent parfaitement leur langue maternelle, leur(s)  langue(s) detravail et le ou les domaines techniques dans lequel\/lesquels ils sont amen\u00e9s \u00e0 intervenir. <br>Leur compr\u00e9hension de nombreux dialectes et une grande culture g\u00e9n\u00e9rale viennent parfaire leurs comp\u00e9tences.<\/p>\n\n\n\n<h4 class=\"wp-block-heading\" id=\"tagung\">Mat\u00e9riel d\u2019interpr\u00e9tation <\/h4>\n\n\n\n<p>Dans le cadre des missions d\u2019interpr\u00e9tation que nous assurons, nous pouvons \u00e9galement vous fournir le mat\u00e9riel d\u2019interpr\u00e9tation n\u00e9cessaire au bon d\u00e9roulement des s\u00e9minaires ou des conf\u00e9rences pour un auditoire plus ou moins important. <br><a href=\"#top\">&gt;&gt; retour<\/a><a href=\"#top\"><\/a><\/p>\n\n\n\n<h2 class=\"wp-block-heading\" id=\"seminar\"> S\u00e9minaires <\/h2>\n\n\n\n<p> Avec la  mondialisation de l\u2019\u00e9conomie, le management doit pouvoir  s\u2019ouvrir de plus en  plus \u00e0 une communication internationale adapt\u00e9e aux  diff\u00e9rentes cultures. Dans  nos s\u00e9minaires et nos formations, nous  mettons l\u2019accent sur les capacit\u00e9s de  chacun \u00e0 intervenir comme  \u00ab&nbsp;acteur mondial&nbsp;\u00bb efficace sur la sc\u00e8ne  internationale, \u00e0 \u00e9viter les  \u00e9cueils, \u00e0 pr\u00e9senter l\u2019entreprise de mani\u00e8re  adapt\u00e9e et \u00e0 adopter un  comportement qui soit en ad\u00e9quation avec les \u00e9quipes et  instances  internationales.  <\/p>\n\n\n\n<p><\/p>\n\n\n\n<p> <strong>Contenus des s\u00e9minaires :<\/strong> <\/p>\n\n\n\n<ul class=\"wp-block-list\"><li> m\u00e9thode  Synaplan&nbsp;: Introduction et mise en place  <\/li><li> pr\u00e9sentation  de soi et de son entreprise  <\/li><li> communication  t\u00e9l\u00e9phonique dans une langue \u00e9trang\u00e8re  <\/li><li> communication  interculturelle pour les expatri\u00e9s  <\/li><\/ul>\n\n\n\n<p> Bibliographie&nbsp;: <\/p>\n\n\n\n<p> Dr.  Nereu Feix\u00a0: \u00ab\u00a0Moderationsmethoden und  Synaplan\u00a0\u00bb (Techniques de  pr\u00e9sentation et Synaplan), Verlag Brandt,  Mannheim 1992, 2\u00e8me \u00e9dition,  ISBN 3-926260-16-5. <br><a href=\"#top\">>> retour<\/a><\/p>\n","protected":false},"excerpt":{"rendered":"<p>Traductions sp\u00e9cialis\u00e9es Traductions certifi\u00e9es conformes Relecture PAO Langues asiatiques Interpr\u00e9tariat S\u00e9minaires Textes sp\u00e9cialis\u00e9s et publicitaires Gr\u00e2ce \u00e0 notre large \u00e9quipe de collaborateurs hautement qualifi\u00e9s, nous sommes en mesure de couvrir tous les domaines de sp\u00e9cialisation comme par exemple l&rsquo;\u00e9conomie, le droit, le technique et ceci dans toutes les langues. Traductions sp\u00e9cialis\u00e9es Des connaissances en langues&hellip;&nbsp;<a href=\"https:\/\/dr-feix.com\/fr\/prestations\/\" class=\"\" rel=\"bookmark\">Lire la suite &raquo;<span class=\"screen-reader-text\">Prestations<\/span><\/a><\/p>\n","protected":false},"author":2,"featured_media":0,"parent":0,"menu_order":0,"comment_status":"closed","ping_status":"closed","template":"","meta":{"_themeisle_gutenberg_block_has_review":false,"footnotes":""},"class_list":["post-115","page","type-page","status-publish","hentry"],"yoast_head":"<!-- This site is optimized with the Yoast SEO plugin v23.8 - https:\/\/yoast.com\/wordpress\/plugins\/seo\/ -->\n<title>Prestations - Dr. Feix Translations<\/title>\n<meta name=\"robots\" content=\"index, follow, max-snippet:-1, max-image-preview:large, max-video-preview:-1\" \/>\n<link rel=\"canonical\" href=\"https:\/\/dr-feix.com\/leistungen\/\" \/>\n<meta property=\"og:locale\" content=\"fr_FR\" \/>\n<meta property=\"og:type\" content=\"article\" \/>\n<meta property=\"og:title\" content=\"Prestations - Dr. Feix Translations\" \/>\n<meta property=\"og:description\" content=\"Traductions sp\u00e9cialis\u00e9es Traductions certifi\u00e9es conformes Relecture PAO Langues asiatiques Interpr\u00e9tariat S\u00e9minaires Textes sp\u00e9cialis\u00e9s et publicitaires Gr\u00e2ce \u00e0 notre large \u00e9quipe de collaborateurs hautement qualifi\u00e9s, nous sommes en mesure de couvrir tous les domaines de sp\u00e9cialisation comme par exemple l&rsquo;\u00e9conomie, le droit, le technique et ceci dans toutes les langues. Traductions sp\u00e9cialis\u00e9es Des connaissances en langues&hellip;&nbsp;Lire la suite &raquo;Prestations\" \/>\n<meta property=\"og:url\" content=\"https:\/\/dr-feix.com\/leistungen\/\" \/>\n<meta property=\"og:site_name\" content=\"Dr. Feix Translations\" \/>\n<meta property=\"article:modified_time\" content=\"2021-10-07T13:47:33+00:00\" \/>\n<meta name=\"twitter:card\" content=\"summary_large_image\" \/>\n<meta name=\"twitter:label1\" content=\"Dur\u00e9e de lecture estim\u00e9e\" \/>\n\t<meta name=\"twitter:data1\" content=\"6 minutes\" \/>\n<script type=\"application\/ld+json\" class=\"yoast-schema-graph\">{\"@context\":\"https:\/\/schema.org\",\"@graph\":[{\"@type\":\"WebPage\",\"@id\":\"https:\/\/dr-feix.com\/leistungen\/\",\"url\":\"https:\/\/dr-feix.com\/leistungen\/\",\"name\":\"Prestations - Dr. Feix Translations\",\"isPartOf\":{\"@id\":\"https:\/\/dr-feix.com\/fr\/#website\"},\"datePublished\":\"2020-01-12T11:53:42+00:00\",\"dateModified\":\"2021-10-07T13:47:33+00:00\",\"breadcrumb\":{\"@id\":\"https:\/\/dr-feix.com\/leistungen\/#breadcrumb\"},\"inLanguage\":\"fr-FR\",\"potentialAction\":[{\"@type\":\"ReadAction\",\"target\":[\"https:\/\/dr-feix.com\/leistungen\/\"]}]},{\"@type\":\"BreadcrumbList\",\"@id\":\"https:\/\/dr-feix.com\/leistungen\/#breadcrumb\",\"itemListElement\":[{\"@type\":\"ListItem\",\"position\":1,\"name\":\"Startseite\",\"item\":\"https:\/\/dr-feix.com\/fr\/\"},{\"@type\":\"ListItem\",\"position\":2,\"name\":\"Prestations\"}]},{\"@type\":\"WebSite\",\"@id\":\"https:\/\/dr-feix.com\/fr\/#website\",\"url\":\"https:\/\/dr-feix.com\/fr\/\",\"name\":\"Dr. Feix Translations\",\"description\":\"\u00dcbersetzungsb\u00fcro Dr. Feix\",\"publisher\":{\"@id\":\"https:\/\/dr-feix.com\/fr\/#organization\"},\"potentialAction\":[{\"@type\":\"SearchAction\",\"target\":{\"@type\":\"EntryPoint\",\"urlTemplate\":\"https:\/\/dr-feix.com\/fr\/?s={search_term_string}\"},\"query-input\":{\"@type\":\"PropertyValueSpecification\",\"valueRequired\":true,\"valueName\":\"search_term_string\"}}],\"inLanguage\":\"fr-FR\"},{\"@type\":\"Organization\",\"@id\":\"https:\/\/dr-feix.com\/fr\/#organization\",\"name\":\"Dr. Feix Translations\",\"url\":\"https:\/\/dr-feix.com\/fr\/\",\"logo\":{\"@type\":\"ImageObject\",\"inLanguage\":\"fr-FR\",\"@id\":\"https:\/\/dr-feix.com\/fr\/#\/schema\/logo\/image\/\",\"url\":\"https:\/\/dr-feix.com\/wp-content\/uploads\/2020\/04\/cropped-dr-feix-logo-fundo-transparente-24-04.png\",\"contentUrl\":\"https:\/\/dr-feix.com\/wp-content\/uploads\/2020\/04\/cropped-dr-feix-logo-fundo-transparente-24-04.png\",\"width\":500,\"height\":310,\"caption\":\"Dr. Feix Translations\"},\"image\":{\"@id\":\"https:\/\/dr-feix.com\/fr\/#\/schema\/logo\/image\/\"}}]}<\/script>\n<!-- \/ Yoast SEO plugin. -->","yoast_head_json":{"title":"Prestations - Dr. Feix Translations","robots":{"index":"index","follow":"follow","max-snippet":"max-snippet:-1","max-image-preview":"max-image-preview:large","max-video-preview":"max-video-preview:-1"},"canonical":"https:\/\/dr-feix.com\/leistungen\/","og_locale":"fr_FR","og_type":"article","og_title":"Prestations - Dr. Feix Translations","og_description":"Traductions sp\u00e9cialis\u00e9es Traductions certifi\u00e9es conformes Relecture PAO Langues asiatiques Interpr\u00e9tariat S\u00e9minaires Textes sp\u00e9cialis\u00e9s et publicitaires Gr\u00e2ce \u00e0 notre large \u00e9quipe de collaborateurs hautement qualifi\u00e9s, nous sommes en mesure de couvrir tous les domaines de sp\u00e9cialisation comme par exemple l&rsquo;\u00e9conomie, le droit, le technique et ceci dans toutes les langues. Traductions sp\u00e9cialis\u00e9es Des connaissances en langues&hellip;&nbsp;Lire la suite &raquo;Prestations","og_url":"https:\/\/dr-feix.com\/leistungen\/","og_site_name":"Dr. Feix Translations","article_modified_time":"2021-10-07T13:47:33+00:00","twitter_card":"summary_large_image","twitter_misc":{"Dur\u00e9e de lecture estim\u00e9e":"6 minutes"},"schema":{"@context":"https:\/\/schema.org","@graph":[{"@type":"WebPage","@id":"https:\/\/dr-feix.com\/leistungen\/","url":"https:\/\/dr-feix.com\/leistungen\/","name":"Prestations - Dr. Feix Translations","isPartOf":{"@id":"https:\/\/dr-feix.com\/fr\/#website"},"datePublished":"2020-01-12T11:53:42+00:00","dateModified":"2021-10-07T13:47:33+00:00","breadcrumb":{"@id":"https:\/\/dr-feix.com\/leistungen\/#breadcrumb"},"inLanguage":"fr-FR","potentialAction":[{"@type":"ReadAction","target":["https:\/\/dr-feix.com\/leistungen\/"]}]},{"@type":"BreadcrumbList","@id":"https:\/\/dr-feix.com\/leistungen\/#breadcrumb","itemListElement":[{"@type":"ListItem","position":1,"name":"Startseite","item":"https:\/\/dr-feix.com\/fr\/"},{"@type":"ListItem","position":2,"name":"Prestations"}]},{"@type":"WebSite","@id":"https:\/\/dr-feix.com\/fr\/#website","url":"https:\/\/dr-feix.com\/fr\/","name":"Dr. Feix Translations","description":"\u00dcbersetzungsb\u00fcro Dr. Feix","publisher":{"@id":"https:\/\/dr-feix.com\/fr\/#organization"},"potentialAction":[{"@type":"SearchAction","target":{"@type":"EntryPoint","urlTemplate":"https:\/\/dr-feix.com\/fr\/?s={search_term_string}"},"query-input":{"@type":"PropertyValueSpecification","valueRequired":true,"valueName":"search_term_string"}}],"inLanguage":"fr-FR"},{"@type":"Organization","@id":"https:\/\/dr-feix.com\/fr\/#organization","name":"Dr. Feix Translations","url":"https:\/\/dr-feix.com\/fr\/","logo":{"@type":"ImageObject","inLanguage":"fr-FR","@id":"https:\/\/dr-feix.com\/fr\/#\/schema\/logo\/image\/","url":"https:\/\/dr-feix.com\/wp-content\/uploads\/2020\/04\/cropped-dr-feix-logo-fundo-transparente-24-04.png","contentUrl":"https:\/\/dr-feix.com\/wp-content\/uploads\/2020\/04\/cropped-dr-feix-logo-fundo-transparente-24-04.png","width":500,"height":310,"caption":"Dr. Feix Translations"},"image":{"@id":"https:\/\/dr-feix.com\/fr\/#\/schema\/logo\/image\/"}}]}},"_links":{"self":[{"href":"https:\/\/dr-feix.com\/fr\/wp-json\/wp\/v2\/pages\/115"}],"collection":[{"href":"https:\/\/dr-feix.com\/fr\/wp-json\/wp\/v2\/pages"}],"about":[{"href":"https:\/\/dr-feix.com\/fr\/wp-json\/wp\/v2\/types\/page"}],"author":[{"embeddable":true,"href":"https:\/\/dr-feix.com\/fr\/wp-json\/wp\/v2\/users\/2"}],"replies":[{"embeddable":true,"href":"https:\/\/dr-feix.com\/fr\/wp-json\/wp\/v2\/comments?post=115"}],"version-history":[{"count":10,"href":"https:\/\/dr-feix.com\/fr\/wp-json\/wp\/v2\/pages\/115\/revisions"}],"predecessor-version":[{"id":564,"href":"https:\/\/dr-feix.com\/fr\/wp-json\/wp\/v2\/pages\/115\/revisions\/564"}],"wp:attachment":[{"href":"https:\/\/dr-feix.com\/fr\/wp-json\/wp\/v2\/media?parent=115"}],"curies":[{"name":"wp","href":"https:\/\/api.w.org\/{rel}","templated":true}]}}