{"id":133,"date":"2020-01-15T10:24:08","date_gmt":"2020-01-15T09:24:08","guid":{"rendered":"http:\/\/feix.ulrichgeber.de\/terminologien-musteruebersetzungen\/"},"modified":"2021-09-30T15:35:37","modified_gmt":"2021-09-30T13:35:37","slug":"terminologien-musteruebersetzungen","status":"publish","type":"page","link":"https:\/\/dr-feix.com\/fr\/terminologien-musteruebersetzungen\/","title":{"rendered":"Listes terminologiques\/Mod\u00e8les traduits"},"content":{"rendered":"\n<h2 class=\"wp-block-heading\">Mod\u00e8les  de traduction et listes terminologiques <\/h2>\n\n\n\n<p> Nous  vous proposons des terminologies \u00e9tablies par des traducteurs de  langue  maternelle \u00e0 partir de documents originaux ainsi que des livres  et des  traductions mod\u00e8les dans diff\u00e9rents domaines et dans diff\u00e9rentes  combinaisons  de langue. <br><a href=\"#bestellen\">Pour commander<\/a><a href=\"https:\/\/dr-feix.com\/de_terminologien.html#bestellen\"> &gt;&gt;<\/a><\/p>\n\n\n\n<h2 class=\"wp-block-heading\"> Listes terminologiques <\/h2>\n\n\n\n<h3 class=\"wp-block-heading\">  Actes de l\u2019\u00e9tat civil  <\/h3>\n\n\n\n<figure class=\"wp-block-table is-style-stripes\"><table><tbody><tr><td>  <strong>anglais &lt;-&gt; allemand<\/strong> (2436 entr\u00e9es) <\/td><td class=\"has-text-align-right\" data-align=\"right\">17,- \u20ac <\/td><\/tr><tr><td> <strong>fran\u00e7ais &lt;-&gt; allemand<\/strong> (1197 entr\u00e9es) <\/td><td class=\"has-text-align-right\" data-align=\"right\">17,- \u20ac  <\/td><\/tr><tr><td>  <strong>italien &lt;-&gt; allemand<\/strong> (1867 entr\u00e9es)  <\/td><td class=\"has-text-align-right\" data-align=\"right\">17,- \u20ac  <\/td><\/tr><tr><td> <strong>portugais &lt;-&gt; allemand<\/strong> (2222 entr\u00e9es) <\/td><td class=\"has-text-align-right\" data-align=\"right\">17,- \u20ac <\/td><\/tr><tr><td>  <strong>espagnol &lt;-&gt; allemand<\/strong> (1283 entr\u00e9es) <\/td><td class=\"has-text-align-right\" data-align=\"right\">17,- \u20ac <\/td><\/tr><tr><td> <strong>russe &lt;-&gt; allemand<\/strong> (en  pr\u00e9paration) <\/td><td class=\"has-text-align-right\" data-align=\"right\">17,- \u20ac <\/td><\/tr><\/tbody><\/table><\/figure>\n\n\n\n<h3 class=\"wp-block-heading\">  Divorces <\/h3>\n\n\n\n<figure class=\"wp-block-table is-style-stripes\"><table><tbody><tr><td> <strong>anglais &lt;-&gt; allemand<\/strong> (1966 entr\u00e9es) <\/td><td class=\"has-text-align-right\" data-align=\"right\">17,- \u20ac <\/td><\/tr><tr><td> <strong>fran\u00e7ais &lt;-&gt; allemand<\/strong> (1466 entr\u00e9es) <\/td><td class=\"has-text-align-right\" data-align=\"right\">17,- \u20ac <\/td><\/tr><\/tbody><\/table><\/figure>\n\n\n\n<h3 class=\"wp-block-heading\">  \u00c9conomie <\/h3>\n\n\n\n<figure class=\"wp-block-table is-style-stripes\"><table><tbody><tr><td> <strong>Terminologie de bilans DE -&gt; EN<\/strong> Ver. 2.1 (env. 1300  entr\u00e9es) <\/td><td class=\"has-text-align-right\" data-align=\"right\">17,- \u20ac <\/td><\/tr><tr><td> <strong>Terminologie de bilans DE -&gt; FR<\/strong> Ver. 2.0 (env. 1200  entr\u00e9es) <\/td><td class=\"has-text-align-right\" data-align=\"right\">17,- \u20ac <\/td><\/tr><tr><td> <strong>Terminologie de bilans ES -&gt; DE<\/strong> Ver. 2.0 (env. 530  entr\u00e9es)  <\/td><td class=\"has-text-align-right\" data-align=\"right\">17,- \u20ac<\/td><\/tr><tr><td> <strong>Plan comptable (postes du bilan) FR<\/strong> <strong>-&gt;  DE <\/strong>(env. 900 entr\u00e9es) <\/td><td class=\"has-text-align-right\" data-align=\"right\">17,- \u20ac <\/td><\/tr><\/tbody><\/table><\/figure>\n\n\n\n<h3 class=\"wp-block-heading\"> Divers <\/h3>\n\n\n\n<figure class=\"wp-block-table is-style-stripes\"><table><tbody><tr><td> <strong>Terminologie du permis de conduire EN &lt;-&gt; DE<\/strong> (778 entr\u00e9es) <\/td><td class=\"has-text-align-right\" data-align=\"right\">12,- \u20ac<\/td><\/tr><\/tbody><\/table><\/figure>\n\n\n\n<p>  La  commande terminologie comprend&nbsp;: fichier Word + rtf sur CD-ROM + l\u2019impression papier <\/p>\n\n\n\n<h2 class=\"wp-block-heading\"> Livres avec mod\u00e8les de traduction (originaux avec  traduction) <\/h2>\n\n\n\n<h3 class=\"wp-block-heading\"> Actes de l\u2019\u00e9tat civil <\/h3>\n\n\n\n<figure class=\"wp-block-table is-style-stripes\"><table><tbody><tr><td>  <strong>anglais &lt;-&gt; allemand<\/strong> (55 actes) <\/td><td class=\"has-text-align-right\" data-align=\"right\">18,50 \u20ac <\/td><\/tr><tr><td>  <strong>fran\u00e7ais &lt;-&gt; allemand<\/strong> (40 actes) <\/td><td class=\"has-text-align-right\" data-align=\"right\">16,00 \u20ac <\/td><\/tr><tr><td>  <strong>espagnol &lt;-&gt; allemand<\/strong> (52 actes) <\/td><td class=\"has-text-align-right\" data-align=\"right\">18,50 \u20ac <\/td><\/tr><tr><td>  <strong>portugais &lt;-&gt; allemand, italien &lt;-&gt; allemand<\/strong> (74 actes) <\/td><td class=\"has-text-align-right\" data-align=\"right\">18,50 \u20ac <\/td><\/tr><tr><td>  <strong>russe &lt;-&gt; allemand, russe &lt;-&gt; anglais <\/strong>(60 actes) <\/td><td class=\"has-text-align-right\" data-align=\"right\">20,00 \u20ac <\/td><\/tr><\/tbody><\/table><\/figure>\n\n\n\n<h3 class=\"wp-block-heading\">  Divorces  <\/h3>\n\n\n\n<figure class=\"wp-block-table is-style-stripes\"><table><tbody><tr><td> <strong>anglais &lt;-&gt; allemand, fran\u00e7ais &lt;-&gt; allemand, espagnol &lt;-&gt; allemand<\/strong> (29 actes) <\/td><td class=\"has-text-align-right\" data-align=\"right\">20,00 \u20ac <\/td><\/tr><\/tbody><\/table><\/figure>\n\n\n\n<h3 class=\"wp-block-heading\"> Dipl\u00f4mes du baccalaur\u00e9at, dipl\u00f4mes IUT et dipl\u00f4mes universitaires  <\/h3>\n\n\n\n<figure class=\"wp-block-table is-style-stripes\"><table><tbody><tr><td>  <strong>anglais &lt;-&gt; allemand, fran\u00e7ais &lt;-&gt; allemand <\/strong>(53 documents) <\/td><td class=\"has-text-align-right\" data-align=\"right\">23,00 \u20ac <\/td><\/tr><tr><td>  <strong>espagnol &lt;-&gt; allemand <\/strong>(23 documents) <\/td><td class=\"has-text-align-right\" data-align=\"right\">20,00 \u20ac <\/td><\/tr><\/tbody><\/table><\/figure>\n\n\n\n<h3 class=\"wp-block-heading\">  Registres du commerce et bilans  <\/h3>\n\n\n\n<figure class=\"wp-block-table is-style-stripes\"><table><tbody><tr><td>  <strong>anglais &lt;-&gt; allemand, fran\u00e7ais &lt;-&gt; allemand <\/strong>(13 documents) <\/td><td class=\"has-text-align-right\" data-align=\"right\">18,50 \u20ac <\/td><\/tr><\/tbody><\/table><\/figure>\n\n\n\n<h3 class=\"wp-block-heading\">  Actes notariaux (contrats de mariage, testaments,  pouvoirs \u2026) <\/h3>\n\n\n\n<figure class=\"wp-block-table is-style-stripes\"><table><tbody><tr><td> <strong>anglais &lt;-&gt; allemand, fran\u00e7ais &lt;-&gt; allemand <\/strong>(39 actes) <\/td><td class=\"has-text-align-right\" data-align=\"right\">18,50 \u20ac <\/td><\/tr><tr><td> <strong>espagnol &lt;-&gt; allemand, portugais &lt;-&gt; allemand <\/strong>(43 actes) <\/td><td class=\"has-text-align-right\" data-align=\"right\">20,00 \u20ac <\/td><\/tr><\/tbody><\/table><\/figure>\n\n\n\n<h3 class=\"wp-block-heading\">  Conditions g\u00e9n\u00e9rales de vente <\/h3>\n\n\n\n<figure class=\"wp-block-table is-style-stripes\"><table><tbody><tr><td>  <strong>anglais &lt;-&gt; allemand <\/strong>(15 documents)  <\/td><td class=\"has-text-align-right\" data-align=\"right\">20,00 \u20ac <\/td><\/tr><\/tbody><\/table><\/figure>\n\n\n\n<h3 class=\"wp-block-heading\">   Contrats de travail  <\/h3>\n\n\n\n<figure class=\"wp-block-table is-style-stripes\"><table><tbody><tr><td> <strong>anglais<\/strong> <strong>&lt;-&gt; allemand<\/strong>, <strong>fran\u00e7ais &lt;-&gt; allemand<\/strong> (21 documents) <\/td><td class=\"has-text-align-right\" data-align=\"right\"> 19,50 \u20ac<\/td><\/tr><\/tbody><\/table><\/figure>\n\n\n\n<p>  Les mod\u00e8les de traduction sont reli\u00e9s au format A5. <\/p>\n\n\n\n<h2 class=\"wp-block-heading\" id=\"bestellen\"> Pour commander&nbsp;: <\/h2>\n\n\n\n<p> Nous  n\u2019acceptons que les commandes effectu\u00e9es par \u00e9crit. L\u2019envoi de nos  livres et de  nos listes terminologiques se font par paiement \u00e0 la livraison ou par  virement pr\u00e9alable. Les prix indiqu\u00e9s s\u2019entendent TVA l\u00e9gale comprise.<\/p>\n\n\n\n<p><strong>1) Paiement  par virement pr\u00e9alable&nbsp;:<\/strong><br> Envoi \u00e0  r\u00e9ception de la commande ET du justificatif attestant que le virement a  \u00e9t\u00e9 correctement effectu\u00e9 et que le r\u00e8glement nous est parvenu.  Si vous ne joignez aucune preuve de virement bancaire \u00e0 votre commande, nous ne pourrons traiter votre commande qu\u2019une fois votre paiement cr\u00e9dit\u00e9 sur notre compte. <\/p>\n\n\n\n<p><strong>Coordonn\u00e9es bancaires&nbsp;:<\/strong><br>Postbank Saarbr\u00fccken, IBAN&nbsp;: DE02&nbsp;5901&nbsp;0066&nbsp;0018&nbsp;5176&nbsp;60, BIC&nbsp;: PBNKDEFF590,        <br>Titulaire du compte&nbsp;: \u00dcbersetzungsb\u00fcro Dr. Feix        <\/p>\n\n\n\n<p> <strong>2) Paiement  \u00e0 la livraison (valable uniquement pour l\u2019Allemagne)&nbsp;:<\/strong><br> Envoi \u00e0 r\u00e9ception de la commande et  de la mention selon laquelle le paiement sera fait \u00e0 la livraison.<br> Des frais suppl\u00e9mentaires de 5 \u20ac doivent \u00eatre vers\u00e9s en cas de paiement  \u00e0 la livraison.<br> Si l\u2019envoi est trop volumineux pour  \u00eatre exp\u00e9di\u00e9 en lettre maxi, des  frais de contre-remboursement de 6,50 \u20ac  (lettre maxi avec  affranchissement sup\u00e9rieur) ou de 12&nbsp;\u20ac (paquet) seront  factur\u00e9s selon  la tranche de poids. <\/p>\n\n\n\n<p> <strong>Frais d\u2019envoi&nbsp;:<\/strong><br><strong>Allemagne&nbsp;:<\/strong> 2,50 \u20ac frais d\u2019envoi.<br><strong>\u00c9tranger&nbsp;:<\/strong>  2,50 \u20ac + frais de port en vigueur pour  l\u2019envoi du courrier \u00e0 l\u2019\u00e9tranger <\/p>\n","protected":false},"excerpt":{"rendered":"<p>Mod\u00e8les de traduction et listes terminologiques Nous vous proposons des terminologies \u00e9tablies par des traducteurs de langue maternelle \u00e0 partir de documents originaux ainsi que des livres et des traductions mod\u00e8les dans diff\u00e9rents domaines et dans diff\u00e9rentes combinaisons de langue. Pour commander &gt;&gt; Listes terminologiques Actes de l\u2019\u00e9tat civil anglais &lt;-&gt; allemand (2436 entr\u00e9es) 17,-&hellip;&nbsp;<a href=\"https:\/\/dr-feix.com\/fr\/terminologien-musteruebersetzungen\/\" class=\"\" rel=\"bookmark\">Lire la suite &raquo;<span class=\"screen-reader-text\">Listes terminologiques\/Mod\u00e8les traduits<\/span><\/a><\/p>\n","protected":false},"author":2,"featured_media":0,"parent":0,"menu_order":0,"comment_status":"closed","ping_status":"closed","template":"","meta":{"_themeisle_gutenberg_block_has_review":false,"footnotes":""},"class_list":["post-133","page","type-page","status-publish","hentry"],"yoast_head":"<!-- This site is optimized with the Yoast SEO plugin v23.8 - https:\/\/yoast.com\/wordpress\/plugins\/seo\/ -->\n<title>Listes terminologiques\/Mod\u00e8les traduits - Dr. Feix Translations<\/title>\n<meta name=\"robots\" content=\"index, follow, max-snippet:-1, max-image-preview:large, max-video-preview:-1\" \/>\n<link rel=\"canonical\" href=\"https:\/\/dr-feix.com\/fr\/terminologien-musteruebersetzungen\/\" \/>\n<meta property=\"og:locale\" content=\"fr_FR\" \/>\n<meta property=\"og:type\" content=\"article\" \/>\n<meta property=\"og:title\" content=\"Listes terminologiques\/Mod\u00e8les traduits - Dr. Feix Translations\" \/>\n<meta property=\"og:description\" content=\"Mod\u00e8les de traduction et listes terminologiques Nous vous proposons des terminologies \u00e9tablies par des traducteurs de langue maternelle \u00e0 partir de documents originaux ainsi que des livres et des traductions mod\u00e8les dans diff\u00e9rents domaines et dans diff\u00e9rentes combinaisons de langue. Pour commander &gt;&gt; Listes terminologiques Actes de l\u2019\u00e9tat civil anglais &lt;-&gt; allemand (2436 entr\u00e9es) 17,-&hellip;&nbsp;Lire la suite &raquo;Listes terminologiques\/Mod\u00e8les traduits\" \/>\n<meta property=\"og:url\" content=\"https:\/\/dr-feix.com\/fr\/terminologien-musteruebersetzungen\/\" \/>\n<meta property=\"og:site_name\" content=\"Dr. Feix Translations\" \/>\n<meta property=\"article:modified_time\" content=\"2021-09-30T13:35:37+00:00\" \/>\n<meta name=\"twitter:card\" content=\"summary_large_image\" \/>\n<meta name=\"twitter:label1\" content=\"Dur\u00e9e de lecture estim\u00e9e\" \/>\n\t<meta name=\"twitter:data1\" content=\"3 minutes\" \/>\n<script type=\"application\/ld+json\" class=\"yoast-schema-graph\">{\"@context\":\"https:\/\/schema.org\",\"@graph\":[{\"@type\":\"WebPage\",\"@id\":\"https:\/\/dr-feix.com\/fr\/terminologien-musteruebersetzungen\/\",\"url\":\"https:\/\/dr-feix.com\/fr\/terminologien-musteruebersetzungen\/\",\"name\":\"Listes terminologiques\/Mod\u00e8les traduits - Dr. Feix Translations\",\"isPartOf\":{\"@id\":\"https:\/\/dr-feix.com\/fr\/#website\"},\"datePublished\":\"2020-01-15T09:24:08+00:00\",\"dateModified\":\"2021-09-30T13:35:37+00:00\",\"breadcrumb\":{\"@id\":\"https:\/\/dr-feix.com\/fr\/terminologien-musteruebersetzungen\/#breadcrumb\"},\"inLanguage\":\"fr-FR\",\"potentialAction\":[{\"@type\":\"ReadAction\",\"target\":[\"https:\/\/dr-feix.com\/fr\/terminologien-musteruebersetzungen\/\"]}]},{\"@type\":\"BreadcrumbList\",\"@id\":\"https:\/\/dr-feix.com\/fr\/terminologien-musteruebersetzungen\/#breadcrumb\",\"itemListElement\":[{\"@type\":\"ListItem\",\"position\":1,\"name\":\"Startseite\",\"item\":\"https:\/\/dr-feix.com\/fr\/\"},{\"@type\":\"ListItem\",\"position\":2,\"name\":\"Listes terminologiques\/Mod\u00e8les traduits\"}]},{\"@type\":\"WebSite\",\"@id\":\"https:\/\/dr-feix.com\/fr\/#website\",\"url\":\"https:\/\/dr-feix.com\/fr\/\",\"name\":\"Dr. Feix Translations\",\"description\":\"\u00dcbersetzungsb\u00fcro Dr. Feix\",\"publisher\":{\"@id\":\"https:\/\/dr-feix.com\/fr\/#organization\"},\"potentialAction\":[{\"@type\":\"SearchAction\",\"target\":{\"@type\":\"EntryPoint\",\"urlTemplate\":\"https:\/\/dr-feix.com\/fr\/?s={search_term_string}\"},\"query-input\":{\"@type\":\"PropertyValueSpecification\",\"valueRequired\":true,\"valueName\":\"search_term_string\"}}],\"inLanguage\":\"fr-FR\"},{\"@type\":\"Organization\",\"@id\":\"https:\/\/dr-feix.com\/fr\/#organization\",\"name\":\"Dr. Feix Translations\",\"url\":\"https:\/\/dr-feix.com\/fr\/\",\"logo\":{\"@type\":\"ImageObject\",\"inLanguage\":\"fr-FR\",\"@id\":\"https:\/\/dr-feix.com\/fr\/#\/schema\/logo\/image\/\",\"url\":\"https:\/\/dr-feix.com\/wp-content\/uploads\/2020\/04\/cropped-dr-feix-logo-fundo-transparente-24-04.png\",\"contentUrl\":\"https:\/\/dr-feix.com\/wp-content\/uploads\/2020\/04\/cropped-dr-feix-logo-fundo-transparente-24-04.png\",\"width\":500,\"height\":310,\"caption\":\"Dr. Feix Translations\"},\"image\":{\"@id\":\"https:\/\/dr-feix.com\/fr\/#\/schema\/logo\/image\/\"}}]}<\/script>\n<!-- \/ Yoast SEO plugin. -->","yoast_head_json":{"title":"Listes terminologiques\/Mod\u00e8les traduits - Dr. Feix Translations","robots":{"index":"index","follow":"follow","max-snippet":"max-snippet:-1","max-image-preview":"max-image-preview:large","max-video-preview":"max-video-preview:-1"},"canonical":"https:\/\/dr-feix.com\/fr\/terminologien-musteruebersetzungen\/","og_locale":"fr_FR","og_type":"article","og_title":"Listes terminologiques\/Mod\u00e8les traduits - Dr. Feix Translations","og_description":"Mod\u00e8les de traduction et listes terminologiques Nous vous proposons des terminologies \u00e9tablies par des traducteurs de langue maternelle \u00e0 partir de documents originaux ainsi que des livres et des traductions mod\u00e8les dans diff\u00e9rents domaines et dans diff\u00e9rentes combinaisons de langue. Pour commander &gt;&gt; Listes terminologiques Actes de l\u2019\u00e9tat civil anglais &lt;-&gt; allemand (2436 entr\u00e9es) 17,-&hellip;&nbsp;Lire la suite &raquo;Listes terminologiques\/Mod\u00e8les traduits","og_url":"https:\/\/dr-feix.com\/fr\/terminologien-musteruebersetzungen\/","og_site_name":"Dr. Feix Translations","article_modified_time":"2021-09-30T13:35:37+00:00","twitter_card":"summary_large_image","twitter_misc":{"Dur\u00e9e de lecture estim\u00e9e":"3 minutes"},"schema":{"@context":"https:\/\/schema.org","@graph":[{"@type":"WebPage","@id":"https:\/\/dr-feix.com\/fr\/terminologien-musteruebersetzungen\/","url":"https:\/\/dr-feix.com\/fr\/terminologien-musteruebersetzungen\/","name":"Listes terminologiques\/Mod\u00e8les traduits - Dr. Feix Translations","isPartOf":{"@id":"https:\/\/dr-feix.com\/fr\/#website"},"datePublished":"2020-01-15T09:24:08+00:00","dateModified":"2021-09-30T13:35:37+00:00","breadcrumb":{"@id":"https:\/\/dr-feix.com\/fr\/terminologien-musteruebersetzungen\/#breadcrumb"},"inLanguage":"fr-FR","potentialAction":[{"@type":"ReadAction","target":["https:\/\/dr-feix.com\/fr\/terminologien-musteruebersetzungen\/"]}]},{"@type":"BreadcrumbList","@id":"https:\/\/dr-feix.com\/fr\/terminologien-musteruebersetzungen\/#breadcrumb","itemListElement":[{"@type":"ListItem","position":1,"name":"Startseite","item":"https:\/\/dr-feix.com\/fr\/"},{"@type":"ListItem","position":2,"name":"Listes terminologiques\/Mod\u00e8les traduits"}]},{"@type":"WebSite","@id":"https:\/\/dr-feix.com\/fr\/#website","url":"https:\/\/dr-feix.com\/fr\/","name":"Dr. Feix Translations","description":"\u00dcbersetzungsb\u00fcro Dr. Feix","publisher":{"@id":"https:\/\/dr-feix.com\/fr\/#organization"},"potentialAction":[{"@type":"SearchAction","target":{"@type":"EntryPoint","urlTemplate":"https:\/\/dr-feix.com\/fr\/?s={search_term_string}"},"query-input":{"@type":"PropertyValueSpecification","valueRequired":true,"valueName":"search_term_string"}}],"inLanguage":"fr-FR"},{"@type":"Organization","@id":"https:\/\/dr-feix.com\/fr\/#organization","name":"Dr. Feix Translations","url":"https:\/\/dr-feix.com\/fr\/","logo":{"@type":"ImageObject","inLanguage":"fr-FR","@id":"https:\/\/dr-feix.com\/fr\/#\/schema\/logo\/image\/","url":"https:\/\/dr-feix.com\/wp-content\/uploads\/2020\/04\/cropped-dr-feix-logo-fundo-transparente-24-04.png","contentUrl":"https:\/\/dr-feix.com\/wp-content\/uploads\/2020\/04\/cropped-dr-feix-logo-fundo-transparente-24-04.png","width":500,"height":310,"caption":"Dr. Feix Translations"},"image":{"@id":"https:\/\/dr-feix.com\/fr\/#\/schema\/logo\/image\/"}}]}},"_links":{"self":[{"href":"https:\/\/dr-feix.com\/fr\/wp-json\/wp\/v2\/pages\/133"}],"collection":[{"href":"https:\/\/dr-feix.com\/fr\/wp-json\/wp\/v2\/pages"}],"about":[{"href":"https:\/\/dr-feix.com\/fr\/wp-json\/wp\/v2\/types\/page"}],"author":[{"embeddable":true,"href":"https:\/\/dr-feix.com\/fr\/wp-json\/wp\/v2\/users\/2"}],"replies":[{"embeddable":true,"href":"https:\/\/dr-feix.com\/fr\/wp-json\/wp\/v2\/comments?post=133"}],"version-history":[{"count":10,"href":"https:\/\/dr-feix.com\/fr\/wp-json\/wp\/v2\/pages\/133\/revisions"}],"predecessor-version":[{"id":528,"href":"https:\/\/dr-feix.com\/fr\/wp-json\/wp\/v2\/pages\/133\/revisions\/528"}],"wp:attachment":[{"href":"https:\/\/dr-feix.com\/fr\/wp-json\/wp\/v2\/media?parent=133"}],"curies":[{"name":"wp","href":"https:\/\/api.w.org\/{rel}","templated":true}]}}