{"id":214,"date":"2020-01-12T12:08:27","date_gmt":"2020-01-12T12:08:27","guid":{"rendered":"http:\/\/feix.ulrichgeber.de\/datenschutzerklaerung\/"},"modified":"2020-03-12T10:31:44","modified_gmt":"2020-03-12T09:31:44","slug":"protection-des-donnees","status":"publish","type":"page","link":"https:\/\/dr-feix.com\/fr\/protection-des-donnees\/","title":{"rendered":"D\u00e9claration de protection des donn\u00e9es"},"content":{"rendered":"\n<p>Nous nous r\u00e9jouissons de l\u2019int\u00e9r\u00eat que vous\nportez \u00e0 notre entreprise. Nous accordons une importance capitale \u00e0 la\nprotection des donn\u00e9es, c\u2019est pourquoi nous attirons votre attention sur\ncertains points y aff\u00e9rents. Il est tout \u00e0 fait possible d\u2019utiliser notre site\nWeb \u00e0 des fins d\u2019information sans qu\u2019aucune donn\u00e9e personnelle ne soit\ncollect\u00e9e. Toutefois, si vous entrez en contact avec nous via notre formulaire\nde contact ou si vous utilisez les services offerts sur notre site, sachez que\nvos donn\u00e9es personnelles sont trait\u00e9es par nos soins, le cas \u00e9ch\u00e9ant.<\/p>\n\n\n\n<p>Le traitement des donn\u00e9es personnelles,\nnotamment le nom, l\u2019adresse, le courriel et le num\u00e9ro de t\u00e9l\u00e9phone de la\npersonne concern\u00e9e s\u2019effectue toujours conform\u00e9ment au r\u00e8glement g\u00e9n\u00e9ral sur la\nprotection des donn\u00e9es (RGPD) et en accord avec les dispositions relatives \u00e0 la\nprotection des donn\u00e9es applicables en Allemagne \u00e0 la soci\u00e9t\u00e9 \u00dcbersetzungsb\u00fcro\nDr. Feix.<\/p>\n\n\n\n<p>Responsable du traitement de vos donn\u00e9es\npersonnelles&nbsp;:<\/p>\n\n\n\n<p>Dr. Nereu Feix<br> Jahnstra\u00dfe 23<br> 66125 Saarbr\u00fccken-Dudweiler, Allemagne<\/p>\n\n\n\n<p>E-mail&nbsp;: <a href=\"mailto:translations@dr-feix.com\">translations@dr-feix.com<\/a><br>T\u00e9l.&nbsp;: +49 (0)6897 75823<br>Internet&nbsp;: <a href=\"http:\/\/www.dr-feix.com\/\">www.dr-feix.com<\/a> <\/p>\n\n\n\n<h2 class=\"wp-block-heading\">Divulgation des donn\u00e9es \u00e0 des tiers et prestataires tiers<\/h2>\n\n\n\n<p>Nous traitons vos donn\u00e9es personnelles en\nrespectant les dispositions l\u00e9gales applicables. Nous ne divulguons les donn\u00e9es\npersonnelles \u00e0 des tiers que dans le cadre pr\u00e9vu par la loi.<\/p>\n\n\n\n<p>Nous nous r\u00e9servons le droit de transmettre une\npartie des donn\u00e9es personnelles \u00e0 nos sous-traitants et autres tiers avec\nlesquels nous travaillons, comme les autres agences de traduction ou les\ntraducteurs ind\u00e9pendants. Nous y sommes autoris\u00e9s si la personne concern\u00e9e a\nconsenti au traitement de ses donn\u00e9es personnelles sur notre site\n(article&nbsp;6, paragraphe&nbsp;1, point&nbsp;a) et article&nbsp;7 du RGPD),\nsi nous y sommes tenus en vertu d\u2019obligations contractuelles ou\npr\u00e9-contractuelles (article&nbsp;6, paragraphe&nbsp;1, point&nbsp;b) du RGPD),\nen vertu d\u2019une obligation l\u00e9gale (article&nbsp;6, paragraphe&nbsp;1,\npoint&nbsp;c) du RGPD) ou si nous devons sauvegarder nos int\u00e9r\u00eats l\u00e9gitimes\n(article&nbsp;6, paragraphe&nbsp;1, point&nbsp;f) du RGPD).<\/p>\n\n\n\n<h2 class=\"wp-block-heading\">Objet du traitement<\/h2>\n\n\n\n<p>Nous collectons et traitons les donn\u00e9es\npersonnelles des utilisateurs de notre site Web pour faciliter la communication\net le partage d\u2019informations avec vous (notamment \u00e0 l\u2019aide de notre formulaire\nde contact et de notre formulaire de demande de devis), le but \u00e9tant d\u2019assurer\nla fonctionnalit\u00e9 de notre site Web, de l\u2019optimiser et de garantir la s\u00e9curit\u00e9\nde nos syst\u00e8mes informatiques.<\/p>\n\n\n\n<h2 class=\"wp-block-heading\">Fondements juridiques du traitement des donn\u00e9es personnelles<\/h2>\n\n\n\n<p>Chez nous, le traitement des donn\u00e9es\npersonnelles repose toujours sur un ou plusieurs fondement(s) juridique(s). En\nr\u00e8gle g\u00e9n\u00e9rale, nous sommes syst\u00e9matiquement autoris\u00e9s \u00e0 traiter des donn\u00e9es\npersonnelles si la personne concern\u00e9e y a consenti (article&nbsp;6,\nparagraphe&nbsp;1, point&nbsp;a) et article&nbsp;7 du RGPD), si nous y sommes\ntenus en vertu d\u2019obligations contractuelles ou pr\u00e9-contractuelles (article&nbsp;6,\nparagraphe&nbsp;1, point&nbsp;b) du RGPD), en vertu d\u2019une obligation l\u00e9gale\n(article&nbsp;6, paragraphe&nbsp;1, point&nbsp;c) du RGPD) ou si nous devons\nsauvegarder nos int\u00e9r\u00eats l\u00e9gitimes (article&nbsp;6, paragraphe&nbsp;1,\npoint&nbsp;f) du RGPD).<\/p>\n\n\n\n<h2 class=\"wp-block-heading\">Dur\u00e9e de conservation<\/h2>\n\n\n\n<p>Le responsable du traitement traite et conserve\nles donn\u00e9es personnelles de la personne concern\u00e9e uniquement pendant la dur\u00e9e\nn\u00e9cessaire \u00e0 la r\u00e9alisation de l\u2019objet de leur collecte ou pendant la dur\u00e9e\nvis\u00e9e par le l\u00e9gislateur europ\u00e9en dans ses directives et r\u00e8glements ou par tout\nautre l\u00e9gislateur promulguant des lois et r\u00e8glements applicables au responsable\ndu traitement.<\/p>\n\n\n\n<p>D\u00e8s lors que l\u2019objet de la collecte dispara\u00eet\nou que le d\u00e9lai de conservation des donn\u00e9es pr\u00e9vu par le l\u00e9gislateur europ\u00e9en\nou par tout autre l\u00e9gislateur comp\u00e9tent expire, nous proc\u00e9dons \u00e0 un\nverrouillage ou \u00e0 un effacement de routine des donn\u00e9es personnelles,\nconform\u00e9ment aux dispositions l\u00e9gales.<\/p>\n\n\n\n<h2 class=\"wp-block-heading\">Information et acc\u00e8s\/Effacement ou verrouillage<\/h2>\n\n\n\n<p>Vous avez \u00e0 tout moment la possibilit\u00e9 de vous\ninformer au sujet de vos donn\u00e9es personnelles. Vous pouvez en conna\u00eetre\nl\u2019origine et la destination et vous renseigner sur l\u2019utilit\u00e9 du traitement des\ndonn\u00e9es qui vous concernent. En outre, vous avez le droit de nous demander\ngratuitement une correction, un verrouillage ou un effacement de vos donn\u00e9es\npersonnelles. Pour ce faire, veuillez vous r\u00e9f\u00e9rer aux modalit\u00e9s de contact\nfigurant dans nos mentions l\u00e9gales. Nous nous tenons \u00e0 votre enti\u00e8re\ndisposition pour toute question.<\/p>\n\n\n\n<h2 class=\"wp-block-heading\">Droit d\u2019opposition<\/h2>\n\n\n\n<p>Le l\u00e9gislateur europ\u00e9en garantit \u00e0 toute\npersonne concern\u00e9e par le traitement de ses donn\u00e9es personnelles le droit de\ns\u2019opposer \u00e0 tout moment au traitement des donn\u00e9es personnelles la concernant,\npour des raisons tenant \u00e0 sa situation particuli\u00e8re et conform\u00e9ment \u00e0 l\u2019article&nbsp;6,\nparagraphe&nbsp;1, points&nbsp;e) et&nbsp;f) du RGPD.<\/p>\n\n\n\n<h2 class=\"wp-block-heading\">Portabilit\u00e9 des donn\u00e9es<\/h2>\n\n\n\n<p>Le l\u00e9gislateur europ\u00e9en garantit \u00e0 toute\npersonne concern\u00e9e par le traitement de ses donn\u00e9es personnelles le droit de\nrecevoir, dans un format structur\u00e9, couramment utilis\u00e9 et lisible par une\nmachine, les donn\u00e9es personnelles qu\u2019elle aura pr\u00e9alablement fournies au\nresponsable du traitement. Elle a par ailleurs le droit de transmettre ces\ndonn\u00e9es \u00e0 un autre responsable du traitement sans que le responsable du\ntraitement auquel les donn\u00e9es personnelles ont \u00e9t\u00e9 communiqu\u00e9es y fasse\nobstacle, lorsque le traitement est fond\u00e9 sur le consentement en application de\nl\u2019article&nbsp;6, paragraphe&nbsp;1, point&nbsp;a) du RGPD ou de\nl\u2019article&nbsp;9, paragraphe&nbsp;2, point&nbsp;a) du RGPD ou sur un contrat en\napplication de l\u2019article&nbsp;6, paragraphe&nbsp;1, point&nbsp;b) du RGPD et\nque le traitement est uniquement effectu\u00e9 \u00e0 l\u2019aide de proc\u00e9d\u00e9s automatis\u00e9s,\ndans la mesure o\u00f9 le traitement n\u2019est pas n\u00e9cessaire \u00e0 l\u2019ex\u00e9cution d\u2019une\nmission d\u2019int\u00e9r\u00eat public ou relevant de l\u2019exercice de l\u2019autorit\u00e9 publique dont\nserait investi le responsable du traitement.<\/p>\n\n\n\n<p>En outre, la personne concern\u00e9e par le\ntraitement de ses donn\u00e9es personnelles dispose, dans l\u2019exercice du droit \u00e0 la\nportabilit\u00e9 des donn\u00e9es et selon l\u2019article&nbsp;20, paragraphe&nbsp;1 du RGPD,\ndu droit d\u2019obtenir que les donn\u00e9es personnelles la concernant soient transmises\ndirectement d\u2019un responsable du traitement \u00e0 un autre, lorsque cela est\ntechniquement possible et tant que ce droit ne porte pas atteinte aux droits et\nlibert\u00e9s de tiers.<\/p>\n\n\n\n<h2 class=\"wp-block-heading\">Droit de r\u00e9vocation d\u2019un consentement selon les termes de la\nloi relative \u00e0 la protection des donn\u00e9es<\/h2>\n\n\n\n<p>Le l\u00e9gislateur europ\u00e9en garantit \u00e0 toute\npersonne concern\u00e9e par le traitement de ses donn\u00e9es personnelles le droit de\nretirer \u00e0 tout moment son consentement au traitement de ses donn\u00e9es\npersonnelles. Le retrait du consentement ne compromet pas la lic\u00e9it\u00e9 du\ntraitement fond\u00e9 sur le consentement effectu\u00e9 avant ce retrait.<\/p>\n\n\n\n<h2 class=\"wp-block-heading\">Droit de recours aupr\u00e8s d\u2019une autorit\u00e9 de contr\u00f4le<\/h2>\n\n\n\n<p>Vous avez toujours la possibilit\u00e9 d\u2019introduire un recours aupr\u00e8s d\u2019une autorit\u00e9 de contr\u00f4le de la protection des donn\u00e9es.<br> Les coordonn\u00e9es de l\u2019autorit\u00e9 de contr\u00f4le \u00e0 laquelle notre entreprise est assujettie sont\u00a0:<br> <br> Unabh\u00e4ngiges Datenschutzzentrum Saarland <br> Die Landesbeauftragte f\u00fcr Datenschutz und Informationsfreiheit <br> Fritz-Dobisch-Stra\u00dfe 12<br> 66111 Saarbr\u00fccken, Allemagne<br>T\u00e9l.\u00a0: +49 (0)681 94781-0<br>Fax : +49 (0)681 94781-29<br>E-mail : <a href=\"mailto:poststelle@datenschutz.saarland.de\">poststelle@datenschutz.saarland.de<\/a> <\/p>\n","protected":false},"excerpt":{"rendered":"<p>Nous nous r\u00e9jouissons de l\u2019int\u00e9r\u00eat que vous portez \u00e0 notre entreprise. Nous accordons une importance capitale \u00e0 la protection des donn\u00e9es, c\u2019est pourquoi nous attirons votre attention sur certains points y aff\u00e9rents. Il est tout \u00e0 fait possible d\u2019utiliser notre site Web \u00e0 des fins d\u2019information sans qu\u2019aucune donn\u00e9e personnelle ne soit collect\u00e9e. Toutefois, si&hellip;&nbsp;<a href=\"https:\/\/dr-feix.com\/fr\/protection-des-donnees\/\" class=\"\" rel=\"bookmark\">Lire la suite &raquo;<span class=\"screen-reader-text\">D\u00e9claration de protection des donn\u00e9es<\/span><\/a><\/p>\n","protected":false},"author":2,"featured_media":0,"parent":0,"menu_order":0,"comment_status":"closed","ping_status":"open","template":"","meta":{"_themeisle_gutenberg_block_has_review":false,"footnotes":""},"class_list":["post-214","page","type-page","status-publish","hentry"],"yoast_head":"<!-- This site is optimized with the Yoast SEO plugin v23.8 - https:\/\/yoast.com\/wordpress\/plugins\/seo\/ -->\n<title>D\u00e9claration de protection des donn\u00e9es - Dr. Feix Translations<\/title>\n<meta name=\"robots\" content=\"index, follow, max-snippet:-1, max-image-preview:large, max-video-preview:-1\" \/>\n<link rel=\"canonical\" href=\"https:\/\/dr-feix.com\/fr\/protection-des-donnees\/\" \/>\n<meta property=\"og:locale\" content=\"fr_FR\" \/>\n<meta property=\"og:type\" content=\"article\" \/>\n<meta property=\"og:title\" content=\"D\u00e9claration de protection des donn\u00e9es - Dr. Feix Translations\" \/>\n<meta property=\"og:description\" content=\"Nous nous r\u00e9jouissons de l\u2019int\u00e9r\u00eat que vous portez \u00e0 notre entreprise. Nous accordons une importance capitale \u00e0 la protection des donn\u00e9es, c\u2019est pourquoi nous attirons votre attention sur certains points y aff\u00e9rents. Il est tout \u00e0 fait possible d\u2019utiliser notre site Web \u00e0 des fins d\u2019information sans qu\u2019aucune donn\u00e9e personnelle ne soit collect\u00e9e. Toutefois, si&hellip;&nbsp;Lire la suite &raquo;D\u00e9claration de protection des donn\u00e9es\" \/>\n<meta property=\"og:url\" content=\"https:\/\/dr-feix.com\/fr\/protection-des-donnees\/\" \/>\n<meta property=\"og:site_name\" content=\"Dr. Feix Translations\" \/>\n<meta property=\"article:modified_time\" content=\"2020-03-12T09:31:44+00:00\" \/>\n<meta name=\"twitter:card\" content=\"summary_large_image\" \/>\n<meta name=\"twitter:label1\" content=\"Dur\u00e9e de lecture estim\u00e9e\" \/>\n\t<meta name=\"twitter:data1\" content=\"6 minutes\" \/>\n<script type=\"application\/ld+json\" class=\"yoast-schema-graph\">{\"@context\":\"https:\/\/schema.org\",\"@graph\":[{\"@type\":\"WebPage\",\"@id\":\"https:\/\/dr-feix.com\/fr\/protection-des-donnees\/\",\"url\":\"https:\/\/dr-feix.com\/fr\/protection-des-donnees\/\",\"name\":\"D\u00e9claration de protection des donn\u00e9es - Dr. Feix Translations\",\"isPartOf\":{\"@id\":\"https:\/\/dr-feix.com\/fr\/#website\"},\"datePublished\":\"2020-01-12T12:08:27+00:00\",\"dateModified\":\"2020-03-12T09:31:44+00:00\",\"breadcrumb\":{\"@id\":\"https:\/\/dr-feix.com\/fr\/protection-des-donnees\/#breadcrumb\"},\"inLanguage\":\"fr-FR\",\"potentialAction\":[{\"@type\":\"ReadAction\",\"target\":[\"https:\/\/dr-feix.com\/fr\/protection-des-donnees\/\"]}]},{\"@type\":\"BreadcrumbList\",\"@id\":\"https:\/\/dr-feix.com\/fr\/protection-des-donnees\/#breadcrumb\",\"itemListElement\":[{\"@type\":\"ListItem\",\"position\":1,\"name\":\"Startseite\",\"item\":\"https:\/\/dr-feix.com\/fr\/\"},{\"@type\":\"ListItem\",\"position\":2,\"name\":\"D\u00e9claration de protection des donn\u00e9es\"}]},{\"@type\":\"WebSite\",\"@id\":\"https:\/\/dr-feix.com\/fr\/#website\",\"url\":\"https:\/\/dr-feix.com\/fr\/\",\"name\":\"Dr. Feix Translations\",\"description\":\"\u00dcbersetzungsb\u00fcro Dr. Feix\",\"publisher\":{\"@id\":\"https:\/\/dr-feix.com\/fr\/#organization\"},\"potentialAction\":[{\"@type\":\"SearchAction\",\"target\":{\"@type\":\"EntryPoint\",\"urlTemplate\":\"https:\/\/dr-feix.com\/fr\/?s={search_term_string}\"},\"query-input\":{\"@type\":\"PropertyValueSpecification\",\"valueRequired\":true,\"valueName\":\"search_term_string\"}}],\"inLanguage\":\"fr-FR\"},{\"@type\":\"Organization\",\"@id\":\"https:\/\/dr-feix.com\/fr\/#organization\",\"name\":\"Dr. Feix Translations\",\"url\":\"https:\/\/dr-feix.com\/fr\/\",\"logo\":{\"@type\":\"ImageObject\",\"inLanguage\":\"fr-FR\",\"@id\":\"https:\/\/dr-feix.com\/fr\/#\/schema\/logo\/image\/\",\"url\":\"https:\/\/dr-feix.com\/wp-content\/uploads\/2020\/04\/cropped-dr-feix-logo-fundo-transparente-24-04.png\",\"contentUrl\":\"https:\/\/dr-feix.com\/wp-content\/uploads\/2020\/04\/cropped-dr-feix-logo-fundo-transparente-24-04.png\",\"width\":500,\"height\":310,\"caption\":\"Dr. Feix Translations\"},\"image\":{\"@id\":\"https:\/\/dr-feix.com\/fr\/#\/schema\/logo\/image\/\"}}]}<\/script>\n<!-- \/ Yoast SEO plugin. -->","yoast_head_json":{"title":"D\u00e9claration de protection des donn\u00e9es - Dr. Feix Translations","robots":{"index":"index","follow":"follow","max-snippet":"max-snippet:-1","max-image-preview":"max-image-preview:large","max-video-preview":"max-video-preview:-1"},"canonical":"https:\/\/dr-feix.com\/fr\/protection-des-donnees\/","og_locale":"fr_FR","og_type":"article","og_title":"D\u00e9claration de protection des donn\u00e9es - Dr. Feix Translations","og_description":"Nous nous r\u00e9jouissons de l\u2019int\u00e9r\u00eat que vous portez \u00e0 notre entreprise. Nous accordons une importance capitale \u00e0 la protection des donn\u00e9es, c\u2019est pourquoi nous attirons votre attention sur certains points y aff\u00e9rents. Il est tout \u00e0 fait possible d\u2019utiliser notre site Web \u00e0 des fins d\u2019information sans qu\u2019aucune donn\u00e9e personnelle ne soit collect\u00e9e. Toutefois, si&hellip;&nbsp;Lire la suite &raquo;D\u00e9claration de protection des donn\u00e9es","og_url":"https:\/\/dr-feix.com\/fr\/protection-des-donnees\/","og_site_name":"Dr. Feix Translations","article_modified_time":"2020-03-12T09:31:44+00:00","twitter_card":"summary_large_image","twitter_misc":{"Dur\u00e9e de lecture estim\u00e9e":"6 minutes"},"schema":{"@context":"https:\/\/schema.org","@graph":[{"@type":"WebPage","@id":"https:\/\/dr-feix.com\/fr\/protection-des-donnees\/","url":"https:\/\/dr-feix.com\/fr\/protection-des-donnees\/","name":"D\u00e9claration de protection des donn\u00e9es - Dr. Feix Translations","isPartOf":{"@id":"https:\/\/dr-feix.com\/fr\/#website"},"datePublished":"2020-01-12T12:08:27+00:00","dateModified":"2020-03-12T09:31:44+00:00","breadcrumb":{"@id":"https:\/\/dr-feix.com\/fr\/protection-des-donnees\/#breadcrumb"},"inLanguage":"fr-FR","potentialAction":[{"@type":"ReadAction","target":["https:\/\/dr-feix.com\/fr\/protection-des-donnees\/"]}]},{"@type":"BreadcrumbList","@id":"https:\/\/dr-feix.com\/fr\/protection-des-donnees\/#breadcrumb","itemListElement":[{"@type":"ListItem","position":1,"name":"Startseite","item":"https:\/\/dr-feix.com\/fr\/"},{"@type":"ListItem","position":2,"name":"D\u00e9claration de protection des donn\u00e9es"}]},{"@type":"WebSite","@id":"https:\/\/dr-feix.com\/fr\/#website","url":"https:\/\/dr-feix.com\/fr\/","name":"Dr. Feix Translations","description":"\u00dcbersetzungsb\u00fcro Dr. Feix","publisher":{"@id":"https:\/\/dr-feix.com\/fr\/#organization"},"potentialAction":[{"@type":"SearchAction","target":{"@type":"EntryPoint","urlTemplate":"https:\/\/dr-feix.com\/fr\/?s={search_term_string}"},"query-input":{"@type":"PropertyValueSpecification","valueRequired":true,"valueName":"search_term_string"}}],"inLanguage":"fr-FR"},{"@type":"Organization","@id":"https:\/\/dr-feix.com\/fr\/#organization","name":"Dr. Feix Translations","url":"https:\/\/dr-feix.com\/fr\/","logo":{"@type":"ImageObject","inLanguage":"fr-FR","@id":"https:\/\/dr-feix.com\/fr\/#\/schema\/logo\/image\/","url":"https:\/\/dr-feix.com\/wp-content\/uploads\/2020\/04\/cropped-dr-feix-logo-fundo-transparente-24-04.png","contentUrl":"https:\/\/dr-feix.com\/wp-content\/uploads\/2020\/04\/cropped-dr-feix-logo-fundo-transparente-24-04.png","width":500,"height":310,"caption":"Dr. Feix Translations"},"image":{"@id":"https:\/\/dr-feix.com\/fr\/#\/schema\/logo\/image\/"}}]}},"_links":{"self":[{"href":"https:\/\/dr-feix.com\/fr\/wp-json\/wp\/v2\/pages\/214"}],"collection":[{"href":"https:\/\/dr-feix.com\/fr\/wp-json\/wp\/v2\/pages"}],"about":[{"href":"https:\/\/dr-feix.com\/fr\/wp-json\/wp\/v2\/types\/page"}],"author":[{"embeddable":true,"href":"https:\/\/dr-feix.com\/fr\/wp-json\/wp\/v2\/users\/2"}],"replies":[{"embeddable":true,"href":"https:\/\/dr-feix.com\/fr\/wp-json\/wp\/v2\/comments?post=214"}],"version-history":[{"count":5,"href":"https:\/\/dr-feix.com\/fr\/wp-json\/wp\/v2\/pages\/214\/revisions"}],"predecessor-version":[{"id":396,"href":"https:\/\/dr-feix.com\/fr\/wp-json\/wp\/v2\/pages\/214\/revisions\/396"}],"wp:attachment":[{"href":"https:\/\/dr-feix.com\/fr\/wp-json\/wp\/v2\/media?parent=214"}],"curies":[{"name":"wp","href":"https:\/\/api.w.org\/{rel}","templated":true}]}}