{"id":229,"date":"2020-02-23T13:56:35","date_gmt":"2020-02-23T12:56:35","guid":{"rendered":"http:\/\/feix.ulrichgeber.de\/angebot-anfordern\/"},"modified":"2021-09-30T15:49:22","modified_gmt":"2021-09-30T13:49:22","slug":"demande-de-devis","status":"publish","type":"page","link":"https:\/\/dr-feix.com\/fr\/demande-de-devis\/","title":{"rendered":"Demande de devis"},"content":{"rendered":"\n<div class=\"wp-block-themeisle-blocks-advanced-columns has-2-columns has-desktop-equal-layout has-tablet-equal-layout has-mobile-collapsedRows-layout has-default-gap has-vertical-unset\" id=\"wp-block-themeisle-blocks-advanced-columns-ef74e8e9\"><div class=\"wp-block-themeisle-blocks-advanced-columns-overlay\"><\/div><div class=\"innerblocks-wrap\">\n<div class=\"wp-block-themeisle-blocks-advanced-column\" id=\"wp-block-themeisle-blocks-advanced-column-cff52280\">\n<p>Vous avez besoin d\u2019une traduction certifi\u00e9e conforme ou d\u2019une  traduction sp\u00e9cialis\u00e9e (technique, Internet, publicit\u00e9, commerce, droit,  industrie) ou encore d\u2019un(e) interpr\u00e8te ? Nous nous faisons un plaisir  de traiter votre demande avec rapidit\u00e9 et professionnalisme tout en vous  offrant le meilleur rapport qualit\u00e9-prix  en respectant vos exigences en termes de d\u00e9lais.<\/p>\n\n\n\n<p>Utilisez notre formulaire pour envoyer les documents que vous  souhaitez faire traduire (format DOC, DOCX, JPEG ou PDF) et  s\u00e9lectionnez les langues souhait\u00e9es. Si vous souhaitez une traduction  dans une langue qui ne figure pas dans le formulaire, notez-le dans le  champ de commentaire.<\/p>\n\n\n\n<p><strong>Remarques&nbsp;:<\/strong><br>Si vous scannez des documents de plusieurs pages, n\u2019oubliez pas d\u2019indiquer clairement dans le nom des fichiers la nature et la page du document concern\u00e9 afin de faciliter la reconstitution des diff\u00e9rents documents. Pour ce faire, l\u2019ordre des pages doit \u00eatre visible, par ex. Baccalaur\u00e9at page&nbsp;1, Baccalaur\u00e9at page&nbsp;2 ou Acte de naissance recto, Acte de naissance verso. Cela nous permettra de visualiser directement les pages qui vont ensemble et de d\u00e9terminer le nombre de certifications n\u00e9cessaires.<\/p>\n\n\n\n<p>La protection de vos donn\u00e9es nous tient particuli\u00e8rement \u00e0  c\u0153ur ! Vos informations personnelles et celles de votre entreprise  seront trait\u00e9es en toute confidentialit\u00e9. Nous vous retournerons un  devis dans les meilleurs d\u00e9lais indiquant le co\u00fbt et le d\u00e9lai n\u00e9cessaires  pour la traduction.<\/p>\n<\/div>\n\n\n\n<div class=\"wp-block-themeisle-blocks-advanced-column\" id=\"wp-block-themeisle-blocks-advanced-column-2f67f67e\">\n<p>  <strong>Remplissez le formulaire : <\/strong>les champs marqu\u00e9s d\u2019un * sont obligatoires. <\/p>\n\n\n\n\n<div class=\"wpcf7 no-js\" id=\"wpcf7-f250-o1\" lang=\"de-DE\" dir=\"ltr\" data-wpcf7-id=\"250\">\n<div class=\"screen-reader-response\"><p role=\"status\" aria-live=\"polite\" aria-atomic=\"true\"><\/p> <ul><\/ul><\/div>\n<form action=\"\/fr\/wp-json\/wp\/v2\/pages\/229#wpcf7-f250-o1\" method=\"post\" class=\"wpcf7-form init\" aria-label=\"Kontaktformular\" novalidate=\"novalidate\" data-status=\"init\">\n<div style=\"display: none;\">\n<input type=\"hidden\" name=\"_wpcf7\" value=\"250\" \/>\n<input type=\"hidden\" name=\"_wpcf7_version\" value=\"6.0\" \/>\n<input type=\"hidden\" name=\"_wpcf7_locale\" value=\"de_DE\" \/>\n<input type=\"hidden\" name=\"_wpcf7_unit_tag\" value=\"wpcf7-f250-o1\" \/>\n<input type=\"hidden\" name=\"_wpcf7_container_post\" value=\"0\" \/>\n<input type=\"hidden\" name=\"_wpcf7_posted_data_hash\" value=\"\" \/>\n<\/div>\n<p><label> Nom*<br \/>\n<span class=\"wpcf7-form-control-wrap\" data-name=\"your-name\"><input size=\"40\" maxlength=\"400\" class=\"wpcf7-form-control wpcf7-text wpcf7-validates-as-required\" aria-required=\"true\" aria-invalid=\"false\" value=\"\" type=\"text\" name=\"your-name\" \/><\/span> <\/label>\n<\/p>\n<p><label> E-mail*<br \/>\n<span class=\"wpcf7-form-control-wrap\" data-name=\"your-email\"><input size=\"40\" maxlength=\"400\" class=\"wpcf7-form-control wpcf7-email wpcf7-validates-as-required wpcf7-text wpcf7-validates-as-email\" aria-required=\"true\" aria-invalid=\"false\" value=\"\" type=\"email\" name=\"your-email\" \/><\/span> <\/label><br \/>\n<label> R\u00e9p\u00e9tez l\u2019e-mail*<br \/>\n<span class=\"wpcf7-form-control-wrap\" data-name=\"your-email-confirm\"><input size=\"40\" maxlength=\"400\" class=\"wpcf7-form-control wpcf7-email wpcf7-validates-as-required wpcf7-text wpcf7-validates-as-email\" aria-required=\"true\" aria-invalid=\"false\" value=\"\" type=\"email\" name=\"your-email-confirm\" \/><\/span> <\/label>\n<\/p>\n<p><label> Num\u00e9ro de t\u00e9l\u00e9phone*<br \/>\n<span class=\"wpcf7-form-control-wrap\" data-name=\"your-tel-393\"><input size=\"40\" maxlength=\"400\" class=\"wpcf7-form-control wpcf7-tel wpcf7-validates-as-required wpcf7-text wpcf7-validates-as-tel\" aria-required=\"true\" aria-invalid=\"false\" value=\"\" type=\"tel\" name=\"your-tel-393\" \/><\/span> <\/label>\n<\/p>\n<p><label> Adresse<br \/>\n<span class=\"wpcf7-form-control-wrap\" data-name=\"your-endereco\"><input size=\"40\" maxlength=\"400\" class=\"wpcf7-form-control wpcf7-text\" aria-invalid=\"false\" value=\"\" type=\"text\" name=\"your-endereco\" \/><\/span> <\/label>\n<\/p>\n<p><label> Code postal<br \/>\n<span class=\"wpcf7-form-control-wrap\" data-name=\"your-codpostal\"><input size=\"40\" maxlength=\"400\" class=\"wpcf7-form-control wpcf7-text\" aria-invalid=\"false\" value=\"\" type=\"text\" name=\"your-codpostal\" \/><\/span> <\/label>\n<\/p>\n<p><label> Ville<br \/>\n<span class=\"wpcf7-form-control-wrap\" data-name=\"your-cidade\"><input size=\"40\" maxlength=\"400\" class=\"wpcf7-form-control wpcf7-text\" aria-invalid=\"false\" value=\"\" type=\"text\" name=\"your-cidade\" \/><\/span> <\/label>\n<\/p>\n<p><label> Je souhaite une traduction*<br \/>\n<span class=\"wpcf7-form-control-wrap\" data-name=\"your-traducao\"><select class=\"wpcf7-form-control wpcf7-select wpcf7-validates-as-required\" aria-required=\"true\" aria-invalid=\"false\" name=\"your-traducao\"><option value=\"certifi\u00e9e\">certifi\u00e9e<\/option><option value=\"simple\">simple<\/option><\/select><\/span><\/label>\n<\/p>\n<p><label> de la langue *<br \/>\n<span class=\"wpcf7-form-control-wrap\" data-name=\"your-idioma1\"><select class=\"wpcf7-form-control wpcf7-select wpcf7-validates-as-required\" aria-required=\"true\" aria-invalid=\"false\" name=\"your-idioma1\"><option value=\"Albanais\">Albanais<\/option><option value=\"Allemand\">Allemand<\/option><option value=\"Anglais\">Anglais<\/option><option value=\"Arabe\">Arabe<\/option><option value=\"Arm\u00e9nien\">Arm\u00e9nien<\/option><option value=\"Bulgare\">Bulgare<\/option><option value=\"Chinois\">Chinois<\/option><option value=\"Cin\u00e9galais\">Cin\u00e9galais<\/option><option value=\"Cor\u00e9en\">Cor\u00e9en<\/option><option value=\"Croate\">Croate<\/option><option value=\"Danois\">Danois<\/option><option value=\"Espagnol\">Espagnol<\/option><option value=\"Estonien\">Estonien<\/option><option value=\"Finnois\">Finnois<\/option><option value=\"Fran\u00e7ais\">Fran\u00e7ais<\/option><option value=\"Grec\">Grec<\/option><option value=\"H\u00e9breu\">H\u00e9breu<\/option><option value=\"Hindou\">Hindou<\/option><option value=\"Hongrois\">Hongrois<\/option><option value=\"Italien\">Italien<\/option><option value=\"Japonais\">Japonais<\/option><option value=\"Latin\">Latin<\/option><option value=\"Letton\">Letton<\/option><option value=\"Lituanien\">Lituanien<\/option><option value=\"N\u00e9erlandais\">N\u00e9erlandais<\/option><option value=\"Norv\u00e9gien\">Norv\u00e9gien<\/option><option value=\"Pachtou\">Pachtou<\/option><option value=\"Polonais\">Polonais<\/option><option value=\"Portugais\">Portugais<\/option><option value=\"Roumain\">Roumain<\/option><option value=\"Russe\">Russe<\/option><option value=\"Slovaque\">Slovaque<\/option><option value=\"Slov\u00e8ne\">Slov\u00e8ne<\/option><option value=\"Su\u00e9dois\">Su\u00e9dois<\/option><option value=\"Serbe\">Serbe<\/option><option value=\"Tai\">Tai<\/option><option value=\"Tch\u00e8que\">Tch\u00e8que<\/option><option value=\"Turc\">Turc<\/option><option value=\"Ukrainien\">Ukrainien<\/option><option value=\"Vietnamien\">Vietnamien<\/option><\/select><\/span><\/label>\n<\/p>\n<p><label> vers la langue *<br \/>\n<span class=\"wpcf7-form-control-wrap\" data-name=\"your-idioma2\"><select class=\"wpcf7-form-control wpcf7-select wpcf7-validates-as-required\" aria-required=\"true\" aria-invalid=\"false\" name=\"your-idioma2\"><option value=\"Albanais\">Albanais<\/option><option value=\"Allemand\">Allemand<\/option><option value=\"Anglais\">Anglais<\/option><option value=\"Arabe\">Arabe<\/option><option value=\"Arm\u00e9nien\">Arm\u00e9nien<\/option><option value=\"Bulgare\">Bulgare<\/option><option value=\"Chinois\">Chinois<\/option><option value=\"Cin\u00e9galais\">Cin\u00e9galais<\/option><option value=\"Cor\u00e9en\">Cor\u00e9en<\/option><option value=\"Croate\">Croate<\/option><option value=\"Danois\">Danois<\/option><option value=\"Espagnol\">Espagnol<\/option><option value=\"Estonien\">Estonien<\/option><option value=\"Finnois\">Finnois<\/option><option value=\"Fran\u00e7ais\">Fran\u00e7ais<\/option><option value=\"Grec\">Grec<\/option><option value=\"H\u00e9breu\">H\u00e9breu<\/option><option value=\"Hindou\">Hindou<\/option><option value=\"Hongrois\">Hongrois<\/option><option value=\"Italien\">Italien<\/option><option value=\"Japonais\">Japonais<\/option><option value=\"Latin\">Latin<\/option><option value=\"Letton\">Letton<\/option><option value=\"Lituanien\">Lituanien<\/option><option value=\"N\u00e9erlandais\">N\u00e9erlandais<\/option><option value=\"Norv\u00e9gien\">Norv\u00e9gien<\/option><option value=\"Pachtou\">Pachtou<\/option><option value=\"Polonais\">Polonais<\/option><option value=\"Portugais\">Portugais<\/option><option value=\"Roumain\">Roumain<\/option><option value=\"Russe\">Russe<\/option><option value=\"Slovaque\">Slovaque<\/option><option value=\"Slov\u00e8ne\">Slov\u00e8ne<\/option><option value=\"Su\u00e9dois\">Su\u00e9dois<\/option><option value=\"Serbe\">Serbe<\/option><option value=\"Tai\">Tai<\/option><option value=\"Tch\u00e8que\">Tch\u00e8que<\/option><option value=\"Turc\">Turc<\/option><option value=\"Ukrainien\">Ukrainien<\/option><option value=\"Vietnamien\">Vietnamien<\/option><\/select><\/span><\/label>\n<\/p>\n<p><label> Remarques<br \/>\n<span class=\"wpcf7-form-control-wrap\" data-name=\"your-observacoes\"><textarea cols=\"40\" rows=\"10\" maxlength=\"2000\" class=\"wpcf7-form-control wpcf7-textarea\" aria-invalid=\"false\" name=\"your-observacoes\"><\/textarea><\/span> <\/label>\n<\/p>\n<p><label> T\u00e9l\u00e9chargez votre fichier ici *<br \/>\n<span class=\"wpcf7-form-control-wrap\" data-name=\"arquivos\"><input size=\"40\" class=\"wpcf7-form-control wpcf7-drag-n-drop-file d-none\" aria-required=\"true\" aria-invalid=\"false\" type=\"file\" multiple=\"multiple\" data-name=\"arquivos\" data-type=\"jpeg|jpg|pdf|doc|docx\" data-limit=\"10000000\" data-max=\"5\" data-id=\"250\" data-version=\"free version 1.3.8.4\" accept=\".jpeg, .jpg, .pdf, .doc, .docx\" \/><\/span><br \/>\n<span class=\"wpcf7-form-control-wrap\" data-name=\"dados\"><span class=\"wpcf7-form-control wpcf7-acceptance\"><span class=\"wpcf7-list-item\"><label><input type=\"checkbox\" name=\"dados\" value=\"1\" aria-invalid=\"false\" \/><span class=\"wpcf7-list-item-label\">J\u2019accepte la <a href=\"https:\/\/dr-feix.com\/fr\/protection-des-donnees\/\">D\u00e9claration de protection des donn\u00e9es\n<\/a>*.<\/span><\/label><\/span><\/span><\/span><br \/>\n<input class=\"wpcf7-form-control wpcf7-submit has-spinner\" type=\"submit\" value=\"Envoyer\" \/><\/label>\n<\/p><p style=\"display: none !important;\" class=\"akismet-fields-container\" data-prefix=\"_wpcf7_ak_\"><label>&#916;<textarea name=\"_wpcf7_ak_hp_textarea\" cols=\"45\" rows=\"8\" maxlength=\"100\"><\/textarea><\/label><input type=\"hidden\" id=\"ak_js_1\" name=\"_wpcf7_ak_js\" value=\"211\"\/><script>document.getElementById( \"ak_js_1\" ).setAttribute( \"value\", ( new Date() ).getTime() );<\/script><\/p><div class=\"wpcf7-response-output\" aria-hidden=\"true\"><\/div>\n<\/form>\n<\/div>\n\n<\/div>\n<\/div><\/div>\n","protected":false},"excerpt":{"rendered":"","protected":false},"author":2,"featured_media":0,"parent":0,"menu_order":0,"comment_status":"closed","ping_status":"closed","template":"","meta":{"_themeisle_gutenberg_block_has_review":false,"footnotes":""},"class_list":["post-229","page","type-page","status-publish","hentry"],"yoast_head":"<!-- This site is optimized with the Yoast SEO plugin v23.8 - https:\/\/yoast.com\/wordpress\/plugins\/seo\/ -->\n<title>Demande de devis - Dr. Feix Translations<\/title>\n<meta name=\"robots\" content=\"index, follow, max-snippet:-1, max-image-preview:large, max-video-preview:-1\" \/>\n<link rel=\"canonical\" href=\"https:\/\/dr-feix.com\/fr\/demande-de-devis\/\" \/>\n<meta property=\"og:locale\" content=\"fr_FR\" \/>\n<meta property=\"og:type\" content=\"article\" \/>\n<meta property=\"og:title\" content=\"Demande de devis - Dr. Feix Translations\" \/>\n<meta property=\"og:url\" content=\"https:\/\/dr-feix.com\/fr\/demande-de-devis\/\" \/>\n<meta property=\"og:site_name\" content=\"Dr. Feix Translations\" \/>\n<meta property=\"article:modified_time\" content=\"2021-09-30T13:49:22+00:00\" \/>\n<meta name=\"twitter:card\" content=\"summary_large_image\" \/>\n<meta name=\"twitter:label1\" content=\"Dur\u00e9e de lecture estim\u00e9e\" \/>\n\t<meta name=\"twitter:data1\" content=\"1 minute\" \/>\n<script type=\"application\/ld+json\" class=\"yoast-schema-graph\">{\"@context\":\"https:\/\/schema.org\",\"@graph\":[{\"@type\":\"WebPage\",\"@id\":\"https:\/\/dr-feix.com\/fr\/demande-de-devis\/\",\"url\":\"https:\/\/dr-feix.com\/fr\/demande-de-devis\/\",\"name\":\"Demande de devis - Dr. Feix Translations\",\"isPartOf\":{\"@id\":\"https:\/\/dr-feix.com\/fr\/#website\"},\"datePublished\":\"2020-02-23T12:56:35+00:00\",\"dateModified\":\"2021-09-30T13:49:22+00:00\",\"breadcrumb\":{\"@id\":\"https:\/\/dr-feix.com\/fr\/demande-de-devis\/#breadcrumb\"},\"inLanguage\":\"fr-FR\",\"potentialAction\":[{\"@type\":\"ReadAction\",\"target\":[\"https:\/\/dr-feix.com\/fr\/demande-de-devis\/\"]}]},{\"@type\":\"BreadcrumbList\",\"@id\":\"https:\/\/dr-feix.com\/fr\/demande-de-devis\/#breadcrumb\",\"itemListElement\":[{\"@type\":\"ListItem\",\"position\":1,\"name\":\"Startseite\",\"item\":\"https:\/\/dr-feix.com\/fr\/\"},{\"@type\":\"ListItem\",\"position\":2,\"name\":\"Demande de devis\"}]},{\"@type\":\"WebSite\",\"@id\":\"https:\/\/dr-feix.com\/fr\/#website\",\"url\":\"https:\/\/dr-feix.com\/fr\/\",\"name\":\"Dr. Feix Translations\",\"description\":\"\u00dcbersetzungsb\u00fcro Dr. Feix\",\"publisher\":{\"@id\":\"https:\/\/dr-feix.com\/fr\/#organization\"},\"potentialAction\":[{\"@type\":\"SearchAction\",\"target\":{\"@type\":\"EntryPoint\",\"urlTemplate\":\"https:\/\/dr-feix.com\/fr\/?s={search_term_string}\"},\"query-input\":{\"@type\":\"PropertyValueSpecification\",\"valueRequired\":true,\"valueName\":\"search_term_string\"}}],\"inLanguage\":\"fr-FR\"},{\"@type\":\"Organization\",\"@id\":\"https:\/\/dr-feix.com\/fr\/#organization\",\"name\":\"Dr. Feix Translations\",\"url\":\"https:\/\/dr-feix.com\/fr\/\",\"logo\":{\"@type\":\"ImageObject\",\"inLanguage\":\"fr-FR\",\"@id\":\"https:\/\/dr-feix.com\/fr\/#\/schema\/logo\/image\/\",\"url\":\"https:\/\/dr-feix.com\/wp-content\/uploads\/2020\/04\/cropped-dr-feix-logo-fundo-transparente-24-04.png\",\"contentUrl\":\"https:\/\/dr-feix.com\/wp-content\/uploads\/2020\/04\/cropped-dr-feix-logo-fundo-transparente-24-04.png\",\"width\":500,\"height\":310,\"caption\":\"Dr. Feix Translations\"},\"image\":{\"@id\":\"https:\/\/dr-feix.com\/fr\/#\/schema\/logo\/image\/\"}}]}<\/script>\n<!-- \/ Yoast SEO plugin. -->","yoast_head_json":{"title":"Demande de devis - Dr. Feix Translations","robots":{"index":"index","follow":"follow","max-snippet":"max-snippet:-1","max-image-preview":"max-image-preview:large","max-video-preview":"max-video-preview:-1"},"canonical":"https:\/\/dr-feix.com\/fr\/demande-de-devis\/","og_locale":"fr_FR","og_type":"article","og_title":"Demande de devis - Dr. Feix Translations","og_url":"https:\/\/dr-feix.com\/fr\/demande-de-devis\/","og_site_name":"Dr. Feix Translations","article_modified_time":"2021-09-30T13:49:22+00:00","twitter_card":"summary_large_image","twitter_misc":{"Dur\u00e9e de lecture estim\u00e9e":"1 minute"},"schema":{"@context":"https:\/\/schema.org","@graph":[{"@type":"WebPage","@id":"https:\/\/dr-feix.com\/fr\/demande-de-devis\/","url":"https:\/\/dr-feix.com\/fr\/demande-de-devis\/","name":"Demande de devis - Dr. Feix Translations","isPartOf":{"@id":"https:\/\/dr-feix.com\/fr\/#website"},"datePublished":"2020-02-23T12:56:35+00:00","dateModified":"2021-09-30T13:49:22+00:00","breadcrumb":{"@id":"https:\/\/dr-feix.com\/fr\/demande-de-devis\/#breadcrumb"},"inLanguage":"fr-FR","potentialAction":[{"@type":"ReadAction","target":["https:\/\/dr-feix.com\/fr\/demande-de-devis\/"]}]},{"@type":"BreadcrumbList","@id":"https:\/\/dr-feix.com\/fr\/demande-de-devis\/#breadcrumb","itemListElement":[{"@type":"ListItem","position":1,"name":"Startseite","item":"https:\/\/dr-feix.com\/fr\/"},{"@type":"ListItem","position":2,"name":"Demande de devis"}]},{"@type":"WebSite","@id":"https:\/\/dr-feix.com\/fr\/#website","url":"https:\/\/dr-feix.com\/fr\/","name":"Dr. Feix Translations","description":"\u00dcbersetzungsb\u00fcro Dr. Feix","publisher":{"@id":"https:\/\/dr-feix.com\/fr\/#organization"},"potentialAction":[{"@type":"SearchAction","target":{"@type":"EntryPoint","urlTemplate":"https:\/\/dr-feix.com\/fr\/?s={search_term_string}"},"query-input":{"@type":"PropertyValueSpecification","valueRequired":true,"valueName":"search_term_string"}}],"inLanguage":"fr-FR"},{"@type":"Organization","@id":"https:\/\/dr-feix.com\/fr\/#organization","name":"Dr. Feix Translations","url":"https:\/\/dr-feix.com\/fr\/","logo":{"@type":"ImageObject","inLanguage":"fr-FR","@id":"https:\/\/dr-feix.com\/fr\/#\/schema\/logo\/image\/","url":"https:\/\/dr-feix.com\/wp-content\/uploads\/2020\/04\/cropped-dr-feix-logo-fundo-transparente-24-04.png","contentUrl":"https:\/\/dr-feix.com\/wp-content\/uploads\/2020\/04\/cropped-dr-feix-logo-fundo-transparente-24-04.png","width":500,"height":310,"caption":"Dr. Feix Translations"},"image":{"@id":"https:\/\/dr-feix.com\/fr\/#\/schema\/logo\/image\/"}}]}},"_links":{"self":[{"href":"https:\/\/dr-feix.com\/fr\/wp-json\/wp\/v2\/pages\/229"}],"collection":[{"href":"https:\/\/dr-feix.com\/fr\/wp-json\/wp\/v2\/pages"}],"about":[{"href":"https:\/\/dr-feix.com\/fr\/wp-json\/wp\/v2\/types\/page"}],"author":[{"embeddable":true,"href":"https:\/\/dr-feix.com\/fr\/wp-json\/wp\/v2\/users\/2"}],"replies":[{"embeddable":true,"href":"https:\/\/dr-feix.com\/fr\/wp-json\/wp\/v2\/comments?post=229"}],"version-history":[{"count":7,"href":"https:\/\/dr-feix.com\/fr\/wp-json\/wp\/v2\/pages\/229\/revisions"}],"predecessor-version":[{"id":534,"href":"https:\/\/dr-feix.com\/fr\/wp-json\/wp\/v2\/pages\/229\/revisions\/534"}],"wp:attachment":[{"href":"https:\/\/dr-feix.com\/fr\/wp-json\/wp\/v2\/media?parent=229"}],"curies":[{"name":"wp","href":"https:\/\/api.w.org\/{rel}","templated":true}]}}