{"id":85,"date":"2020-01-12T12:40:11","date_gmt":"2020-01-12T11:40:11","guid":{"rendered":"http:\/\/feix.ulrichgeber.de\/home\/"},"modified":"2021-09-30T15:34:10","modified_gmt":"2021-09-30T13:34:10","slug":"home","status":"publish","type":"page","link":"https:\/\/dr-feix.com\/fr\/","title":{"rendered":"Page d&rsquo;accueil"},"content":{"rendered":"\n<h2 class=\"wp-block-heading\">\u00dcbersetzungsb\u00fcro Dr. Feix<\/h2>\n\n\n\n<h3 class=\"wp-block-heading\">Traductions sp\u00e9cialis\u00e9es\u00a0\u2013\u00a0Traductions asserment\u00e9es\u00a0\u2013\u00a0Toutes langues<\/h3>\n\n\n\n<ul class=\"wp-block-list\"><li>Technique \u2013 Droit \u2013 \u00c9conomie \u2013 Administration \u2013 M\u00e9decine <\/li><li>Relecture <\/li><li>TAO<\/li><li>PAO associ\u00e9e \u00e0 Windows + formats MAC, sites web <\/li><li>Anglais, fran\u00e7ais, espagnol, italien, portugais, n\u00e9erlandais, latin<\/li><li>Langues asiatiques, scandinaves, slaves parmi d\u2019autres langues <\/li><\/ul>\n","protected":false},"excerpt":{"rendered":"<p>\u00dcbersetzungsb\u00fcro Dr. Feix Traductions sp\u00e9cialis\u00e9es\u00a0\u2013\u00a0Traductions asserment\u00e9es\u00a0\u2013\u00a0Toutes langues Technique \u2013 Droit \u2013 \u00c9conomie \u2013 Administration \u2013 M\u00e9decine Relecture TAO PAO associ\u00e9e \u00e0 Windows + formats MAC, sites web Anglais, fran\u00e7ais, espagnol, italien, portugais, n\u00e9erlandais, latin Langues asiatiques, scandinaves, slaves parmi d\u2019autres langues<\/p>\n","protected":false},"author":2,"featured_media":0,"parent":0,"menu_order":0,"comment_status":"closed","ping_status":"closed","template":"","meta":{"_themeisle_gutenberg_block_has_review":false,"footnotes":""},"class_list":["post-85","page","type-page","status-publish","hentry"],"yoast_head":"<!-- This site is optimized with the Yoast SEO plugin v23.8 - https:\/\/yoast.com\/wordpress\/plugins\/seo\/ -->\n<title>Page d&#039;accueil - Dr. Feix Translations<\/title>\n<meta name=\"robots\" content=\"index, follow, max-snippet:-1, max-image-preview:large, max-video-preview:-1\" \/>\n<link rel=\"canonical\" href=\"https:\/\/dr-feix.com\/fr\/\" \/>\n<meta property=\"og:locale\" content=\"fr_FR\" \/>\n<meta property=\"og:type\" content=\"article\" \/>\n<meta property=\"og:title\" content=\"Page d&#039;accueil - Dr. Feix Translations\" \/>\n<meta property=\"og:description\" content=\"\u00dcbersetzungsb\u00fcro Dr. Feix Traductions sp\u00e9cialis\u00e9es\u00a0\u2013\u00a0Traductions asserment\u00e9es\u00a0\u2013\u00a0Toutes langues Technique \u2013 Droit \u2013 \u00c9conomie \u2013 Administration \u2013 M\u00e9decine Relecture TAO PAO associ\u00e9e \u00e0 Windows + formats MAC, sites web Anglais, fran\u00e7ais, espagnol, italien, portugais, n\u00e9erlandais, latin Langues asiatiques, scandinaves, slaves parmi d\u2019autres langues\" \/>\n<meta property=\"og:url\" content=\"https:\/\/dr-feix.com\/fr\/\" \/>\n<meta property=\"og:site_name\" content=\"Dr. Feix Translations\" \/>\n<meta property=\"article:modified_time\" content=\"2021-09-30T13:34:10+00:00\" \/>\n<meta name=\"twitter:card\" content=\"summary_large_image\" \/>\n<script type=\"application\/ld+json\" class=\"yoast-schema-graph\">{\"@context\":\"https:\/\/schema.org\",\"@graph\":[{\"@type\":\"WebPage\",\"@id\":\"https:\/\/dr-feix.com\/fr\/\",\"url\":\"https:\/\/dr-feix.com\/fr\/\",\"name\":\"Page d'accueil - Dr. Feix Translations\",\"isPartOf\":{\"@id\":\"https:\/\/dr-feix.com\/fr\/#website\"},\"datePublished\":\"2020-01-12T11:40:11+00:00\",\"dateModified\":\"2021-09-30T13:34:10+00:00\",\"breadcrumb\":{\"@id\":\"https:\/\/dr-feix.com\/fr\/#breadcrumb\"},\"inLanguage\":\"fr-FR\",\"potentialAction\":[{\"@type\":\"ReadAction\",\"target\":[\"https:\/\/dr-feix.com\/fr\/\"]}]},{\"@type\":\"BreadcrumbList\",\"@id\":\"https:\/\/dr-feix.com\/fr\/#breadcrumb\",\"itemListElement\":[{\"@type\":\"ListItem\",\"position\":1,\"name\":\"Startseite\",\"item\":\"https:\/\/dr-feix.com\/fr\/\"},{\"@type\":\"ListItem\",\"position\":2,\"name\":\"Page d&rsquo;accueil\"}]},{\"@type\":\"WebSite\",\"@id\":\"https:\/\/dr-feix.com\/fr\/#website\",\"url\":\"https:\/\/dr-feix.com\/fr\/\",\"name\":\"Dr. Feix Translations\",\"description\":\"\u00dcbersetzungsb\u00fcro Dr. Feix\",\"publisher\":{\"@id\":\"https:\/\/dr-feix.com\/fr\/#organization\"},\"potentialAction\":[{\"@type\":\"SearchAction\",\"target\":{\"@type\":\"EntryPoint\",\"urlTemplate\":\"https:\/\/dr-feix.com\/fr\/?s={search_term_string}\"},\"query-input\":{\"@type\":\"PropertyValueSpecification\",\"valueRequired\":true,\"valueName\":\"search_term_string\"}}],\"inLanguage\":\"fr-FR\"},{\"@type\":\"Organization\",\"@id\":\"https:\/\/dr-feix.com\/fr\/#organization\",\"name\":\"Dr. Feix Translations\",\"url\":\"https:\/\/dr-feix.com\/fr\/\",\"logo\":{\"@type\":\"ImageObject\",\"inLanguage\":\"fr-FR\",\"@id\":\"https:\/\/dr-feix.com\/fr\/#\/schema\/logo\/image\/\",\"url\":\"https:\/\/dr-feix.com\/wp-content\/uploads\/2020\/04\/cropped-dr-feix-logo-fundo-transparente-24-04.png\",\"contentUrl\":\"https:\/\/dr-feix.com\/wp-content\/uploads\/2020\/04\/cropped-dr-feix-logo-fundo-transparente-24-04.png\",\"width\":500,\"height\":310,\"caption\":\"Dr. Feix Translations\"},\"image\":{\"@id\":\"https:\/\/dr-feix.com\/fr\/#\/schema\/logo\/image\/\"}}]}<\/script>\n<!-- \/ Yoast SEO plugin. -->","yoast_head_json":{"title":"Page d'accueil - Dr. Feix Translations","robots":{"index":"index","follow":"follow","max-snippet":"max-snippet:-1","max-image-preview":"max-image-preview:large","max-video-preview":"max-video-preview:-1"},"canonical":"https:\/\/dr-feix.com\/fr\/","og_locale":"fr_FR","og_type":"article","og_title":"Page d'accueil - Dr. Feix Translations","og_description":"\u00dcbersetzungsb\u00fcro Dr. Feix Traductions sp\u00e9cialis\u00e9es\u00a0\u2013\u00a0Traductions asserment\u00e9es\u00a0\u2013\u00a0Toutes langues Technique \u2013 Droit \u2013 \u00c9conomie \u2013 Administration \u2013 M\u00e9decine Relecture TAO PAO associ\u00e9e \u00e0 Windows + formats MAC, sites web Anglais, fran\u00e7ais, espagnol, italien, portugais, n\u00e9erlandais, latin Langues asiatiques, scandinaves, slaves parmi d\u2019autres langues","og_url":"https:\/\/dr-feix.com\/fr\/","og_site_name":"Dr. Feix Translations","article_modified_time":"2021-09-30T13:34:10+00:00","twitter_card":"summary_large_image","schema":{"@context":"https:\/\/schema.org","@graph":[{"@type":"WebPage","@id":"https:\/\/dr-feix.com\/fr\/","url":"https:\/\/dr-feix.com\/fr\/","name":"Page d'accueil - Dr. Feix Translations","isPartOf":{"@id":"https:\/\/dr-feix.com\/fr\/#website"},"datePublished":"2020-01-12T11:40:11+00:00","dateModified":"2021-09-30T13:34:10+00:00","breadcrumb":{"@id":"https:\/\/dr-feix.com\/fr\/#breadcrumb"},"inLanguage":"fr-FR","potentialAction":[{"@type":"ReadAction","target":["https:\/\/dr-feix.com\/fr\/"]}]},{"@type":"BreadcrumbList","@id":"https:\/\/dr-feix.com\/fr\/#breadcrumb","itemListElement":[{"@type":"ListItem","position":1,"name":"Startseite","item":"https:\/\/dr-feix.com\/fr\/"},{"@type":"ListItem","position":2,"name":"Page d&rsquo;accueil"}]},{"@type":"WebSite","@id":"https:\/\/dr-feix.com\/fr\/#website","url":"https:\/\/dr-feix.com\/fr\/","name":"Dr. Feix Translations","description":"\u00dcbersetzungsb\u00fcro Dr. Feix","publisher":{"@id":"https:\/\/dr-feix.com\/fr\/#organization"},"potentialAction":[{"@type":"SearchAction","target":{"@type":"EntryPoint","urlTemplate":"https:\/\/dr-feix.com\/fr\/?s={search_term_string}"},"query-input":{"@type":"PropertyValueSpecification","valueRequired":true,"valueName":"search_term_string"}}],"inLanguage":"fr-FR"},{"@type":"Organization","@id":"https:\/\/dr-feix.com\/fr\/#organization","name":"Dr. Feix Translations","url":"https:\/\/dr-feix.com\/fr\/","logo":{"@type":"ImageObject","inLanguage":"fr-FR","@id":"https:\/\/dr-feix.com\/fr\/#\/schema\/logo\/image\/","url":"https:\/\/dr-feix.com\/wp-content\/uploads\/2020\/04\/cropped-dr-feix-logo-fundo-transparente-24-04.png","contentUrl":"https:\/\/dr-feix.com\/wp-content\/uploads\/2020\/04\/cropped-dr-feix-logo-fundo-transparente-24-04.png","width":500,"height":310,"caption":"Dr. Feix Translations"},"image":{"@id":"https:\/\/dr-feix.com\/fr\/#\/schema\/logo\/image\/"}}]}},"_links":{"self":[{"href":"https:\/\/dr-feix.com\/fr\/wp-json\/wp\/v2\/pages\/85"}],"collection":[{"href":"https:\/\/dr-feix.com\/fr\/wp-json\/wp\/v2\/pages"}],"about":[{"href":"https:\/\/dr-feix.com\/fr\/wp-json\/wp\/v2\/types\/page"}],"author":[{"embeddable":true,"href":"https:\/\/dr-feix.com\/fr\/wp-json\/wp\/v2\/users\/2"}],"replies":[{"embeddable":true,"href":"https:\/\/dr-feix.com\/fr\/wp-json\/wp\/v2\/comments?post=85"}],"version-history":[{"count":9,"href":"https:\/\/dr-feix.com\/fr\/wp-json\/wp\/v2\/pages\/85\/revisions"}],"predecessor-version":[{"id":527,"href":"https:\/\/dr-feix.com\/fr\/wp-json\/wp\/v2\/pages\/85\/revisions\/527"}],"wp:attachment":[{"href":"https:\/\/dr-feix.com\/fr\/wp-json\/wp\/v2\/media?parent=85"}],"curies":[{"name":"wp","href":"https:\/\/api.w.org\/{rel}","templated":true}]}}