{"id":92,"date":"2020-01-12T12:50:56","date_gmt":"2020-01-12T11:50:56","guid":{"rendered":"http:\/\/feix.ulrichgeber.de\/unternehmen\/"},"modified":"2020-04-15T10:24:17","modified_gmt":"2020-04-15T08:24:17","slug":"unternehmen","status":"publish","type":"page","link":"https:\/\/dr-feix.com\/fr\/unternehmen\/","title":{"rendered":"\u00c0 propos"},"content":{"rendered":"\n<h2 class=\"wp-block-heading\"><strong>Agence de traduction Dr. Feix<\/strong> <\/h2>\n\n\n\n<p>L\u2019agence de traduction du Dr. Feix est aujourd\u2019hui fi\u00e8re de la r\u00e9putation qu\u2019elle a acquise durant ses 30 ann\u00e9es d\u2019existence. Notre maison m\u00e8re est bas\u00e9e \u00e0 Sarrebruck-Dudweiler, dans le sud-ouest de l\u2019Allemagne. <br>En collaboration avec notre partenaire install\u00e9 \u00e0 Sarreguemines (France) depuis plus de 20 ans, nous offrons des services de traduction et d\u2019interpr\u00e9tation de grande qualit\u00e9 et nous adaptons aux souhaits et aux exigences de nos clients, particuliers ou entreprises.<br>Plus de 350 grandes entreprises des secteurs de l\u2019\u00e9conomie, de l\u2019industrie, du commerce, de la m\u00e9decine et de la recherche bas\u00e9es en Allemagne et dans d\u2019autres pays sont d\u00e9j\u00e0 satisfaites de nos prestations.<br>Nous employons des traducteurs de langue maternelle experts dans votre domaine de sp\u00e9cialisation. <br>Nous sommes ainsi en mesure d\u2019offrir \u00e0 la fois des traductions \u00e0 caract\u00e8re technique de haute qualit\u00e9 et des adaptations publicitaires en  ad\u00e9quation avec la conjoncture du pays o\u00f9 elles seront diffus\u00e9es. <\/p>\n","protected":false},"excerpt":{"rendered":"<p>Agence de traduction Dr. Feix L\u2019agence de traduction du Dr. Feix est aujourd\u2019hui fi\u00e8re de la r\u00e9putation qu\u2019elle a acquise durant ses 30 ann\u00e9es d\u2019existence. Notre maison m\u00e8re est bas\u00e9e \u00e0 Sarrebruck-Dudweiler, dans le sud-ouest de l\u2019Allemagne. En collaboration avec notre partenaire install\u00e9 \u00e0 Sarreguemines (France) depuis plus de 20 ans, nous offrons des services&hellip;&nbsp;<a href=\"https:\/\/dr-feix.com\/fr\/unternehmen\/\" class=\"\" rel=\"bookmark\">Lire la suite &raquo;<span class=\"screen-reader-text\">\u00c0 propos<\/span><\/a><\/p>\n","protected":false},"author":2,"featured_media":0,"parent":0,"menu_order":0,"comment_status":"closed","ping_status":"closed","template":"","meta":{"_themeisle_gutenberg_block_has_review":false,"footnotes":""},"class_list":["post-92","page","type-page","status-publish","hentry"],"yoast_head":"<!-- This site is optimized with the Yoast SEO plugin v23.8 - https:\/\/yoast.com\/wordpress\/plugins\/seo\/ -->\n<title>\u00c0 propos - Dr. Feix Translations<\/title>\n<meta name=\"robots\" content=\"index, follow, max-snippet:-1, max-image-preview:large, max-video-preview:-1\" \/>\n<link rel=\"canonical\" href=\"https:\/\/dr-feix.com\/fr\/unternehmen\/\" \/>\n<meta property=\"og:locale\" content=\"fr_FR\" \/>\n<meta property=\"og:type\" content=\"article\" \/>\n<meta property=\"og:title\" content=\"\u00c0 propos - Dr. Feix Translations\" \/>\n<meta property=\"og:description\" content=\"Agence de traduction Dr. Feix L\u2019agence de traduction du Dr. Feix est aujourd\u2019hui fi\u00e8re de la r\u00e9putation qu\u2019elle a acquise durant ses 30 ann\u00e9es d\u2019existence. Notre maison m\u00e8re est bas\u00e9e \u00e0 Sarrebruck-Dudweiler, dans le sud-ouest de l\u2019Allemagne. En collaboration avec notre partenaire install\u00e9 \u00e0 Sarreguemines (France) depuis plus de 20 ans, nous offrons des services&hellip;&nbsp;Lire la suite &raquo;\u00c0 propos\" \/>\n<meta property=\"og:url\" content=\"https:\/\/dr-feix.com\/fr\/unternehmen\/\" \/>\n<meta property=\"og:site_name\" content=\"Dr. Feix Translations\" \/>\n<meta property=\"article:modified_time\" content=\"2020-04-15T08:24:17+00:00\" \/>\n<meta name=\"twitter:card\" content=\"summary_large_image\" \/>\n<meta name=\"twitter:label1\" content=\"Dur\u00e9e de lecture estim\u00e9e\" \/>\n\t<meta name=\"twitter:data1\" content=\"1 minute\" \/>\n<script type=\"application\/ld+json\" class=\"yoast-schema-graph\">{\"@context\":\"https:\/\/schema.org\",\"@graph\":[{\"@type\":\"WebPage\",\"@id\":\"https:\/\/dr-feix.com\/fr\/unternehmen\/\",\"url\":\"https:\/\/dr-feix.com\/fr\/unternehmen\/\",\"name\":\"\u00c0 propos - Dr. Feix Translations\",\"isPartOf\":{\"@id\":\"https:\/\/dr-feix.com\/fr\/#website\"},\"datePublished\":\"2020-01-12T11:50:56+00:00\",\"dateModified\":\"2020-04-15T08:24:17+00:00\",\"breadcrumb\":{\"@id\":\"https:\/\/dr-feix.com\/fr\/unternehmen\/#breadcrumb\"},\"inLanguage\":\"fr-FR\",\"potentialAction\":[{\"@type\":\"ReadAction\",\"target\":[\"https:\/\/dr-feix.com\/fr\/unternehmen\/\"]}]},{\"@type\":\"BreadcrumbList\",\"@id\":\"https:\/\/dr-feix.com\/fr\/unternehmen\/#breadcrumb\",\"itemListElement\":[{\"@type\":\"ListItem\",\"position\":1,\"name\":\"Startseite\",\"item\":\"https:\/\/dr-feix.com\/fr\/\"},{\"@type\":\"ListItem\",\"position\":2,\"name\":\"\u00c0 propos\"}]},{\"@type\":\"WebSite\",\"@id\":\"https:\/\/dr-feix.com\/fr\/#website\",\"url\":\"https:\/\/dr-feix.com\/fr\/\",\"name\":\"Dr. Feix Translations\",\"description\":\"\u00dcbersetzungsb\u00fcro Dr. Feix\",\"publisher\":{\"@id\":\"https:\/\/dr-feix.com\/fr\/#organization\"},\"potentialAction\":[{\"@type\":\"SearchAction\",\"target\":{\"@type\":\"EntryPoint\",\"urlTemplate\":\"https:\/\/dr-feix.com\/fr\/?s={search_term_string}\"},\"query-input\":{\"@type\":\"PropertyValueSpecification\",\"valueRequired\":true,\"valueName\":\"search_term_string\"}}],\"inLanguage\":\"fr-FR\"},{\"@type\":\"Organization\",\"@id\":\"https:\/\/dr-feix.com\/fr\/#organization\",\"name\":\"Dr. Feix Translations\",\"url\":\"https:\/\/dr-feix.com\/fr\/\",\"logo\":{\"@type\":\"ImageObject\",\"inLanguage\":\"fr-FR\",\"@id\":\"https:\/\/dr-feix.com\/fr\/#\/schema\/logo\/image\/\",\"url\":\"https:\/\/dr-feix.com\/wp-content\/uploads\/2020\/04\/cropped-dr-feix-logo-fundo-transparente-24-04.png\",\"contentUrl\":\"https:\/\/dr-feix.com\/wp-content\/uploads\/2020\/04\/cropped-dr-feix-logo-fundo-transparente-24-04.png\",\"width\":500,\"height\":310,\"caption\":\"Dr. Feix Translations\"},\"image\":{\"@id\":\"https:\/\/dr-feix.com\/fr\/#\/schema\/logo\/image\/\"}}]}<\/script>\n<!-- \/ Yoast SEO plugin. -->","yoast_head_json":{"title":"\u00c0 propos - Dr. Feix Translations","robots":{"index":"index","follow":"follow","max-snippet":"max-snippet:-1","max-image-preview":"max-image-preview:large","max-video-preview":"max-video-preview:-1"},"canonical":"https:\/\/dr-feix.com\/fr\/unternehmen\/","og_locale":"fr_FR","og_type":"article","og_title":"\u00c0 propos - Dr. Feix Translations","og_description":"Agence de traduction Dr. Feix L\u2019agence de traduction du Dr. Feix est aujourd\u2019hui fi\u00e8re de la r\u00e9putation qu\u2019elle a acquise durant ses 30 ann\u00e9es d\u2019existence. Notre maison m\u00e8re est bas\u00e9e \u00e0 Sarrebruck-Dudweiler, dans le sud-ouest de l\u2019Allemagne. En collaboration avec notre partenaire install\u00e9 \u00e0 Sarreguemines (France) depuis plus de 20 ans, nous offrons des services&hellip;&nbsp;Lire la suite &raquo;\u00c0 propos","og_url":"https:\/\/dr-feix.com\/fr\/unternehmen\/","og_site_name":"Dr. Feix Translations","article_modified_time":"2020-04-15T08:24:17+00:00","twitter_card":"summary_large_image","twitter_misc":{"Dur\u00e9e de lecture estim\u00e9e":"1 minute"},"schema":{"@context":"https:\/\/schema.org","@graph":[{"@type":"WebPage","@id":"https:\/\/dr-feix.com\/fr\/unternehmen\/","url":"https:\/\/dr-feix.com\/fr\/unternehmen\/","name":"\u00c0 propos - Dr. Feix Translations","isPartOf":{"@id":"https:\/\/dr-feix.com\/fr\/#website"},"datePublished":"2020-01-12T11:50:56+00:00","dateModified":"2020-04-15T08:24:17+00:00","breadcrumb":{"@id":"https:\/\/dr-feix.com\/fr\/unternehmen\/#breadcrumb"},"inLanguage":"fr-FR","potentialAction":[{"@type":"ReadAction","target":["https:\/\/dr-feix.com\/fr\/unternehmen\/"]}]},{"@type":"BreadcrumbList","@id":"https:\/\/dr-feix.com\/fr\/unternehmen\/#breadcrumb","itemListElement":[{"@type":"ListItem","position":1,"name":"Startseite","item":"https:\/\/dr-feix.com\/fr\/"},{"@type":"ListItem","position":2,"name":"\u00c0 propos"}]},{"@type":"WebSite","@id":"https:\/\/dr-feix.com\/fr\/#website","url":"https:\/\/dr-feix.com\/fr\/","name":"Dr. Feix Translations","description":"\u00dcbersetzungsb\u00fcro Dr. Feix","publisher":{"@id":"https:\/\/dr-feix.com\/fr\/#organization"},"potentialAction":[{"@type":"SearchAction","target":{"@type":"EntryPoint","urlTemplate":"https:\/\/dr-feix.com\/fr\/?s={search_term_string}"},"query-input":{"@type":"PropertyValueSpecification","valueRequired":true,"valueName":"search_term_string"}}],"inLanguage":"fr-FR"},{"@type":"Organization","@id":"https:\/\/dr-feix.com\/fr\/#organization","name":"Dr. Feix Translations","url":"https:\/\/dr-feix.com\/fr\/","logo":{"@type":"ImageObject","inLanguage":"fr-FR","@id":"https:\/\/dr-feix.com\/fr\/#\/schema\/logo\/image\/","url":"https:\/\/dr-feix.com\/wp-content\/uploads\/2020\/04\/cropped-dr-feix-logo-fundo-transparente-24-04.png","contentUrl":"https:\/\/dr-feix.com\/wp-content\/uploads\/2020\/04\/cropped-dr-feix-logo-fundo-transparente-24-04.png","width":500,"height":310,"caption":"Dr. Feix Translations"},"image":{"@id":"https:\/\/dr-feix.com\/fr\/#\/schema\/logo\/image\/"}}]}},"_links":{"self":[{"href":"https:\/\/dr-feix.com\/fr\/wp-json\/wp\/v2\/pages\/92"}],"collection":[{"href":"https:\/\/dr-feix.com\/fr\/wp-json\/wp\/v2\/pages"}],"about":[{"href":"https:\/\/dr-feix.com\/fr\/wp-json\/wp\/v2\/types\/page"}],"author":[{"embeddable":true,"href":"https:\/\/dr-feix.com\/fr\/wp-json\/wp\/v2\/users\/2"}],"replies":[{"embeddable":true,"href":"https:\/\/dr-feix.com\/fr\/wp-json\/wp\/v2\/comments?post=92"}],"version-history":[{"count":5,"href":"https:\/\/dr-feix.com\/fr\/wp-json\/wp\/v2\/pages\/92\/revisions"}],"predecessor-version":[{"id":440,"href":"https:\/\/dr-feix.com\/fr\/wp-json\/wp\/v2\/pages\/92\/revisions\/440"}],"wp:attachment":[{"href":"https:\/\/dr-feix.com\/fr\/wp-json\/wp\/v2\/media?parent=92"}],"curies":[{"name":"wp","href":"https:\/\/api.w.org\/{rel}","templated":true}]}}