{"id":102,"date":"2020-01-12T12:52:28","date_gmt":"2020-01-12T11:52:28","guid":{"rendered":"http:\/\/feix.ulrichgeber.de\/arbeitsweise\/"},"modified":"2020-03-10T16:59:31","modified_gmt":"2020-03-10T15:59:31","slug":"arbeitsweise","status":"publish","type":"page","link":"https:\/\/dr-feix.com\/pt-pt\/arbeitsweise\/","title":{"rendered":"Como trabalhamos"},"content":{"rendered":"\n<h2 class=\"wp-block-heading\">Nossa for\u00e7a \u00e9 a qualidade <\/h2>\n\n\n\n<p>Garantimos ao cliente  excel\u00eancia na qualidade das tradu\u00e7\u00f5es,  cumprimento dos prazos estipulados, entrega das  tradu\u00e7\u00f5es em qualquer formato de  uso corrente em programas para PC e Macintosh  ou, se o cliente desejar,  o servi\u00e7o completo, com a arte final pronta no idioma  alvo, a entregar  em meio de armazenamento ou pela internet. <\/p>\n\n\n\n<h2 class=\"wp-block-heading\">Tradutores formados e  juramentados <\/h2>\n\n\n\n<p>Provenientes maioritariamente de universidades e institutos de tradu\u00e7\u00e3o e interpreta\u00e7\u00e3o, os nossos tradutores beneficiam de uma experi\u00eancia profissional de v\u00e1rios anos e especializaram-se nos diversos dom\u00ednios, trabalhando lado a lado com profissionais, designadamente do mundo da medicina, do direito e da ind\u00fastria.<br>Colaboramos tamb\u00e9m com uma grande rede de tradutores bilingues, profissionais e especializados, escrupulosamente selecionados.<\/p>\n\n\n\n<p>Nossa equipe interna \u00e9  composta por tradutores e int\u00e9rpretes  juramentados para seis idiomas da Europa  Ocidental (franc\u00eas, alem\u00e3o, ingl\u00eas, italiano, espanhol, portugu\u00eas) e russo. Para muitas  outras  l\u00ednguas, inclusive as l\u00ednguas raras, contamos com tradutores  competentes. <\/p>\n\n\n\n<h2 class=\"wp-block-heading\">Contato pessoal <\/h2>\n\n\n\n<p>N\u00e3o raro, nos deslocamos para  tratar pessoalmente com nossos clientes  sobre projetos de grande volume ou  participa\u00e7\u00f5es em feiras, pois para  n\u00f3s o contato pessoal \u00e9 um prerequisito  fundamental para uma coopera\u00e7\u00e3o  produtiva e bem-sucedida. <\/p>\n\n\n\n<h2 class=\"wp-block-heading\">Hardware e programas de \u00faltima  gera\u00e7\u00e3o <\/h2>\n\n\n\n<p>O fator mais importante para  garantir a nossa qualidade s\u00e3o os nossos  profissionais.  Para apoiar o nosso trabalho usamos sempre hardware e  software de \u00faltima  gera\u00e7\u00e3o. Para maior efici\u00eancia, trabalhamos com um sistema de mem\u00f3rias de tradu\u00e7\u00e3o.<br> Usamos sempre as vers\u00f5es mais recentes de todos os programas de  composi\u00e7\u00e3o, edi\u00e7\u00e3o de texto e de layout.<br> Para dar conta do crescente tamanho dos arquivos, nossos sistemas de  computadores s\u00e3o continuamente atualizados. <\/p>\n\n\n\n<h2 class=\"wp-block-heading\">Qualidade garantida ao longo de todo o processo de tradu\u00e7\u00e3o <\/h2>\n\n\n\n<p>Utilizamos uma ferramenta de TAC (tradu\u00e7\u00e3o assistida por computador, n\u00e3o confundir com TA \u2013 tradu\u00e7\u00e3o autom\u00e1tica)  utilizada por mais de 250.000 profissionais da tradu\u00e7\u00e3o, integrando uma variedade de fun\u00e7\u00f5es avan\u00e7adas que permitem realizar projetos de tradu\u00e7\u00e3o com uma qualidade irrepreens\u00edvel. No centro do funcionamento encontra-se a tecnologia de mem\u00f3rias de tradu\u00e7\u00e3o que permite reutilizar perpetuamente conte\u00fados j\u00e1 traduzidos e reduzir, assim, consideravelmente, os prazos necess\u00e1rios para os projetos de tradu\u00e7\u00e3o, garantindo, ao mesmo tempo, uma qualidade elevada. Integram-se as mem\u00f3rias de tradu\u00e7\u00e3o e as funcionalidades terminol\u00f3gicas que permitem garantir a coer\u00eancia, o tom e a qualidade dos conte\u00fados em todos os idiomas.<\/p>\n\n\n\n<h2 class=\"wp-block-heading\"><strong><em>C\u00f3digo deontol\u00f3gico<\/em><\/strong><\/h2>\n\n\n\n<p>Comprometemo-nos a executar a nossa miss\u00e3o com retid\u00e3o e integridade e a trabalhar cumprindo as regras do setor:<\/p>\n\n\n\n<ul class=\"wp-block-list\"><li> restituindo fielmente a mensagem do documento que nos \u00e9 confiado<\/li><li> dispondo dos conhecimentos e das compet\u00eancias necess\u00e1rios no dom\u00ednio da especialidade da miss\u00e3o<\/li><li> documentando-nos tendo em vista uma compreens\u00e3o e restitui\u00e7\u00e3o perfeitas dos documentos a traduzir<\/li><li> <strong>confidencialidade<\/strong>: qualquer que seja o tipo de documento que nos chegue, estamos vinculados \u00e0 mais estrita confidencialidade. Cumprimos o sigilo profissional n\u00e3o apenas no que diz respeito ao trabalho de tradu\u00e7\u00e3o, mas tamb\u00e9m em mat\u00e9ria de pagina\u00e7\u00e3o e, consequentemente, durante o arquivamento. Isto pode ser confirmado ao cliente atrav\u00e9s de um documento separado e mediante um simples pedido. <\/li><\/ul>\n","protected":false},"excerpt":{"rendered":"<p>Nossa for\u00e7a \u00e9 a qualidade Garantimos ao cliente excel\u00eancia na qualidade das tradu\u00e7\u00f5es, cumprimento dos prazos estipulados, entrega das tradu\u00e7\u00f5es em qualquer formato de uso corrente em programas para PC e Macintosh ou, se o cliente desejar, o servi\u00e7o completo, com a arte final pronta no idioma alvo, a entregar em meio de armazenamento ou&hellip;&nbsp;<a href=\"https:\/\/dr-feix.com\/pt-pt\/arbeitsweise\/\" class=\"\" rel=\"bookmark\">Read More &raquo;<span class=\"screen-reader-text\">Como trabalhamos<\/span><\/a><\/p>\n","protected":false},"author":2,"featured_media":0,"parent":0,"menu_order":0,"comment_status":"closed","ping_status":"closed","template":"","meta":{"_themeisle_gutenberg_block_has_review":false,"footnotes":""},"class_list":["post-102","page","type-page","status-publish","hentry"],"yoast_head":"<!-- This site is optimized with the Yoast SEO plugin v23.8 - https:\/\/yoast.com\/wordpress\/plugins\/seo\/ -->\n<title>Como trabalhamos - Dr. Feix Translations<\/title>\n<meta name=\"robots\" content=\"index, follow, max-snippet:-1, max-image-preview:large, max-video-preview:-1\" \/>\n<link rel=\"canonical\" href=\"https:\/\/dr-feix.com\/arbeitsweise\/\" \/>\n<meta property=\"og:locale\" content=\"pt_PT\" \/>\n<meta property=\"og:type\" content=\"article\" \/>\n<meta property=\"og:title\" content=\"Como trabalhamos - Dr. Feix Translations\" \/>\n<meta property=\"og:description\" content=\"Nossa for\u00e7a \u00e9 a qualidade Garantimos ao cliente excel\u00eancia na qualidade das tradu\u00e7\u00f5es, cumprimento dos prazos estipulados, entrega das tradu\u00e7\u00f5es em qualquer formato de uso corrente em programas para PC e Macintosh ou, se o cliente desejar, o servi\u00e7o completo, com a arte final pronta no idioma alvo, a entregar em meio de armazenamento ou&hellip;&nbsp;Read More &raquo;Como trabalhamos\" \/>\n<meta property=\"og:url\" content=\"https:\/\/dr-feix.com\/arbeitsweise\/\" \/>\n<meta property=\"og:site_name\" content=\"Dr. Feix Translations\" \/>\n<meta property=\"article:modified_time\" content=\"2020-03-10T15:59:31+00:00\" \/>\n<meta name=\"twitter:card\" content=\"summary_large_image\" \/>\n<meta name=\"twitter:label1\" content=\"Tempo estimado de leitura\" \/>\n\t<meta name=\"twitter:data1\" content=\"3 minutos\" \/>\n<script type=\"application\/ld+json\" class=\"yoast-schema-graph\">{\"@context\":\"https:\/\/schema.org\",\"@graph\":[{\"@type\":\"WebPage\",\"@id\":\"https:\/\/dr-feix.com\/arbeitsweise\/\",\"url\":\"https:\/\/dr-feix.com\/arbeitsweise\/\",\"name\":\"Como trabalhamos - Dr. Feix Translations\",\"isPartOf\":{\"@id\":\"https:\/\/dr-feix.com\/fr\/#website\"},\"datePublished\":\"2020-01-12T11:52:28+00:00\",\"dateModified\":\"2020-03-10T15:59:31+00:00\",\"breadcrumb\":{\"@id\":\"https:\/\/dr-feix.com\/arbeitsweise\/#breadcrumb\"},\"inLanguage\":\"pt-PT\",\"potentialAction\":[{\"@type\":\"ReadAction\",\"target\":[\"https:\/\/dr-feix.com\/arbeitsweise\/\"]}]},{\"@type\":\"BreadcrumbList\",\"@id\":\"https:\/\/dr-feix.com\/arbeitsweise\/#breadcrumb\",\"itemListElement\":[{\"@type\":\"ListItem\",\"position\":1,\"name\":\"Startseite\",\"item\":\"https:\/\/dr-feix.com\/pt-pt\/\"},{\"@type\":\"ListItem\",\"position\":2,\"name\":\"Como trabalhamos\"}]},{\"@type\":\"WebSite\",\"@id\":\"https:\/\/dr-feix.com\/fr\/#website\",\"url\":\"https:\/\/dr-feix.com\/fr\/\",\"name\":\"Dr. Feix Translations\",\"description\":\"\u00dcbersetzungsb\u00fcro Dr. Feix\",\"publisher\":{\"@id\":\"https:\/\/dr-feix.com\/fr\/#organization\"},\"potentialAction\":[{\"@type\":\"SearchAction\",\"target\":{\"@type\":\"EntryPoint\",\"urlTemplate\":\"https:\/\/dr-feix.com\/fr\/?s={search_term_string}\"},\"query-input\":{\"@type\":\"PropertyValueSpecification\",\"valueRequired\":true,\"valueName\":\"search_term_string\"}}],\"inLanguage\":\"pt-PT\"},{\"@type\":\"Organization\",\"@id\":\"https:\/\/dr-feix.com\/fr\/#organization\",\"name\":\"Dr. Feix Translations\",\"url\":\"https:\/\/dr-feix.com\/fr\/\",\"logo\":{\"@type\":\"ImageObject\",\"inLanguage\":\"pt-PT\",\"@id\":\"https:\/\/dr-feix.com\/fr\/#\/schema\/logo\/image\/\",\"url\":\"https:\/\/dr-feix.com\/wp-content\/uploads\/2020\/04\/cropped-dr-feix-logo-fundo-transparente-24-04.png\",\"contentUrl\":\"https:\/\/dr-feix.com\/wp-content\/uploads\/2020\/04\/cropped-dr-feix-logo-fundo-transparente-24-04.png\",\"width\":500,\"height\":310,\"caption\":\"Dr. Feix Translations\"},\"image\":{\"@id\":\"https:\/\/dr-feix.com\/fr\/#\/schema\/logo\/image\/\"}}]}<\/script>\n<!-- \/ Yoast SEO plugin. -->","yoast_head_json":{"title":"Como trabalhamos - Dr. Feix Translations","robots":{"index":"index","follow":"follow","max-snippet":"max-snippet:-1","max-image-preview":"max-image-preview:large","max-video-preview":"max-video-preview:-1"},"canonical":"https:\/\/dr-feix.com\/arbeitsweise\/","og_locale":"pt_PT","og_type":"article","og_title":"Como trabalhamos - Dr. Feix Translations","og_description":"Nossa for\u00e7a \u00e9 a qualidade Garantimos ao cliente excel\u00eancia na qualidade das tradu\u00e7\u00f5es, cumprimento dos prazos estipulados, entrega das tradu\u00e7\u00f5es em qualquer formato de uso corrente em programas para PC e Macintosh ou, se o cliente desejar, o servi\u00e7o completo, com a arte final pronta no idioma alvo, a entregar em meio de armazenamento ou&hellip;&nbsp;Read More &raquo;Como trabalhamos","og_url":"https:\/\/dr-feix.com\/arbeitsweise\/","og_site_name":"Dr. Feix Translations","article_modified_time":"2020-03-10T15:59:31+00:00","twitter_card":"summary_large_image","twitter_misc":{"Tempo estimado de leitura":"3 minutos"},"schema":{"@context":"https:\/\/schema.org","@graph":[{"@type":"WebPage","@id":"https:\/\/dr-feix.com\/arbeitsweise\/","url":"https:\/\/dr-feix.com\/arbeitsweise\/","name":"Como trabalhamos - Dr. Feix Translations","isPartOf":{"@id":"https:\/\/dr-feix.com\/fr\/#website"},"datePublished":"2020-01-12T11:52:28+00:00","dateModified":"2020-03-10T15:59:31+00:00","breadcrumb":{"@id":"https:\/\/dr-feix.com\/arbeitsweise\/#breadcrumb"},"inLanguage":"pt-PT","potentialAction":[{"@type":"ReadAction","target":["https:\/\/dr-feix.com\/arbeitsweise\/"]}]},{"@type":"BreadcrumbList","@id":"https:\/\/dr-feix.com\/arbeitsweise\/#breadcrumb","itemListElement":[{"@type":"ListItem","position":1,"name":"Startseite","item":"https:\/\/dr-feix.com\/pt-pt\/"},{"@type":"ListItem","position":2,"name":"Como trabalhamos"}]},{"@type":"WebSite","@id":"https:\/\/dr-feix.com\/fr\/#website","url":"https:\/\/dr-feix.com\/fr\/","name":"Dr. Feix Translations","description":"\u00dcbersetzungsb\u00fcro Dr. Feix","publisher":{"@id":"https:\/\/dr-feix.com\/fr\/#organization"},"potentialAction":[{"@type":"SearchAction","target":{"@type":"EntryPoint","urlTemplate":"https:\/\/dr-feix.com\/fr\/?s={search_term_string}"},"query-input":{"@type":"PropertyValueSpecification","valueRequired":true,"valueName":"search_term_string"}}],"inLanguage":"pt-PT"},{"@type":"Organization","@id":"https:\/\/dr-feix.com\/fr\/#organization","name":"Dr. Feix Translations","url":"https:\/\/dr-feix.com\/fr\/","logo":{"@type":"ImageObject","inLanguage":"pt-PT","@id":"https:\/\/dr-feix.com\/fr\/#\/schema\/logo\/image\/","url":"https:\/\/dr-feix.com\/wp-content\/uploads\/2020\/04\/cropped-dr-feix-logo-fundo-transparente-24-04.png","contentUrl":"https:\/\/dr-feix.com\/wp-content\/uploads\/2020\/04\/cropped-dr-feix-logo-fundo-transparente-24-04.png","width":500,"height":310,"caption":"Dr. Feix Translations"},"image":{"@id":"https:\/\/dr-feix.com\/fr\/#\/schema\/logo\/image\/"}}]}},"_links":{"self":[{"href":"https:\/\/dr-feix.com\/pt-pt\/wp-json\/wp\/v2\/pages\/102"}],"collection":[{"href":"https:\/\/dr-feix.com\/pt-pt\/wp-json\/wp\/v2\/pages"}],"about":[{"href":"https:\/\/dr-feix.com\/pt-pt\/wp-json\/wp\/v2\/types\/page"}],"author":[{"embeddable":true,"href":"https:\/\/dr-feix.com\/pt-pt\/wp-json\/wp\/v2\/users\/2"}],"replies":[{"embeddable":true,"href":"https:\/\/dr-feix.com\/pt-pt\/wp-json\/wp\/v2\/comments?post=102"}],"version-history":[{"count":3,"href":"https:\/\/dr-feix.com\/pt-pt\/wp-json\/wp\/v2\/pages\/102\/revisions"}],"predecessor-version":[{"id":344,"href":"https:\/\/dr-feix.com\/pt-pt\/wp-json\/wp\/v2\/pages\/102\/revisions\/344"}],"wp:attachment":[{"href":"https:\/\/dr-feix.com\/pt-pt\/wp-json\/wp\/v2\/media?parent=102"}],"curies":[{"name":"wp","href":"https:\/\/api.w.org\/{rel}","templated":true}]}}