{"id":116,"date":"2020-01-12T12:53:42","date_gmt":"2020-01-12T11:53:42","guid":{"rendered":"http:\/\/feix.ulrichgeber.de\/leistungen\/"},"modified":"2021-10-07T16:06:06","modified_gmt":"2021-10-07T14:06:06","slug":"servicos","status":"publish","type":"page","link":"https:\/\/dr-feix.com\/pt-pt\/servicos\/","title":{"rendered":"Servi\u00e7os"},"content":{"rendered":"\n<div class=\"wp-block-columns is-layout-flex wp-container-core-columns-is-layout-1 wp-block-columns-is-layout-flex\">\n<div class=\"wp-block-column is-layout-flow wp-block-column-is-layout-flow\" style=\"flex-basis:33.33%\">\n<ul class=\"wp-block-list\"><li><a href=\"#fachuebersetzungen\">Tradu\u00e7\u00f5es t\u00e9cnicas<\/a> <\/li><li><a href=\"#beglaubigte\">Tradu\u00e7\u00f5es juramentadas<\/a> <\/li><li><a href=\"#Releitura\">Releitura<\/a><\/li><li><a href=\"#fotosatz\">DTP<\/a><\/li><li><a href=\"#asiatische\">L\u00ednguas asi\u00e1ticas<\/a> <\/li><li><a href=\"#dolmetschen\">Interpreta\u00e7\u00e3o<\/a> <\/li><li><a href=\"#seminar\">Semin\u00e1rios<\/a> <\/li><\/ul>\n\n\n\n<p><\/p>\n<\/div>\n\n\n\n<div class=\"wp-block-column is-layout-flow wp-block-column-is-layout-flow\" style=\"flex-basis:66.66%\">\n<h2 class=\"wp-block-heading\"> Textos t\u00e9cnicos e  publicit\u00e1rios <\/h2>\n\n\n\n<p> Gra\u00e7as aos nossos muitos  profissionais altamente qualificados, estamos  em condi\u00e7\u00e3o de dar cobertura, no  campo da tradu\u00e7\u00e3o, a todas as \u00e1reas de  especializa\u00e7\u00e3o, como, por exemplo,  economia, direito e t\u00e9cnica, e isso  em todas as l\u00ednguas. <\/p>\n\n\n\n<h2 class=\"wp-block-heading\" id=\"fachuebersetzungen\"> Tradu\u00e7\u00f5es t\u00e9cnicas <\/h2>\n\n\n\n<p> Conhecimento da l\u00edngua n\u00e3o  basta para transportar a multiplicidade de  assuntos de \u00e1reas do saber  espec\u00edficas de uma l\u00edngua para a outra. O  conhecimento t\u00e9cnico especializado em  cada segmento do saber \u00e9  indispens\u00e1vel.<br> Por isso, colaboramos, dentro de cada l\u00edngua, com um grande n\u00famero de   tradutores ou especialistas bil\u00edngues que traduzem exclusivamente textos  da  \u00e1rea de especializa\u00e7\u00e3o deles e para a l\u00edngua materna deles. <\/p>\n<\/div>\n<\/div>\n\n\n\n<h2 class=\"wp-block-heading\"> T\u00e9cnica <\/h2>\n\n\n\n<p> Os tradutores \u2013 engenheiros,  t\u00e9cnicos, cientistas, etc. &#8211; lidam  diariamente com a evolu\u00e7\u00e3o das tecnologias,  estando, portanto, sempre  atualizados e familiarizados com a terminologia. Traduzem numa linguagem  que acompanha o  desenvolvimento da t\u00e9cnica e \u00e9 entendida pelos  profissionais especializados que  a praticam.<br> Trate-se de eletrot\u00e9cnica\/eletr\u00f4nica, ou inform\u00e1tica (hard e soft),  tecnologia  da informa\u00e7\u00e3o ou da comunica\u00e7\u00e3o, engenharia mec\u00e2nica ou  automotiva, saneamento,  aquecimento e climatiza\u00e7\u00e3o, medi\u00e7\u00e3o, controle e  regulagem, qu\u00edmica, pl\u00e1sticos  ou tecnologia ambiental, medicina e  farm\u00e1cia, para mencionar apenas algumas  \u00e1reas de especializa\u00e7\u00e3o,  utilizamos sempre tradutores competentes e entendidos  no assunto. \u00c9  assim que garantimos qualidade elevada e constante. <\/p>\n\n\n\n<h2 class=\"wp-block-heading\">Internet<\/h2>\n\n\n\n<p> A internet, produto da  globaliza\u00e7\u00e3o por excel\u00eancia, gerou um mercado de  tradu\u00e7\u00f5es completamente novo. Nosso escrit\u00f3rio est\u00e1 em condi\u00e7\u00e3o de  traduzir  pacotes completos de presen\u00e7a de empresas na Internet, nas  l\u00ednguas desejadas e,  se for o caso, entregar ao cliente uma vers\u00e3o  HTML.<br> A tradu\u00e7\u00e3o online, com programas de uso corrente, tamb\u00e9m n\u00e3o \u00e9 problema  para n\u00f3s. <\/p>\n\n\n\n<h2 class=\"wp-block-heading\"> Economia, ind\u00fastria <\/h2>\n\n\n\n<p> Traduzir contratos, relat\u00f3rios  de neg\u00f3cios, balan\u00e7os, condi\u00e7\u00f5es gerais e  documentos correlatos exige  experi\u00eancia e conhecimento profundo nestas  \u00e1reas. Temos  os especialistas certos para cada trabalho. <\/p>\n\n\n\n<h2 class=\"wp-block-heading\"> Direito <\/h2>\n\n\n\n<p> A linguagem jur\u00eddica \u00e9 uma das  mais complicadas que existem. Todo  texto,  seja curto ou longo, exige m\u00e1xima clareza e precis\u00e3o.   Empregamos especialistas, cuja compet\u00eancia   t\u00e9cnica e per\u00edcia garantem confiabilidade absoluta no trato da  terminologia jur\u00eddica. <\/p>\n\n\n\n<h2 class=\"wp-block-heading\"> Ci\u00eancia, pesquisa <\/h2>\n\n\n\n<p> O interc\u00e2mbio de conhecimentos  cient\u00edficos e de resultados de pesquisas  se d\u00e1 a n\u00edvel internacional. Por isso, exigem-se mais que nunca  tradu\u00e7\u00f5es  perfeitas nessa \u00e1rea polifac\u00e9tica. Nossos  tradutores s\u00e3o  matem\u00e1ticos, m\u00e9dicos, farmacologistas, etc. que traduzem trabalhos   cient\u00edficos de todo tipo para a sua l\u00edngua materna. <\/p>\n\n\n\n<h2 class=\"wp-block-heading\"> Publicidade <\/h2>\n\n\n\n<p>Traduzir publicidade significa adaptar o texto \u00e0 l\u00edngua estrangeira. O texto tem que ser persuasivo e adequado ao p\u00fablico alvo para conquistar o consumidor para o produto.<br>Na produ\u00e7\u00e3o de mensagens publicit\u00e1rias trabalhamos com redatores e profissionais de propaganda que conhecem bem o ramo de atividade em quest\u00e3o, o povo do pa\u00eds e sua mentalidade, e que s\u00e3o capazes de adaptar livremente e recriar as mensagens na l\u00edngua alvo. Nisso se incluem a comunica\u00e7\u00e3o corporativa, cat\u00e1logos, folhetos, an\u00fancios e campanhas publicit\u00e1rias completas, por exemplo, para feiras e exposi\u00e7\u00f5es.<br><a href=\"#top\">&gt;&gt; voltar<\/a><br><\/p>\n\n\n\n<h2 class=\"wp-block-heading\" id=\"beglaubigte\"> Tradu\u00e7\u00f5es juramentadas <\/h2>\n\n\n\n<p> As tradu\u00e7\u00f5es juramentadas s\u00e3o  muito importantes especialmente no  com\u00e9rcio exterior e nos contatos  internacionais. Providenciamos a  legaliza\u00e7\u00e3o  das tradu\u00e7\u00f5es de toda a sua documenta\u00e7\u00e3o, tais como  certid\u00f5es de registro do  com\u00e9rcio, contratos sociais, e as fornecemos  juntamente com a autentica\u00e7\u00e3o  pelos consulados ou embaixadas do pa\u00eds em  quest\u00e3o. <br> Naturalmente, as tradu\u00e7\u00f5es juramentadas de certificados e hist\u00f3ricos   escolares, documentos do registro civil e escrituras p\u00fablicas tamb\u00e9m  fazem  parte do nosso espectro de servi\u00e7os. <br>Nossa equipe interna \u00e9 composta por tradutores e int\u00e9rpretes juramentados para seis idiomas da Europa Ocidental (franc\u00eas, alem\u00e3o, ingl\u00eas, italiano, espanhol, portugu\u00eas), latim e russo.<br>Para muitas outras l\u00ednguas, inclusive as l\u00ednguas raras, contamos com tradutores competentes. <br><a href=\"#top\">&gt;&gt; voltar<\/a><\/p>\n\n\n\n<h2 class=\"wp-block-heading\" id=\"Releitura\">Releitura<\/h2>\n\n\n\n<p>Relemos textos especializados, publicit\u00e1rios, flyers, cat\u00e1logos, menus&#8230; para controlar a ortografia, a gram\u00e1tica, pontua\u00e7\u00e3o e a coer\u00eancia&nbsp;\u2013 tamb\u00e9m de v\u00e1rias l\u00ednguas. Os seus documentos ficar\u00e3o perfeitos com o \u00faltimo acabamento garantindo uma apresenta\u00e7\u00e3o profissional de seus produtos e servi\u00e7os.<br>Nossos leitores s\u00e3o linguistas formados e dominam todas as exig\u00eancias formais e estil\u00edsticas dos mais variados setores que s\u00e3o o constituinte de textos de alto gabarito qualitativo. <br><a href=\"#top\">&gt;&gt; voltar<\/a><\/p>\n\n\n\n<h2 class=\"wp-block-heading\" id=\"fotosatz\">DTP<\/h2>\n\n\n\n<p> Oferecemos ao cliente, em  coopera\u00e7\u00e3o com servi\u00e7o de composi\u00e7\u00e3o gr\u00e1fica,  ag\u00eancias de publicidade altamente  qualificadas ou gr\u00e1ficas locais ou  institui\u00e7\u00f5es recomendadas pelo cliente um  servi\u00e7o completo de uma \u00fanica  fonte. A  pedido o cliente recebe a arte final em l\u00edngua estrangeira,  evitando erros de  transmiss\u00e3o e de separa\u00e7\u00e3o de s\u00edlabas no layout  pronto, gra\u00e7as ao controle de  qualidade interno. O resultado \u00e9 uma arte   final perfeita na l\u00edngua alvo, pronta para impress\u00e3o.<br> Como o layout com todas as imagens, desenhos, diagramas, etc. est\u00e1   dispon\u00edvel na m\u00eddia, \u00e9 f\u00e1cil executar altera\u00e7\u00f5es posteriores, sem  precisar  alterar o layout. <br><a href=\"#top\">&gt;&gt; voltar<\/a><\/p>\n\n\n\n<h2 class=\"wp-block-heading\" id=\"asiatische\"> L\u00ednguas asi\u00e1ticas <\/h2>\n\n\n\n<p> Uma equipe especial se dedica  \u00e0s tradu\u00e7\u00f5es para as l\u00ednguas asi\u00e1ticas,  como por exemplo, chin\u00eas &#8211; tanto nas variantes de Taiwan e  Cingapura  como na da China continental &#8211; japon\u00eas e coreano, e \u00e0 subsequente   confec\u00e7\u00e3o da arte final ou da formata\u00e7\u00e3o em HTML. <br><a href=\"#top\">&gt;&gt; voltar<\/a><\/p>\n\n\n\n<h2 class=\"wp-block-heading\" id=\"dolmetschen\">Interpreta\u00e7\u00e3o <\/h2>\n\n\n\n<p>Nossos int\u00e9rpretes n\u00e3o s\u00f3 conhecem a fundo a l\u00edngua fonte, a l\u00edngua-alvo e a \u00e1rea de especializa\u00e7\u00e3o em quest\u00e3o, como tamb\u00e9m compreendem diversos dialetos e t\u00eam vasto conhecimento geral.<\/p>\n\n\n\n<h4 class=\"wp-block-heading\" id=\"tagung\">Material de interpreta\u00e7\u00e3o <\/h4>\n\n\n\n<p>Podemos igualmente fornecer o material de interpreta\u00e7\u00e3o no \u00e2mbito de semin\u00e1rios ou confer\u00eancias para um p\u00fablico mais ou menos numeroso. <br><a href=\"#top\">&gt;&gt; voltar<\/a><a href=\"#top\"><\/a><\/p>\n\n\n\n<h2 class=\"wp-block-heading\" id=\"seminar\"> Semin\u00e1rios <\/h2>\n\n\n\n<p> Com a crescente  internacionaliza\u00e7\u00e3o da economia, \u00e9 cada vez mais  importante que os executivos  possam se comunicar e cooperar  internacionalmente de forma culturalmente  adequada. Nossos cursos e  semin\u00e1rios  aumentam a capacidade do profissional em intervir de modo  efetivo como  &#8220;global player&#8221; no jogo internacional, evitar erros,  representar a  empresa adequadamente e atuar com seguran\u00e7a em equipes e  comiss\u00f5es  internacionais. <\/p>\n\n\n\n<p><\/p>\n\n\n\n<p> <strong>Conte\u00fado dos semin\u00e1rios:<\/strong> <\/p>\n\n\n\n<ul class=\"wp-block-list\"><li> Metodologia Synaplan:  introdu\u00e7\u00e3o e coloca\u00e7\u00e3o em pr\u00e1tica  <\/li><li> Apresenta\u00e7\u00e3o pessoal e  empresarial  <\/li><li> Comunica\u00e7\u00e3o telef\u00f4nica em  idiomas estrangeiros <\/li><li> Comunica\u00e7\u00e3o intercultural para  expatriados  <\/li><\/ul>\n\n\n\n<p> Dica de literatura:  <\/p>\n\n\n\n<p> Dr. Nereu Feix: &#8220;M\u00e9todos de modera\u00e7\u00e3o e Synaplan&#8221;, (em  alem\u00e3o) Verlag Brandt, Mannheim 1992, 2. Aufl., ISBN 3-926260-16-5. <br><a href=\"#top\">&gt;&gt; voltar<\/a><\/p>\n","protected":false},"excerpt":{"rendered":"<p>Tradu\u00e7\u00f5es t\u00e9cnicas Tradu\u00e7\u00f5es juramentadas Releitura DTP L\u00ednguas asi\u00e1ticas Interpreta\u00e7\u00e3o Semin\u00e1rios Textos t\u00e9cnicos e publicit\u00e1rios Gra\u00e7as aos nossos muitos profissionais altamente qualificados, estamos em condi\u00e7\u00e3o de dar cobertura, no campo da tradu\u00e7\u00e3o, a todas as \u00e1reas de especializa\u00e7\u00e3o, como, por exemplo, economia, direito e t\u00e9cnica, e isso em todas as l\u00ednguas. Tradu\u00e7\u00f5es t\u00e9cnicas Conhecimento da l\u00edngua&hellip;&nbsp;<a href=\"https:\/\/dr-feix.com\/pt-pt\/servicos\/\" class=\"\" rel=\"bookmark\">Read More &raquo;<span class=\"screen-reader-text\">Servi\u00e7os<\/span><\/a><\/p>\n","protected":false},"author":2,"featured_media":0,"parent":0,"menu_order":0,"comment_status":"closed","ping_status":"closed","template":"","meta":{"_themeisle_gutenberg_block_has_review":false,"footnotes":""},"class_list":["post-116","page","type-page","status-publish","hentry"],"yoast_head":"<!-- This site is optimized with the Yoast SEO plugin v23.8 - https:\/\/yoast.com\/wordpress\/plugins\/seo\/ -->\n<title>Servi\u00e7os - Dr. Feix Translations<\/title>\n<meta name=\"robots\" content=\"index, follow, max-snippet:-1, max-image-preview:large, max-video-preview:-1\" \/>\n<link rel=\"canonical\" href=\"https:\/\/dr-feix.com\/leistungen\/\" \/>\n<meta property=\"og:locale\" content=\"pt_PT\" \/>\n<meta property=\"og:type\" content=\"article\" \/>\n<meta property=\"og:title\" content=\"Servi\u00e7os - Dr. Feix Translations\" \/>\n<meta property=\"og:description\" content=\"Tradu\u00e7\u00f5es t\u00e9cnicas Tradu\u00e7\u00f5es juramentadas Releitura DTP L\u00ednguas asi\u00e1ticas Interpreta\u00e7\u00e3o Semin\u00e1rios Textos t\u00e9cnicos e publicit\u00e1rios Gra\u00e7as aos nossos muitos profissionais altamente qualificados, estamos em condi\u00e7\u00e3o de dar cobertura, no campo da tradu\u00e7\u00e3o, a todas as \u00e1reas de especializa\u00e7\u00e3o, como, por exemplo, economia, direito e t\u00e9cnica, e isso em todas as l\u00ednguas. Tradu\u00e7\u00f5es t\u00e9cnicas Conhecimento da l\u00edngua&hellip;&nbsp;Read More &raquo;Servi\u00e7os\" \/>\n<meta property=\"og:url\" content=\"https:\/\/dr-feix.com\/leistungen\/\" \/>\n<meta property=\"og:site_name\" content=\"Dr. Feix Translations\" \/>\n<meta property=\"article:modified_time\" content=\"2021-10-07T14:06:06+00:00\" \/>\n<meta name=\"twitter:card\" content=\"summary_large_image\" \/>\n<meta name=\"twitter:label1\" content=\"Tempo estimado de leitura\" \/>\n\t<meta name=\"twitter:data1\" content=\"6 minutos\" \/>\n<script type=\"application\/ld+json\" class=\"yoast-schema-graph\">{\"@context\":\"https:\/\/schema.org\",\"@graph\":[{\"@type\":\"WebPage\",\"@id\":\"https:\/\/dr-feix.com\/leistungen\/\",\"url\":\"https:\/\/dr-feix.com\/leistungen\/\",\"name\":\"Servi\u00e7os - Dr. Feix Translations\",\"isPartOf\":{\"@id\":\"https:\/\/dr-feix.com\/fr\/#website\"},\"datePublished\":\"2020-01-12T11:53:42+00:00\",\"dateModified\":\"2021-10-07T14:06:06+00:00\",\"breadcrumb\":{\"@id\":\"https:\/\/dr-feix.com\/leistungen\/#breadcrumb\"},\"inLanguage\":\"pt-PT\",\"potentialAction\":[{\"@type\":\"ReadAction\",\"target\":[\"https:\/\/dr-feix.com\/leistungen\/\"]}]},{\"@type\":\"BreadcrumbList\",\"@id\":\"https:\/\/dr-feix.com\/leistungen\/#breadcrumb\",\"itemListElement\":[{\"@type\":\"ListItem\",\"position\":1,\"name\":\"Startseite\",\"item\":\"https:\/\/dr-feix.com\/pt-pt\/\"},{\"@type\":\"ListItem\",\"position\":2,\"name\":\"Servi\u00e7os\"}]},{\"@type\":\"WebSite\",\"@id\":\"https:\/\/dr-feix.com\/fr\/#website\",\"url\":\"https:\/\/dr-feix.com\/fr\/\",\"name\":\"Dr. Feix Translations\",\"description\":\"\u00dcbersetzungsb\u00fcro Dr. Feix\",\"publisher\":{\"@id\":\"https:\/\/dr-feix.com\/fr\/#organization\"},\"potentialAction\":[{\"@type\":\"SearchAction\",\"target\":{\"@type\":\"EntryPoint\",\"urlTemplate\":\"https:\/\/dr-feix.com\/fr\/?s={search_term_string}\"},\"query-input\":{\"@type\":\"PropertyValueSpecification\",\"valueRequired\":true,\"valueName\":\"search_term_string\"}}],\"inLanguage\":\"pt-PT\"},{\"@type\":\"Organization\",\"@id\":\"https:\/\/dr-feix.com\/fr\/#organization\",\"name\":\"Dr. Feix Translations\",\"url\":\"https:\/\/dr-feix.com\/fr\/\",\"logo\":{\"@type\":\"ImageObject\",\"inLanguage\":\"pt-PT\",\"@id\":\"https:\/\/dr-feix.com\/fr\/#\/schema\/logo\/image\/\",\"url\":\"https:\/\/dr-feix.com\/wp-content\/uploads\/2020\/04\/cropped-dr-feix-logo-fundo-transparente-24-04.png\",\"contentUrl\":\"https:\/\/dr-feix.com\/wp-content\/uploads\/2020\/04\/cropped-dr-feix-logo-fundo-transparente-24-04.png\",\"width\":500,\"height\":310,\"caption\":\"Dr. Feix Translations\"},\"image\":{\"@id\":\"https:\/\/dr-feix.com\/fr\/#\/schema\/logo\/image\/\"}}]}<\/script>\n<!-- \/ Yoast SEO plugin. -->","yoast_head_json":{"title":"Servi\u00e7os - Dr. Feix Translations","robots":{"index":"index","follow":"follow","max-snippet":"max-snippet:-1","max-image-preview":"max-image-preview:large","max-video-preview":"max-video-preview:-1"},"canonical":"https:\/\/dr-feix.com\/leistungen\/","og_locale":"pt_PT","og_type":"article","og_title":"Servi\u00e7os - Dr. Feix Translations","og_description":"Tradu\u00e7\u00f5es t\u00e9cnicas Tradu\u00e7\u00f5es juramentadas Releitura DTP L\u00ednguas asi\u00e1ticas Interpreta\u00e7\u00e3o Semin\u00e1rios Textos t\u00e9cnicos e publicit\u00e1rios Gra\u00e7as aos nossos muitos profissionais altamente qualificados, estamos em condi\u00e7\u00e3o de dar cobertura, no campo da tradu\u00e7\u00e3o, a todas as \u00e1reas de especializa\u00e7\u00e3o, como, por exemplo, economia, direito e t\u00e9cnica, e isso em todas as l\u00ednguas. Tradu\u00e7\u00f5es t\u00e9cnicas Conhecimento da l\u00edngua&hellip;&nbsp;Read More &raquo;Servi\u00e7os","og_url":"https:\/\/dr-feix.com\/leistungen\/","og_site_name":"Dr. Feix Translations","article_modified_time":"2021-10-07T14:06:06+00:00","twitter_card":"summary_large_image","twitter_misc":{"Tempo estimado de leitura":"6 minutos"},"schema":{"@context":"https:\/\/schema.org","@graph":[{"@type":"WebPage","@id":"https:\/\/dr-feix.com\/leistungen\/","url":"https:\/\/dr-feix.com\/leistungen\/","name":"Servi\u00e7os - Dr. Feix Translations","isPartOf":{"@id":"https:\/\/dr-feix.com\/fr\/#website"},"datePublished":"2020-01-12T11:53:42+00:00","dateModified":"2021-10-07T14:06:06+00:00","breadcrumb":{"@id":"https:\/\/dr-feix.com\/leistungen\/#breadcrumb"},"inLanguage":"pt-PT","potentialAction":[{"@type":"ReadAction","target":["https:\/\/dr-feix.com\/leistungen\/"]}]},{"@type":"BreadcrumbList","@id":"https:\/\/dr-feix.com\/leistungen\/#breadcrumb","itemListElement":[{"@type":"ListItem","position":1,"name":"Startseite","item":"https:\/\/dr-feix.com\/pt-pt\/"},{"@type":"ListItem","position":2,"name":"Servi\u00e7os"}]},{"@type":"WebSite","@id":"https:\/\/dr-feix.com\/fr\/#website","url":"https:\/\/dr-feix.com\/fr\/","name":"Dr. Feix Translations","description":"\u00dcbersetzungsb\u00fcro Dr. Feix","publisher":{"@id":"https:\/\/dr-feix.com\/fr\/#organization"},"potentialAction":[{"@type":"SearchAction","target":{"@type":"EntryPoint","urlTemplate":"https:\/\/dr-feix.com\/fr\/?s={search_term_string}"},"query-input":{"@type":"PropertyValueSpecification","valueRequired":true,"valueName":"search_term_string"}}],"inLanguage":"pt-PT"},{"@type":"Organization","@id":"https:\/\/dr-feix.com\/fr\/#organization","name":"Dr. Feix Translations","url":"https:\/\/dr-feix.com\/fr\/","logo":{"@type":"ImageObject","inLanguage":"pt-PT","@id":"https:\/\/dr-feix.com\/fr\/#\/schema\/logo\/image\/","url":"https:\/\/dr-feix.com\/wp-content\/uploads\/2020\/04\/cropped-dr-feix-logo-fundo-transparente-24-04.png","contentUrl":"https:\/\/dr-feix.com\/wp-content\/uploads\/2020\/04\/cropped-dr-feix-logo-fundo-transparente-24-04.png","width":500,"height":310,"caption":"Dr. Feix Translations"},"image":{"@id":"https:\/\/dr-feix.com\/fr\/#\/schema\/logo\/image\/"}}]}},"_links":{"self":[{"href":"https:\/\/dr-feix.com\/pt-pt\/wp-json\/wp\/v2\/pages\/116"}],"collection":[{"href":"https:\/\/dr-feix.com\/pt-pt\/wp-json\/wp\/v2\/pages"}],"about":[{"href":"https:\/\/dr-feix.com\/pt-pt\/wp-json\/wp\/v2\/types\/page"}],"author":[{"embeddable":true,"href":"https:\/\/dr-feix.com\/pt-pt\/wp-json\/wp\/v2\/users\/2"}],"replies":[{"embeddable":true,"href":"https:\/\/dr-feix.com\/pt-pt\/wp-json\/wp\/v2\/comments?post=116"}],"version-history":[{"count":10,"href":"https:\/\/dr-feix.com\/pt-pt\/wp-json\/wp\/v2\/pages\/116\/revisions"}],"predecessor-version":[{"id":569,"href":"https:\/\/dr-feix.com\/pt-pt\/wp-json\/wp\/v2\/pages\/116\/revisions\/569"}],"wp:attachment":[{"href":"https:\/\/dr-feix.com\/pt-pt\/wp-json\/wp\/v2\/media?parent=116"}],"curies":[{"name":"wp","href":"https:\/\/api.w.org\/{rel}","templated":true}]}}