{"id":215,"date":"2020-01-12T12:08:27","date_gmt":"2020-01-12T12:08:27","guid":{"rendered":"http:\/\/feix.ulrichgeber.de\/datenschutzerklaerung\/"},"modified":"2020-03-12T10:21:13","modified_gmt":"2020-03-12T09:21:13","slug":"protecao-de-dados-pessoais","status":"publish","type":"page","link":"https:\/\/dr-feix.com\/pt-pt\/protecao-de-dados-pessoais\/","title":{"rendered":"Declara\u00e7\u00e3o sobre a prote\u00e7\u00e3o de dados pessoais"},"content":{"rendered":"\n<p>Muito obrigado pelo seu interesse pela nossa\nempresa. Damos grande import\u00e2ncia \u00e0 prote\u00e7\u00e3o de dados pessoais e \u00e9 em virtude\ndisto que queremos chamar a sua aten\u00e7\u00e3o a respeito. \u00c9 poss\u00edvel utilizar o nosso\ns\u00edtio para fins de informa\u00e7\u00e3o e sem que se tenha que extrair dados relativos \u00e0\nprivacidade dos usu\u00e1rios. Se, por\u00e9m, quiser entrar em contato conosco mediante\num formul\u00e1rio e pretender utilizar nossos servi\u00e7os teremos que eventualmente\nprocessar os seus dados pessoais.<\/p>\n\n\n\n<p>O processamento de seus dados pessoais, como,\npor exemplo, nome, endere\u00e7o, e-mail ou n\u00famero de telefone, se efetua sempre no\nquadro da legisla\u00e7\u00e3o vigente relativa \u00e0 prote\u00e7\u00e3o de dados pessoais e de acordo\ncom as normas regionais e nacionais espec\u00edficas aplic\u00e1veis ao servi\u00e7o de\ntradu\u00e7\u00f5es do Dr. Feix.<\/p>\n\n\n\n<p>Respons\u00e1vel pelo tratamento dos dados pessoais:<\/p>\n\n\n\n<p>Dr. Nereu Feix<br>\nJahnstra\u00dfe 23<br>\n66125 Saarbr\u00fccken-Dudweiler<\/p>\n\n\n\n<p>E-mail: <a href=\"mailto:translations@dr-feix.com\">translations@dr-feix.com<\/a><br>Telefone: +49 (0)6897 75823<br>S\u00edtio web: <a href=\"http:\/\/www.dr-feix.com\">www.dr-feix.com<\/a><\/p>\n\n\n\n<h2 class=\"wp-block-heading\">Transmiss\u00e3o de dados pessoais a terceiros ou a outros\nfornecedores<\/h2>\n\n\n\n<p>O processamento de dados pessoais se realiza\nsempre no cumprimento do marco jur\u00eddico. A transmiss\u00e3o de dados a terceiros se\nefetua sempre no quadro das normas legais.<\/p>\n\n\n\n<p>N\u00f3s transmitimos dados pessoais parcialmente a\nsubcontratantes ou a terceiros (por exemplo, colegas especializados, etc&#8230;)\ncom os quais colaboramos j\u00e1 desde longa data. Temos o direito de proceder desta\nmaneira se o interessado consentir (cf. art.&nbsp;6.o n.o&nbsp;1\nal\u00ednea&nbsp;a), art.&nbsp;7.o RGPD), quando cumprimos obriga\u00e7\u00f5es contratuais ou\npre-contratuais (cf. art.&nbsp;6.o n.o&nbsp;1 al\u00ednea&nbsp;b) RGPD), quando\ncumprimos uma obriga\u00e7\u00e3o legal (cf. art.&nbsp;6.o n.o&nbsp;1 al\u00ednea&nbsp;c)\nRGPD) ou quando salvaguardamos nossos interesses leg\u00edtimos (cf. art.&nbsp;6.o\nn.o&nbsp;1 al\u00ednea&nbsp;f) RGPD).<\/p>\n\n\n\n<h2 class=\"wp-block-heading\">Finalidade do tratamento de dados<\/h2>\n\n\n\n<p>Levantamos e elaboramos dados pessoais dos\nusu\u00e1rios de nosso s\u00edtio (por exemplo, ao usar o formul\u00e1rio de contato e em\npedidos de or\u00e7amento) para poder comunicar-lhe e informar-lhe, para gerenciar o\ns\u00edtio, otimiz\u00e1-lo e preencher as lacunas no setor de seguran\u00e7a.<\/p>\n\n\n\n<h2 class=\"wp-block-heading\">Fundamento jur\u00eddico para o tratamento dos dados pessoais<\/h2>\n\n\n\n<p>N\u00f3s processamos os dados pessoais somente\ndentro do quadro jur\u00eddico vigente. Normalmente temos direito de tratar dados\npessoais se o interessado consentir (cf. art.&nbsp;6.o n.o&nbsp;1\nal\u00ednea&nbsp;a), art.&nbsp;7.o RGPD), quando cumprimos obriga\u00e7\u00f5es contratuais ou\npre-contratuais (cf. art.&nbsp;6.o n.o&nbsp;1 al\u00ednea&nbsp;b) RGPD), quando\ncumprimos uma obriga\u00e7\u00e3o legal (cf. art.&nbsp;6.o n.o&nbsp;1 al\u00ednea&nbsp;c)\nRGPD) ou quando salvaguardamos nossos interesses leg\u00edtimos (cf. art.&nbsp;6.o\nn.o&nbsp;1 al\u00ednea&nbsp;f) RGPD).<\/p>\n\n\n\n<h2 class=\"wp-block-heading\">Tempo de mem\u00f3ria<\/h2>\n\n\n\n<p>O tempo requerido de tratamento e de manter em\nmem\u00f3ria os dados particulares das pessoas somente durante o tempo necess\u00e1rio\npara obter o objetivo de memoriza\u00e7\u00e3o previsto no marco legislativo das\ndiretivas e normas europeias bem como demais legisladores nas leis respetivas\nsegundo o previsto para o respons\u00e1vel a quem se confiem os dados.<\/p>\n\n\n\n<p>Quando o objetivo da memoriza\u00e7\u00e3o caduca e\nprescreve o prazo previsto no marco legislativo das diretivas e normas\neuropeias bem como demais legisladores competentes, os dados pessoais ser\u00e3o\nbloqueados ou apagados segundo as normas legais.<\/p>\n\n\n\n<h2 class=\"wp-block-heading\">Informa\u00e7\u00e3o, apagamento, bloqueio<\/h2>\n\n\n\n<p>Os nossos clientes poder\u00e3o se informar a\nqualquer momento sobre os dados pessoais, a origem e o destinat\u00e1rio dos mesmos,\nsobre a origem do tratamento dos dados e exigir a retifica\u00e7\u00e3o, o bloqueio ou o\napagamento. Utilizar para tal fim o caminho indicado na nota legal. Ficamos \u00e0\ndisposi\u00e7\u00e3o para responder a qualquer quest\u00e3o a respeito.<\/p>\n\n\n\n<h2 class=\"wp-block-heading\">Direito de oposi\u00e7\u00e3o<\/h2>\n\n\n\n<p>Qualquer pessoa afetada pelo tratamento dos\ndados pessoais tem o direito garantido previsto no marco legislativo das\ndiretivas e normas europeias bem como demais legisladores de se opor em\nqualquer momento, em vista de sua situa\u00e7\u00e3o espec\u00edfica, ao tratamento de seus\ndados pessoais em virtude do art.&nbsp;6.o n.o&nbsp;1 al\u00ednea&nbsp;e) ou f) do\nRGPD.<\/p>\n\n\n\n<h2 class=\"wp-block-heading\">Portabilidade dos dados<\/h2>\n\n\n\n<p>Qualquer pessoa afetada pelo tratamento dos dados\npessoais tem o direito garantido previsto no marco legislativo das diretivas e\nnormas europeias bem como demais legisladores de exigir da pessoa respons\u00e1vel a\nqual forem confiados os seus dados pessoais de os receber num formato\nestruturado, de uso corrente e de leitura autom\u00e1tica. Ela tem tamb\u00e9m direito de\ntransmitir estes dados a outro respons\u00e1vel pelo tratamento sem que o\nrespons\u00e1vel precedente que tenha recebido os dados tenha direito de impedi-lo\nna medida em que o consentimento se apoie no art.&nbsp;6.o n.o&nbsp;1\nal\u00ednea&nbsp;a) RGPD ou no art.&nbsp;9.o n.o&nbsp;2 al\u00ednea&nbsp;a) RGPD ou num\ncontrato segundo o art.&nbsp;6.o n.o&nbsp;1 al\u00ednea&nbsp;b) RGPD na medida em\nque o tratamento se realiza por meios automatizados e em caso que o tratamento\nn\u00e3o seja necess\u00e1rio para o exerc\u00edcio de fun\u00e7\u00f5es de interesse p\u00fablico ou ao\nexerc\u00edcio da autoridade p\u00fablica de que est\u00e1 investido o respons\u00e1vel pelo\ntratamento.<\/p>\n\n\n\n<p>A pessoa afetada tamb\u00e9m tem o direito, no\nexerc\u00edcio do direito de portabilidade dos dados segundo o art.&nbsp;20.o\nn.o&nbsp;1 RGPD, que os dados sejam transferidos de um respons\u00e1vel para outro\nrespons\u00e1vel na medida em que seja tecnicamente poss\u00edvel e na medida em que se\nrespeitem os direitos e as liberdades de terceiros.<\/p>\n\n\n\n<h2 class=\"wp-block-heading\">Direito de revoga\u00e7\u00e3o do consentimento de tratamento dos dados\npessoais<\/h2>\n\n\n\n<p>Toda pessoa que consente no processamento de\nseus dados pessoais tem o direito de revogar o seu consentimento relativo ao\ntratamento de seus dados pessoais a qualquer momento segundo a diretiva e as\nnormas europeias. A legitimidade do tratamento de dados sob a base do consentimento\npermanece v\u00e1lida at\u00e9 a revoga\u00e7\u00e3o.<\/p>\n\n\n\n<h2 class=\"wp-block-heading\">Direito de apresentar reclama\u00e7\u00e3o a uma autoridade de controlo<\/h2>\n\n\n\n<p>Existe a possibilidade de reclamar diretamente perante as autoridades competentes de prote\u00e7\u00e3o de dados pessoais.<br>A autoridade competente de controlo em nossa regi\u00e3o \u00e9 a seguinte:<\/p>\n\n\n\n<p>Unabh\u00e4ngiges Datenschutzzentrum Saarland<br>Die Landesbeauftragte f\u00fcr Datenschutz und Informationsfreiheit<br> Fritz-Dobisch-Stra\u00dfe 12<br> 66111 Saarbr\u00fccken<br> Telefone: +49 (0)681 94781-0<br> Telefax: +49 (0)681 94781-29<br> E-mail: <a href=\"mailto:poststelle@datenschutz.saarland.de\">poststelle@datenschutz.saarland.de<\/a><\/p>\n","protected":false},"excerpt":{"rendered":"<p>Muito obrigado pelo seu interesse pela nossa empresa. Damos grande import\u00e2ncia \u00e0 prote\u00e7\u00e3o de dados pessoais e \u00e9 em virtude disto que queremos chamar a sua aten\u00e7\u00e3o a respeito. \u00c9 poss\u00edvel utilizar o nosso s\u00edtio para fins de informa\u00e7\u00e3o e sem que se tenha que extrair dados relativos \u00e0 privacidade dos usu\u00e1rios. Se, por\u00e9m, quiser&hellip;&nbsp;<a href=\"https:\/\/dr-feix.com\/pt-pt\/protecao-de-dados-pessoais\/\" class=\"\" rel=\"bookmark\">Read More &raquo;<span class=\"screen-reader-text\">Declara\u00e7\u00e3o sobre a prote\u00e7\u00e3o de dados pessoais<\/span><\/a><\/p>\n","protected":false},"author":2,"featured_media":0,"parent":0,"menu_order":0,"comment_status":"closed","ping_status":"open","template":"","meta":{"_themeisle_gutenberg_block_has_review":false,"footnotes":""},"class_list":["post-215","page","type-page","status-publish","hentry"],"yoast_head":"<!-- This site is optimized with the Yoast SEO plugin v23.8 - https:\/\/yoast.com\/wordpress\/plugins\/seo\/ -->\n<title>Declara\u00e7\u00e3o sobre a prote\u00e7\u00e3o de dados pessoais - Dr. Feix Translations<\/title>\n<meta name=\"robots\" content=\"index, follow, max-snippet:-1, max-image-preview:large, max-video-preview:-1\" \/>\n<link rel=\"canonical\" href=\"https:\/\/dr-feix.com\/datenschutzerklaerung\/\" \/>\n<meta property=\"og:locale\" content=\"pt_PT\" \/>\n<meta property=\"og:type\" content=\"article\" \/>\n<meta property=\"og:title\" content=\"Declara\u00e7\u00e3o sobre a prote\u00e7\u00e3o de dados pessoais - Dr. Feix Translations\" \/>\n<meta property=\"og:description\" content=\"Muito obrigado pelo seu interesse pela nossa empresa. Damos grande import\u00e2ncia \u00e0 prote\u00e7\u00e3o de dados pessoais e \u00e9 em virtude disto que queremos chamar a sua aten\u00e7\u00e3o a respeito. \u00c9 poss\u00edvel utilizar o nosso s\u00edtio para fins de informa\u00e7\u00e3o e sem que se tenha que extrair dados relativos \u00e0 privacidade dos usu\u00e1rios. Se, por\u00e9m, quiser&hellip;&nbsp;Read More &raquo;Declara\u00e7\u00e3o sobre a prote\u00e7\u00e3o de dados pessoais\" \/>\n<meta property=\"og:url\" content=\"https:\/\/dr-feix.com\/datenschutzerklaerung\/\" \/>\n<meta property=\"og:site_name\" content=\"Dr. Feix Translations\" \/>\n<meta property=\"article:modified_time\" content=\"2020-03-12T09:21:13+00:00\" \/>\n<meta name=\"twitter:card\" content=\"summary_large_image\" \/>\n<meta name=\"twitter:label1\" content=\"Tempo estimado de leitura\" \/>\n\t<meta name=\"twitter:data1\" content=\"5 minutos\" \/>\n<script type=\"application\/ld+json\" class=\"yoast-schema-graph\">{\"@context\":\"https:\/\/schema.org\",\"@graph\":[{\"@type\":\"WebPage\",\"@id\":\"https:\/\/dr-feix.com\/datenschutzerklaerung\/\",\"url\":\"https:\/\/dr-feix.com\/datenschutzerklaerung\/\",\"name\":\"Declara\u00e7\u00e3o sobre a prote\u00e7\u00e3o de dados pessoais - Dr. Feix Translations\",\"isPartOf\":{\"@id\":\"https:\/\/dr-feix.com\/fr\/#website\"},\"datePublished\":\"2020-01-12T12:08:27+00:00\",\"dateModified\":\"2020-03-12T09:21:13+00:00\",\"breadcrumb\":{\"@id\":\"https:\/\/dr-feix.com\/datenschutzerklaerung\/#breadcrumb\"},\"inLanguage\":\"pt-PT\",\"potentialAction\":[{\"@type\":\"ReadAction\",\"target\":[\"https:\/\/dr-feix.com\/datenschutzerklaerung\/\"]}]},{\"@type\":\"BreadcrumbList\",\"@id\":\"https:\/\/dr-feix.com\/datenschutzerklaerung\/#breadcrumb\",\"itemListElement\":[{\"@type\":\"ListItem\",\"position\":1,\"name\":\"Startseite\",\"item\":\"https:\/\/dr-feix.com\/pt-pt\/\"},{\"@type\":\"ListItem\",\"position\":2,\"name\":\"Declara\u00e7\u00e3o sobre a prote\u00e7\u00e3o de dados pessoais\"}]},{\"@type\":\"WebSite\",\"@id\":\"https:\/\/dr-feix.com\/fr\/#website\",\"url\":\"https:\/\/dr-feix.com\/fr\/\",\"name\":\"Dr. Feix Translations\",\"description\":\"\u00dcbersetzungsb\u00fcro Dr. Feix\",\"publisher\":{\"@id\":\"https:\/\/dr-feix.com\/fr\/#organization\"},\"potentialAction\":[{\"@type\":\"SearchAction\",\"target\":{\"@type\":\"EntryPoint\",\"urlTemplate\":\"https:\/\/dr-feix.com\/fr\/?s={search_term_string}\"},\"query-input\":{\"@type\":\"PropertyValueSpecification\",\"valueRequired\":true,\"valueName\":\"search_term_string\"}}],\"inLanguage\":\"pt-PT\"},{\"@type\":\"Organization\",\"@id\":\"https:\/\/dr-feix.com\/fr\/#organization\",\"name\":\"Dr. Feix Translations\",\"url\":\"https:\/\/dr-feix.com\/fr\/\",\"logo\":{\"@type\":\"ImageObject\",\"inLanguage\":\"pt-PT\",\"@id\":\"https:\/\/dr-feix.com\/fr\/#\/schema\/logo\/image\/\",\"url\":\"https:\/\/dr-feix.com\/wp-content\/uploads\/2020\/04\/cropped-dr-feix-logo-fundo-transparente-24-04.png\",\"contentUrl\":\"https:\/\/dr-feix.com\/wp-content\/uploads\/2020\/04\/cropped-dr-feix-logo-fundo-transparente-24-04.png\",\"width\":500,\"height\":310,\"caption\":\"Dr. Feix Translations\"},\"image\":{\"@id\":\"https:\/\/dr-feix.com\/fr\/#\/schema\/logo\/image\/\"}}]}<\/script>\n<!-- \/ Yoast SEO plugin. -->","yoast_head_json":{"title":"Declara\u00e7\u00e3o sobre a prote\u00e7\u00e3o de dados pessoais - Dr. Feix Translations","robots":{"index":"index","follow":"follow","max-snippet":"max-snippet:-1","max-image-preview":"max-image-preview:large","max-video-preview":"max-video-preview:-1"},"canonical":"https:\/\/dr-feix.com\/datenschutzerklaerung\/","og_locale":"pt_PT","og_type":"article","og_title":"Declara\u00e7\u00e3o sobre a prote\u00e7\u00e3o de dados pessoais - Dr. Feix Translations","og_description":"Muito obrigado pelo seu interesse pela nossa empresa. Damos grande import\u00e2ncia \u00e0 prote\u00e7\u00e3o de dados pessoais e \u00e9 em virtude disto que queremos chamar a sua aten\u00e7\u00e3o a respeito. \u00c9 poss\u00edvel utilizar o nosso s\u00edtio para fins de informa\u00e7\u00e3o e sem que se tenha que extrair dados relativos \u00e0 privacidade dos usu\u00e1rios. Se, por\u00e9m, quiser&hellip;&nbsp;Read More &raquo;Declara\u00e7\u00e3o sobre a prote\u00e7\u00e3o de dados pessoais","og_url":"https:\/\/dr-feix.com\/datenschutzerklaerung\/","og_site_name":"Dr. Feix Translations","article_modified_time":"2020-03-12T09:21:13+00:00","twitter_card":"summary_large_image","twitter_misc":{"Tempo estimado de leitura":"5 minutos"},"schema":{"@context":"https:\/\/schema.org","@graph":[{"@type":"WebPage","@id":"https:\/\/dr-feix.com\/datenschutzerklaerung\/","url":"https:\/\/dr-feix.com\/datenschutzerklaerung\/","name":"Declara\u00e7\u00e3o sobre a prote\u00e7\u00e3o de dados pessoais - Dr. Feix Translations","isPartOf":{"@id":"https:\/\/dr-feix.com\/fr\/#website"},"datePublished":"2020-01-12T12:08:27+00:00","dateModified":"2020-03-12T09:21:13+00:00","breadcrumb":{"@id":"https:\/\/dr-feix.com\/datenschutzerklaerung\/#breadcrumb"},"inLanguage":"pt-PT","potentialAction":[{"@type":"ReadAction","target":["https:\/\/dr-feix.com\/datenschutzerklaerung\/"]}]},{"@type":"BreadcrumbList","@id":"https:\/\/dr-feix.com\/datenschutzerklaerung\/#breadcrumb","itemListElement":[{"@type":"ListItem","position":1,"name":"Startseite","item":"https:\/\/dr-feix.com\/pt-pt\/"},{"@type":"ListItem","position":2,"name":"Declara\u00e7\u00e3o sobre a prote\u00e7\u00e3o de dados pessoais"}]},{"@type":"WebSite","@id":"https:\/\/dr-feix.com\/fr\/#website","url":"https:\/\/dr-feix.com\/fr\/","name":"Dr. Feix Translations","description":"\u00dcbersetzungsb\u00fcro Dr. Feix","publisher":{"@id":"https:\/\/dr-feix.com\/fr\/#organization"},"potentialAction":[{"@type":"SearchAction","target":{"@type":"EntryPoint","urlTemplate":"https:\/\/dr-feix.com\/fr\/?s={search_term_string}"},"query-input":{"@type":"PropertyValueSpecification","valueRequired":true,"valueName":"search_term_string"}}],"inLanguage":"pt-PT"},{"@type":"Organization","@id":"https:\/\/dr-feix.com\/fr\/#organization","name":"Dr. Feix Translations","url":"https:\/\/dr-feix.com\/fr\/","logo":{"@type":"ImageObject","inLanguage":"pt-PT","@id":"https:\/\/dr-feix.com\/fr\/#\/schema\/logo\/image\/","url":"https:\/\/dr-feix.com\/wp-content\/uploads\/2020\/04\/cropped-dr-feix-logo-fundo-transparente-24-04.png","contentUrl":"https:\/\/dr-feix.com\/wp-content\/uploads\/2020\/04\/cropped-dr-feix-logo-fundo-transparente-24-04.png","width":500,"height":310,"caption":"Dr. Feix Translations"},"image":{"@id":"https:\/\/dr-feix.com\/fr\/#\/schema\/logo\/image\/"}}]}},"_links":{"self":[{"href":"https:\/\/dr-feix.com\/pt-pt\/wp-json\/wp\/v2\/pages\/215"}],"collection":[{"href":"https:\/\/dr-feix.com\/pt-pt\/wp-json\/wp\/v2\/pages"}],"about":[{"href":"https:\/\/dr-feix.com\/pt-pt\/wp-json\/wp\/v2\/types\/page"}],"author":[{"embeddable":true,"href":"https:\/\/dr-feix.com\/pt-pt\/wp-json\/wp\/v2\/users\/2"}],"replies":[{"embeddable":true,"href":"https:\/\/dr-feix.com\/pt-pt\/wp-json\/wp\/v2\/comments?post=215"}],"version-history":[{"count":4,"href":"https:\/\/dr-feix.com\/pt-pt\/wp-json\/wp\/v2\/pages\/215\/revisions"}],"predecessor-version":[{"id":380,"href":"https:\/\/dr-feix.com\/pt-pt\/wp-json\/wp\/v2\/pages\/215\/revisions\/380"}],"wp:attachment":[{"href":"https:\/\/dr-feix.com\/pt-pt\/wp-json\/wp\/v2\/media?parent=215"}],"curies":[{"name":"wp","href":"https:\/\/api.w.org\/{rel}","templated":true}]}}