{"id":230,"date":"2020-02-23T13:56:35","date_gmt":"2020-02-23T12:56:35","guid":{"rendered":"http:\/\/feix.ulrichgeber.de\/angebot-anfordern\/"},"modified":"2021-10-07T15:52:28","modified_gmt":"2021-10-07T13:52:28","slug":"solicite-um-orcamento","status":"publish","type":"page","link":"https:\/\/dr-feix.com\/pt-pt\/solicite-um-orcamento\/","title":{"rendered":"Solicite um or\u00e7amento"},"content":{"rendered":"\n<div class=\"wp-block-themeisle-blocks-advanced-columns has-2-columns has-desktop-equal-layout has-tablet-equal-layout has-mobile-collapsedRows-layout has-default-gap has-vertical-unset\" id=\"wp-block-themeisle-blocks-advanced-columns-33419330\"><div class=\"wp-block-themeisle-blocks-advanced-columns-overlay\"><\/div><div class=\"innerblocks-wrap\">\n<div class=\"wp-block-themeisle-blocks-advanced-column\" id=\"wp-block-themeisle-blocks-advanced-column-4e869b5e\">\n<p> Voc\u00ea precisa de uma tradu\u00e7\u00e3o autenticada ou de uma tradu\u00e7\u00e3o t\u00e9cnica (com\u00e9rcio, direito, t\u00e9cnica, internet, publicidade, ind\u00fastria)? Ou necessita um int\u00e9rprete? Teremos todo o prazer em receber a sua encomenda. Cuidaremos de seu pedido de tradu\u00e7\u00e3o de forma r\u00e1pida, profissional e econ\u00f4mica  levando em considera\u00e7\u00e3o os seus prazos necess\u00e1rios.<\/p>\n\n\n\n<p>Envie os&nbsp;documentos a serem traduzidos (doc, docx, pdf ou jpg)&nbsp;usando o formul\u00e1rio on-line&nbsp;e forne\u00e7a informa\u00e7\u00f5es  sobre a&nbsp;combina\u00e7\u00e3o de idiomas&nbsp;desejada.&nbsp;Se voc\u00ea deseja uma tradu\u00e7\u00e3o para  um idioma que n\u00e3o esteja listado no formul\u00e1rio, fa\u00e7a uma anota\u00e7\u00e3o no  campo de coment\u00e1rio.<\/p>\n\n\n\n<p><strong>Obs.:<\/strong><br>Quando tiver que escanear um documento com v\u00e1rias p\u00e1ginas nunca esquecer, por favor, de indicar claramente o nome de cada p\u00e1gina para cada documento. O ideal seria indicar, por exemplo, \u201cnotas de diploma p\u00e1gina 1\u201d, \u201cnotas de diploma p\u00e1gina 2\u201d ou \u201cCertid\u00e3o de Nascimento frente\u201d, \u201cCertid\u00e3o de Nascimento verso\u201d. Assim poderemos ver imediatamente a quantidade de p\u00e1ginas de cada documento e podemos calcular quantos documentos devem ser juramentados.<\/p>\n\n\n\n<p>A prote\u00e7\u00e3o de dados&nbsp;\u00e9 muito importante para n\u00f3s!&nbsp;Suas  informa\u00e7\u00f5es&nbsp;pessoais&nbsp;e&nbsp;internas da empresa&nbsp;ser\u00e3o&nbsp;tratadas com absoluta  confidencialidade. Voc\u00ea receber\u00e1&nbsp;em breve um e-mail com o or\u00e7amento que mostra claramente o custo e o tempo de processamento.<\/p>\n\n\n\n<p><!--EndFragment--><\/p>\n<\/div>\n\n\n\n<div class=\"wp-block-themeisle-blocks-advanced-column\" id=\"wp-block-themeisle-blocks-advanced-column-3cc26ec0\">\n<p> <strong>Preencha o formul\u00e1rio<\/strong><br>* preenchimento obrigat\u00f3rio <\/p>\n\n\n\n\n<div class=\"wpcf7 no-js\" id=\"wpcf7-f252-o1\" lang=\"de-DE\" dir=\"ltr\" data-wpcf7-id=\"252\">\n<div class=\"screen-reader-response\"><p role=\"status\" aria-live=\"polite\" aria-atomic=\"true\"><\/p> <ul><\/ul><\/div>\n<form action=\"\/pt-pt\/wp-json\/wp\/v2\/pages\/230#wpcf7-f252-o1\" method=\"post\" class=\"wpcf7-form init\" aria-label=\"Kontaktformular\" novalidate=\"novalidate\" data-status=\"init\">\n<div style=\"display: none;\">\n<input type=\"hidden\" name=\"_wpcf7\" value=\"252\" \/>\n<input type=\"hidden\" name=\"_wpcf7_version\" value=\"6.0\" \/>\n<input type=\"hidden\" name=\"_wpcf7_locale\" value=\"de_DE\" \/>\n<input type=\"hidden\" name=\"_wpcf7_unit_tag\" value=\"wpcf7-f252-o1\" \/>\n<input type=\"hidden\" name=\"_wpcf7_container_post\" value=\"0\" \/>\n<input type=\"hidden\" name=\"_wpcf7_posted_data_hash\" value=\"\" \/>\n<\/div>\n<p><label> Nome*<br \/>\n<span class=\"wpcf7-form-control-wrap\" data-name=\"your-name\"><input size=\"40\" maxlength=\"400\" class=\"wpcf7-form-control wpcf7-text wpcf7-validates-as-required\" aria-required=\"true\" aria-invalid=\"false\" value=\"\" type=\"text\" name=\"your-name\" \/><\/span> <\/label>\n<\/p>\n<p><label> E-mail*<br \/>\n<span class=\"wpcf7-form-control-wrap\" data-name=\"your-email\"><input size=\"40\" maxlength=\"400\" class=\"wpcf7-form-control wpcf7-email wpcf7-validates-as-required wpcf7-text wpcf7-validates-as-email\" aria-required=\"true\" aria-invalid=\"false\" value=\"\" type=\"email\" name=\"your-email\" \/><\/span> <\/label>\n<\/p>\n<p><label> Repetir o e-mail*<br \/>\n<span class=\"wpcf7-form-control-wrap\" data-name=\"your-email-confirm\"><input size=\"40\" maxlength=\"400\" class=\"wpcf7-form-control wpcf7-email wpcf7-validates-as-required wpcf7-text wpcf7-validates-as-email\" aria-required=\"true\" aria-invalid=\"false\" value=\"\" type=\"email\" name=\"your-email-confirm\" \/><\/span> <\/label>\n<\/p>\n<p><label> Telefone*<br \/>\n<span class=\"wpcf7-form-control-wrap\" data-name=\"your-tel-393\"><input size=\"40\" maxlength=\"400\" class=\"wpcf7-form-control wpcf7-tel wpcf7-validates-as-required wpcf7-text wpcf7-validates-as-tel\" aria-required=\"true\" aria-invalid=\"false\" value=\"\" type=\"tel\" name=\"your-tel-393\" \/><\/span> <\/label>\n<\/p>\n<p><label> Endere\u00e7o<br \/>\n<span class=\"wpcf7-form-control-wrap\" data-name=\"your-endereco\"><input size=\"40\" maxlength=\"400\" class=\"wpcf7-form-control wpcf7-text\" aria-invalid=\"false\" value=\"\" type=\"text\" name=\"your-endereco\" \/><\/span> <\/label>\n<\/p>\n<p><label> C\u00f3digo postal<br \/>\n<span class=\"wpcf7-form-control-wrap\" data-name=\"your-codpostal\"><input size=\"40\" maxlength=\"400\" class=\"wpcf7-form-control wpcf7-text\" aria-invalid=\"false\" value=\"\" type=\"text\" name=\"your-codpostal\" \/><\/span> <\/label>\n<\/p>\n<p><label> Cidade<br \/>\n<span class=\"wpcf7-form-control-wrap\" data-name=\"your-cidade\"><input size=\"40\" maxlength=\"400\" class=\"wpcf7-form-control wpcf7-text\" aria-invalid=\"false\" value=\"\" type=\"text\" name=\"your-cidade\" \/><\/span> <\/label>\n<\/p>\n<p><label> Tradu\u00e7\u00e3o*<br \/>\n<span class=\"wpcf7-form-control-wrap\" data-name=\"your-traducao\"><select class=\"wpcf7-form-control wpcf7-select wpcf7-validates-as-required\" aria-required=\"true\" aria-invalid=\"false\" name=\"your-traducao\"><option value=\"Juramentada\">Juramentada<\/option><option value=\"Simples\">Simples<\/option><\/select><\/span><\/label>\n<\/p>\n<p><label> do idioma*<br \/>\n<span class=\"wpcf7-form-control-wrap\" data-name=\"your-idioma1\"><select class=\"wpcf7-form-control wpcf7-select wpcf7-validates-as-required\" aria-required=\"true\" aria-invalid=\"false\" name=\"your-idioma1\"><option value=\"Alem\u00e3o\">Alem\u00e3o<\/option><option value=\"Ingl\u00eas\">Ingl\u00eas<\/option><option value=\"\u00c1rabe\">\u00c1rabe<\/option><option value=\"B\u00falgaro\">B\u00falgaro<\/option><option value=\"Chin\u00eas\">Chin\u00eas<\/option><option value=\"Cingal\u00eas\">Cingal\u00eas<\/option><option value=\"Coreano\">Coreano<\/option><option value=\"Croata\">Croata<\/option><option value=\"Dinamarqu\u00eas\">Dinamarqu\u00eas<\/option><option value=\"Espanhol\">Espanhol<\/option><option value=\"Esloveno\">Esloveno<\/option><option value=\"Est\u00f3nio\">Est\u00f3nio<\/option><option value=\"Finland\u00eas\">Finland\u00eas<\/option><option value=\"Franc\u00eas\">Franc\u00eas<\/option><option value=\"Grego\">Grego<\/option><option value=\"Hindi\">Hindi<\/option><option value=\"H\u00fangaro\">H\u00fangaro<\/option><option value=\"Hebraico\">Hebraico<\/option><option value=\"Italiano\">Italiano<\/option><option value=\"Japon\u00eas\">Japon\u00eas<\/option><option value=\"Latim\">Latim<\/option><option value=\"Let\u00e3o\">Let\u00e3o<\/option><option value=\"Lituano\">Lituano<\/option><option value=\"Noruegu\u00eas\">Noruegu\u00eas<\/option><option value=\"Neerland\u00eas\">Neerland\u00eas<\/option><option value=\"Polaco\">Polaco<\/option><option value=\"Portugu\u00eas\">Portugu\u00eas<\/option><option value=\"Romeno\">Romeno<\/option><option value=\"Russo\">Russo<\/option><option value=\"S\u00e9rvio\">S\u00e9rvio<\/option><option value=\"Eslovaco\">Eslovaco<\/option><option value=\"Sueco\">Sueco<\/option><option value=\"Checo\">Checo<\/option><option value=\"Tailand\u00eas\">Tailand\u00eas<\/option><option value=\"Turco\">Turco<\/option><option value=\"Ucraniano\">Ucraniano<\/option><option value=\"Vietnamita\">Vietnamita<\/option><\/select><\/span><\/label>\n<\/p>\n<p><label> para o idioma*<br \/>\n<span class=\"wpcf7-form-control-wrap\" data-name=\"your-idioma2\"><select class=\"wpcf7-form-control wpcf7-select wpcf7-validates-as-required\" aria-required=\"true\" aria-invalid=\"false\" name=\"your-idioma2\"><option value=\"Alem\u00e3o\">Alem\u00e3o<\/option><option value=\"Ingl\u00eas\">Ingl\u00eas<\/option><option value=\"\u00c1rabe\">\u00c1rabe<\/option><option value=\"B\u00falgaro\">B\u00falgaro<\/option><option value=\"Chin\u00eas\">Chin\u00eas<\/option><option value=\"Cingal\u00eas\">Cingal\u00eas<\/option><option value=\"Coreano\">Coreano<\/option><option value=\"Croata\">Croata<\/option><option value=\"Dinamarqu\u00eas\">Dinamarqu\u00eas<\/option><option value=\"Espanhol\">Espanhol<\/option><option value=\"Esloveno\">Esloveno<\/option><option value=\"Est\u00f3nio\">Est\u00f3nio<\/option><option value=\"Finland\u00eas\">Finland\u00eas<\/option><option value=\"Franc\u00eas\">Franc\u00eas<\/option><option value=\"Grego\">Grego<\/option><option value=\"Hindi\">Hindi<\/option><option value=\"H\u00fangaro\">H\u00fangaro<\/option><option value=\"Hebraico\">Hebraico<\/option><option value=\"Italiano\">Italiano<\/option><option value=\"Japon\u00eas\">Japon\u00eas<\/option><option value=\"Latim\">Latim<\/option><option value=\"Let\u00e3o\">Let\u00e3o<\/option><option value=\"Lituano\">Lituano<\/option><option value=\"Noruegu\u00eas\">Noruegu\u00eas<\/option><option value=\"Neerland\u00eas\">Neerland\u00eas<\/option><option value=\"Polaco\">Polaco<\/option><option value=\"Portugu\u00eas\">Portugu\u00eas<\/option><option value=\"Romeno\">Romeno<\/option><option value=\"Russo\">Russo<\/option><option value=\"S\u00e9rvio\">S\u00e9rvio<\/option><option value=\"Eslovaco\">Eslovaco<\/option><option value=\"Sueco\">Sueco<\/option><option value=\"Checo\">Checo<\/option><option value=\"Tailand\u00eas\">Tailand\u00eas<\/option><option value=\"Turco\">Turco<\/option><option value=\"Ucraniano\">Ucraniano<\/option><option value=\"Vietnamita\">Vietnamita<\/option><\/select><\/span><\/label>\n<\/p>\n<p><label> Observa\u00e7\u00f5es<br \/>\n<span class=\"wpcf7-form-control-wrap\" data-name=\"your-observacoes\"><textarea cols=\"40\" rows=\"10\" maxlength=\"2000\" class=\"wpcf7-form-control wpcf7-textarea\" aria-invalid=\"false\" name=\"your-observacoes\"><\/textarea><\/span> <\/label>\n<\/p>\n<p><span class=\"wpcf7-form-control-wrap\" data-name=\"arquivos\"><input size=\"40\" class=\"wpcf7-form-control wpcf7-drag-n-drop-file d-none\" aria-required=\"true\" aria-invalid=\"false\" type=\"file\" multiple=\"multiple\" data-name=\"arquivos\" data-type=\"jpeg|jpg|pdf|doc|docx\" data-limit=\"10000000\" data-max=\"5\" data-id=\"252\" data-version=\"free version 1.3.8.4\" accept=\".jpeg, .jpg, .pdf, .doc, .docx\" \/><\/span>\n<\/p>\n<p><span class=\"wpcf7-form-control-wrap\" data-name=\"dados\"><span class=\"wpcf7-form-control wpcf7-acceptance\"><span class=\"wpcf7-list-item\"><label><input type=\"checkbox\" name=\"dados\" value=\"1\" aria-invalid=\"false\" \/><span class=\"wpcf7-list-item-label\">Eu li e aceito a <a href=\"https:\/\/dr-feix.com\/pt-pt\/protecao-de-dados-pessoais\/\">Declara\u00e7\u00e3o sobre a prote\u00e7\u00e3o de dados pessoais<\/a>*.<\/span><\/label><\/span><\/span><\/span>\n<\/p>\n<p><input class=\"wpcf7-form-control wpcf7-submit has-spinner\" type=\"submit\" value=\"Enviar\" \/>\n<\/p><p style=\"display: none !important;\" class=\"akismet-fields-container\" data-prefix=\"_wpcf7_ak_\"><label>&#916;<textarea name=\"_wpcf7_ak_hp_textarea\" cols=\"45\" rows=\"8\" maxlength=\"100\"><\/textarea><\/label><input type=\"hidden\" id=\"ak_js_1\" name=\"_wpcf7_ak_js\" value=\"191\"\/><script>document.getElementById( \"ak_js_1\" ).setAttribute( \"value\", ( new Date() ).getTime() );<\/script><\/p><div class=\"wpcf7-response-output\" aria-hidden=\"true\"><\/div>\n<\/form>\n<\/div>\n\n<\/div>\n<\/div><\/div>\n","protected":false},"excerpt":{"rendered":"","protected":false},"author":2,"featured_media":0,"parent":0,"menu_order":0,"comment_status":"closed","ping_status":"closed","template":"","meta":{"_themeisle_gutenberg_block_has_review":false,"footnotes":""},"class_list":["post-230","page","type-page","status-publish","hentry"],"yoast_head":"<!-- This site is optimized with the Yoast SEO plugin v23.8 - https:\/\/yoast.com\/wordpress\/plugins\/seo\/ -->\n<title>Solicite um or\u00e7amento - Dr. Feix Translations<\/title>\n<meta name=\"robots\" content=\"index, follow, max-snippet:-1, max-image-preview:large, max-video-preview:-1\" \/>\n<link rel=\"canonical\" href=\"https:\/\/dr-feix.com\/angebot-anfordern\/\" \/>\n<meta property=\"og:locale\" content=\"pt_PT\" \/>\n<meta property=\"og:type\" content=\"article\" \/>\n<meta property=\"og:title\" content=\"Solicite um or\u00e7amento - Dr. Feix Translations\" \/>\n<meta property=\"og:url\" content=\"https:\/\/dr-feix.com\/angebot-anfordern\/\" \/>\n<meta property=\"og:site_name\" content=\"Dr. Feix Translations\" \/>\n<meta property=\"article:modified_time\" content=\"2021-10-07T13:52:28+00:00\" \/>\n<meta name=\"twitter:card\" content=\"summary_large_image\" \/>\n<meta name=\"twitter:label1\" content=\"Tempo estimado de leitura\" \/>\n\t<meta name=\"twitter:data1\" content=\"1 minuto\" \/>\n<script type=\"application\/ld+json\" class=\"yoast-schema-graph\">{\"@context\":\"https:\/\/schema.org\",\"@graph\":[{\"@type\":\"WebPage\",\"@id\":\"https:\/\/dr-feix.com\/angebot-anfordern\/\",\"url\":\"https:\/\/dr-feix.com\/angebot-anfordern\/\",\"name\":\"Solicite um or\u00e7amento - Dr. Feix Translations\",\"isPartOf\":{\"@id\":\"https:\/\/dr-feix.com\/fr\/#website\"},\"datePublished\":\"2020-02-23T12:56:35+00:00\",\"dateModified\":\"2021-10-07T13:52:28+00:00\",\"breadcrumb\":{\"@id\":\"https:\/\/dr-feix.com\/angebot-anfordern\/#breadcrumb\"},\"inLanguage\":\"pt-PT\",\"potentialAction\":[{\"@type\":\"ReadAction\",\"target\":[\"https:\/\/dr-feix.com\/angebot-anfordern\/\"]}]},{\"@type\":\"BreadcrumbList\",\"@id\":\"https:\/\/dr-feix.com\/angebot-anfordern\/#breadcrumb\",\"itemListElement\":[{\"@type\":\"ListItem\",\"position\":1,\"name\":\"Startseite\",\"item\":\"https:\/\/dr-feix.com\/pt-pt\/\"},{\"@type\":\"ListItem\",\"position\":2,\"name\":\"Solicite um or\u00e7amento\"}]},{\"@type\":\"WebSite\",\"@id\":\"https:\/\/dr-feix.com\/fr\/#website\",\"url\":\"https:\/\/dr-feix.com\/fr\/\",\"name\":\"Dr. Feix Translations\",\"description\":\"\u00dcbersetzungsb\u00fcro Dr. Feix\",\"publisher\":{\"@id\":\"https:\/\/dr-feix.com\/fr\/#organization\"},\"potentialAction\":[{\"@type\":\"SearchAction\",\"target\":{\"@type\":\"EntryPoint\",\"urlTemplate\":\"https:\/\/dr-feix.com\/fr\/?s={search_term_string}\"},\"query-input\":{\"@type\":\"PropertyValueSpecification\",\"valueRequired\":true,\"valueName\":\"search_term_string\"}}],\"inLanguage\":\"pt-PT\"},{\"@type\":\"Organization\",\"@id\":\"https:\/\/dr-feix.com\/fr\/#organization\",\"name\":\"Dr. Feix Translations\",\"url\":\"https:\/\/dr-feix.com\/fr\/\",\"logo\":{\"@type\":\"ImageObject\",\"inLanguage\":\"pt-PT\",\"@id\":\"https:\/\/dr-feix.com\/fr\/#\/schema\/logo\/image\/\",\"url\":\"https:\/\/dr-feix.com\/wp-content\/uploads\/2020\/04\/cropped-dr-feix-logo-fundo-transparente-24-04.png\",\"contentUrl\":\"https:\/\/dr-feix.com\/wp-content\/uploads\/2020\/04\/cropped-dr-feix-logo-fundo-transparente-24-04.png\",\"width\":500,\"height\":310,\"caption\":\"Dr. Feix Translations\"},\"image\":{\"@id\":\"https:\/\/dr-feix.com\/fr\/#\/schema\/logo\/image\/\"}}]}<\/script>\n<!-- \/ Yoast SEO plugin. -->","yoast_head_json":{"title":"Solicite um or\u00e7amento - Dr. Feix Translations","robots":{"index":"index","follow":"follow","max-snippet":"max-snippet:-1","max-image-preview":"max-image-preview:large","max-video-preview":"max-video-preview:-1"},"canonical":"https:\/\/dr-feix.com\/angebot-anfordern\/","og_locale":"pt_PT","og_type":"article","og_title":"Solicite um or\u00e7amento - Dr. Feix Translations","og_url":"https:\/\/dr-feix.com\/angebot-anfordern\/","og_site_name":"Dr. Feix Translations","article_modified_time":"2021-10-07T13:52:28+00:00","twitter_card":"summary_large_image","twitter_misc":{"Tempo estimado de leitura":"1 minuto"},"schema":{"@context":"https:\/\/schema.org","@graph":[{"@type":"WebPage","@id":"https:\/\/dr-feix.com\/angebot-anfordern\/","url":"https:\/\/dr-feix.com\/angebot-anfordern\/","name":"Solicite um or\u00e7amento - Dr. Feix Translations","isPartOf":{"@id":"https:\/\/dr-feix.com\/fr\/#website"},"datePublished":"2020-02-23T12:56:35+00:00","dateModified":"2021-10-07T13:52:28+00:00","breadcrumb":{"@id":"https:\/\/dr-feix.com\/angebot-anfordern\/#breadcrumb"},"inLanguage":"pt-PT","potentialAction":[{"@type":"ReadAction","target":["https:\/\/dr-feix.com\/angebot-anfordern\/"]}]},{"@type":"BreadcrumbList","@id":"https:\/\/dr-feix.com\/angebot-anfordern\/#breadcrumb","itemListElement":[{"@type":"ListItem","position":1,"name":"Startseite","item":"https:\/\/dr-feix.com\/pt-pt\/"},{"@type":"ListItem","position":2,"name":"Solicite um or\u00e7amento"}]},{"@type":"WebSite","@id":"https:\/\/dr-feix.com\/fr\/#website","url":"https:\/\/dr-feix.com\/fr\/","name":"Dr. Feix Translations","description":"\u00dcbersetzungsb\u00fcro Dr. Feix","publisher":{"@id":"https:\/\/dr-feix.com\/fr\/#organization"},"potentialAction":[{"@type":"SearchAction","target":{"@type":"EntryPoint","urlTemplate":"https:\/\/dr-feix.com\/fr\/?s={search_term_string}"},"query-input":{"@type":"PropertyValueSpecification","valueRequired":true,"valueName":"search_term_string"}}],"inLanguage":"pt-PT"},{"@type":"Organization","@id":"https:\/\/dr-feix.com\/fr\/#organization","name":"Dr. Feix Translations","url":"https:\/\/dr-feix.com\/fr\/","logo":{"@type":"ImageObject","inLanguage":"pt-PT","@id":"https:\/\/dr-feix.com\/fr\/#\/schema\/logo\/image\/","url":"https:\/\/dr-feix.com\/wp-content\/uploads\/2020\/04\/cropped-dr-feix-logo-fundo-transparente-24-04.png","contentUrl":"https:\/\/dr-feix.com\/wp-content\/uploads\/2020\/04\/cropped-dr-feix-logo-fundo-transparente-24-04.png","width":500,"height":310,"caption":"Dr. Feix Translations"},"image":{"@id":"https:\/\/dr-feix.com\/fr\/#\/schema\/logo\/image\/"}}]}},"_links":{"self":[{"href":"https:\/\/dr-feix.com\/pt-pt\/wp-json\/wp\/v2\/pages\/230"}],"collection":[{"href":"https:\/\/dr-feix.com\/pt-pt\/wp-json\/wp\/v2\/pages"}],"about":[{"href":"https:\/\/dr-feix.com\/pt-pt\/wp-json\/wp\/v2\/types\/page"}],"author":[{"embeddable":true,"href":"https:\/\/dr-feix.com\/pt-pt\/wp-json\/wp\/v2\/users\/2"}],"replies":[{"embeddable":true,"href":"https:\/\/dr-feix.com\/pt-pt\/wp-json\/wp\/v2\/comments?post=230"}],"version-history":[{"count":9,"href":"https:\/\/dr-feix.com\/pt-pt\/wp-json\/wp\/v2\/pages\/230\/revisions"}],"predecessor-version":[{"id":566,"href":"https:\/\/dr-feix.com\/pt-pt\/wp-json\/wp\/v2\/pages\/230\/revisions\/566"}],"wp:attachment":[{"href":"https:\/\/dr-feix.com\/pt-pt\/wp-json\/wp\/v2\/media?parent=230"}],"curies":[{"name":"wp","href":"https:\/\/api.w.org\/{rel}","templated":true}]}}