{"id":93,"date":"2020-01-12T12:50:56","date_gmt":"2020-01-12T11:50:56","guid":{"rendered":"http:\/\/feix.ulrichgeber.de\/unternehmen\/"},"modified":"2020-04-15T10:24:34","modified_gmt":"2020-04-15T08:24:34","slug":"unternehmen","status":"publish","type":"page","link":"https:\/\/dr-feix.com\/pt-pt\/unternehmen\/","title":{"rendered":"Sobre n\u00f3s"},"content":{"rendered":"\n<h2 class=\"wp-block-heading\">Escrit\u00f3rio de Tradu\u00e7\u00e3o Dr.  Feix <\/h2>\n\n\n\n<p> O Escrit\u00f3rio de Tradu\u00e7\u00e3o Dr.  Feix \u00e9 uma empresa de renome, com mais de 30 anos de experi\u00eancia. Nosso escrit\u00f3rio principal est\u00e1 localizado em   Saarbr\u00fccken-Dudweiler, Alemanha.<br>Em colabora\u00e7\u00e3o com o nosso parceiro, localizado em Sarreguemines (Fran\u00e7a), oferecemos, h\u00e1 mais de 20 anos, servi\u00e7os de tradu\u00e7\u00e3o e de interpreta\u00e7\u00e3o de elevada qualidade e adaptamo-nos \u00e0s necessidades e \u00e0s exig\u00eancias dos nossos clientes, particulares ou empresariais.<br> Nossa base de clientes satisfeitos inclui mais de 350 grandes empresas nacionais e internacionais da ind\u00fastria e com\u00e9rcio, ci\u00eancia, medicina e   pesquisa. <br> Todos os nossos tradutores s\u00e3o especialistas nos assuntos que traduzem sempre para a sua l\u00edngua nativa. <br> \u00c9 por isso que somos capazes de entregar tradu\u00e7\u00f5es t\u00e9cnicas perfeitas e adapta\u00e7\u00f5es de textos publicit\u00e1rios para o mercado do pa\u00eds alvo. <\/p>\n","protected":false},"excerpt":{"rendered":"<p>Escrit\u00f3rio de Tradu\u00e7\u00e3o Dr. Feix O Escrit\u00f3rio de Tradu\u00e7\u00e3o Dr. Feix \u00e9 uma empresa de renome, com mais de 30 anos de experi\u00eancia. Nosso escrit\u00f3rio principal est\u00e1 localizado em Saarbr\u00fccken-Dudweiler, Alemanha.Em colabora\u00e7\u00e3o com o nosso parceiro, localizado em Sarreguemines (Fran\u00e7a), oferecemos, h\u00e1 mais de 20 anos, servi\u00e7os de tradu\u00e7\u00e3o e de interpreta\u00e7\u00e3o de elevada qualidade&hellip;&nbsp;<a href=\"https:\/\/dr-feix.com\/pt-pt\/unternehmen\/\" class=\"\" rel=\"bookmark\">Read More &raquo;<span class=\"screen-reader-text\">Sobre n\u00f3s<\/span><\/a><\/p>\n","protected":false},"author":2,"featured_media":0,"parent":0,"menu_order":0,"comment_status":"closed","ping_status":"closed","template":"","meta":{"_themeisle_gutenberg_block_has_review":false,"footnotes":""},"class_list":["post-93","page","type-page","status-publish","hentry"],"yoast_head":"<!-- This site is optimized with the Yoast SEO plugin v23.8 - https:\/\/yoast.com\/wordpress\/plugins\/seo\/ -->\n<title>Sobre n\u00f3s - Dr. Feix Translations<\/title>\n<meta name=\"robots\" content=\"index, follow, max-snippet:-1, max-image-preview:large, max-video-preview:-1\" \/>\n<link rel=\"canonical\" href=\"https:\/\/dr-feix.com\/pt-pt\/unternehmen\/\" \/>\n<meta property=\"og:locale\" content=\"pt_PT\" \/>\n<meta property=\"og:type\" content=\"article\" \/>\n<meta property=\"og:title\" content=\"Sobre n\u00f3s - Dr. Feix Translations\" \/>\n<meta property=\"og:description\" content=\"Escrit\u00f3rio de Tradu\u00e7\u00e3o Dr. Feix O Escrit\u00f3rio de Tradu\u00e7\u00e3o Dr. Feix \u00e9 uma empresa de renome, com mais de 30 anos de experi\u00eancia. Nosso escrit\u00f3rio principal est\u00e1 localizado em Saarbr\u00fccken-Dudweiler, Alemanha.Em colabora\u00e7\u00e3o com o nosso parceiro, localizado em Sarreguemines (Fran\u00e7a), oferecemos, h\u00e1 mais de 20 anos, servi\u00e7os de tradu\u00e7\u00e3o e de interpreta\u00e7\u00e3o de elevada qualidade&hellip;&nbsp;Read More &raquo;Sobre n\u00f3s\" \/>\n<meta property=\"og:url\" content=\"https:\/\/dr-feix.com\/pt-pt\/unternehmen\/\" \/>\n<meta property=\"og:site_name\" content=\"Dr. Feix Translations\" \/>\n<meta property=\"article:modified_time\" content=\"2020-04-15T08:24:34+00:00\" \/>\n<meta name=\"twitter:card\" content=\"summary_large_image\" \/>\n<meta name=\"twitter:label1\" content=\"Tempo estimado de leitura\" \/>\n\t<meta name=\"twitter:data1\" content=\"1 minuto\" \/>\n<script type=\"application\/ld+json\" class=\"yoast-schema-graph\">{\"@context\":\"https:\/\/schema.org\",\"@graph\":[{\"@type\":\"WebPage\",\"@id\":\"https:\/\/dr-feix.com\/pt-pt\/unternehmen\/\",\"url\":\"https:\/\/dr-feix.com\/pt-pt\/unternehmen\/\",\"name\":\"Sobre n\u00f3s - Dr. Feix Translations\",\"isPartOf\":{\"@id\":\"https:\/\/dr-feix.com\/fr\/#website\"},\"datePublished\":\"2020-01-12T11:50:56+00:00\",\"dateModified\":\"2020-04-15T08:24:34+00:00\",\"breadcrumb\":{\"@id\":\"https:\/\/dr-feix.com\/pt-pt\/unternehmen\/#breadcrumb\"},\"inLanguage\":\"pt-PT\",\"potentialAction\":[{\"@type\":\"ReadAction\",\"target\":[\"https:\/\/dr-feix.com\/pt-pt\/unternehmen\/\"]}]},{\"@type\":\"BreadcrumbList\",\"@id\":\"https:\/\/dr-feix.com\/pt-pt\/unternehmen\/#breadcrumb\",\"itemListElement\":[{\"@type\":\"ListItem\",\"position\":1,\"name\":\"Startseite\",\"item\":\"https:\/\/dr-feix.com\/pt-pt\/\"},{\"@type\":\"ListItem\",\"position\":2,\"name\":\"Sobre n\u00f3s\"}]},{\"@type\":\"WebSite\",\"@id\":\"https:\/\/dr-feix.com\/fr\/#website\",\"url\":\"https:\/\/dr-feix.com\/fr\/\",\"name\":\"Dr. Feix Translations\",\"description\":\"\u00dcbersetzungsb\u00fcro Dr. Feix\",\"publisher\":{\"@id\":\"https:\/\/dr-feix.com\/fr\/#organization\"},\"potentialAction\":[{\"@type\":\"SearchAction\",\"target\":{\"@type\":\"EntryPoint\",\"urlTemplate\":\"https:\/\/dr-feix.com\/fr\/?s={search_term_string}\"},\"query-input\":{\"@type\":\"PropertyValueSpecification\",\"valueRequired\":true,\"valueName\":\"search_term_string\"}}],\"inLanguage\":\"pt-PT\"},{\"@type\":\"Organization\",\"@id\":\"https:\/\/dr-feix.com\/fr\/#organization\",\"name\":\"Dr. Feix Translations\",\"url\":\"https:\/\/dr-feix.com\/fr\/\",\"logo\":{\"@type\":\"ImageObject\",\"inLanguage\":\"pt-PT\",\"@id\":\"https:\/\/dr-feix.com\/fr\/#\/schema\/logo\/image\/\",\"url\":\"https:\/\/dr-feix.com\/wp-content\/uploads\/2020\/04\/cropped-dr-feix-logo-fundo-transparente-24-04.png\",\"contentUrl\":\"https:\/\/dr-feix.com\/wp-content\/uploads\/2020\/04\/cropped-dr-feix-logo-fundo-transparente-24-04.png\",\"width\":500,\"height\":310,\"caption\":\"Dr. Feix Translations\"},\"image\":{\"@id\":\"https:\/\/dr-feix.com\/fr\/#\/schema\/logo\/image\/\"}}]}<\/script>\n<!-- \/ Yoast SEO plugin. -->","yoast_head_json":{"title":"Sobre n\u00f3s - Dr. Feix Translations","robots":{"index":"index","follow":"follow","max-snippet":"max-snippet:-1","max-image-preview":"max-image-preview:large","max-video-preview":"max-video-preview:-1"},"canonical":"https:\/\/dr-feix.com\/pt-pt\/unternehmen\/","og_locale":"pt_PT","og_type":"article","og_title":"Sobre n\u00f3s - Dr. Feix Translations","og_description":"Escrit\u00f3rio de Tradu\u00e7\u00e3o Dr. Feix O Escrit\u00f3rio de Tradu\u00e7\u00e3o Dr. Feix \u00e9 uma empresa de renome, com mais de 30 anos de experi\u00eancia. Nosso escrit\u00f3rio principal est\u00e1 localizado em Saarbr\u00fccken-Dudweiler, Alemanha.Em colabora\u00e7\u00e3o com o nosso parceiro, localizado em Sarreguemines (Fran\u00e7a), oferecemos, h\u00e1 mais de 20 anos, servi\u00e7os de tradu\u00e7\u00e3o e de interpreta\u00e7\u00e3o de elevada qualidade&hellip;&nbsp;Read More &raquo;Sobre n\u00f3s","og_url":"https:\/\/dr-feix.com\/pt-pt\/unternehmen\/","og_site_name":"Dr. Feix Translations","article_modified_time":"2020-04-15T08:24:34+00:00","twitter_card":"summary_large_image","twitter_misc":{"Tempo estimado de leitura":"1 minuto"},"schema":{"@context":"https:\/\/schema.org","@graph":[{"@type":"WebPage","@id":"https:\/\/dr-feix.com\/pt-pt\/unternehmen\/","url":"https:\/\/dr-feix.com\/pt-pt\/unternehmen\/","name":"Sobre n\u00f3s - Dr. Feix Translations","isPartOf":{"@id":"https:\/\/dr-feix.com\/fr\/#website"},"datePublished":"2020-01-12T11:50:56+00:00","dateModified":"2020-04-15T08:24:34+00:00","breadcrumb":{"@id":"https:\/\/dr-feix.com\/pt-pt\/unternehmen\/#breadcrumb"},"inLanguage":"pt-PT","potentialAction":[{"@type":"ReadAction","target":["https:\/\/dr-feix.com\/pt-pt\/unternehmen\/"]}]},{"@type":"BreadcrumbList","@id":"https:\/\/dr-feix.com\/pt-pt\/unternehmen\/#breadcrumb","itemListElement":[{"@type":"ListItem","position":1,"name":"Startseite","item":"https:\/\/dr-feix.com\/pt-pt\/"},{"@type":"ListItem","position":2,"name":"Sobre n\u00f3s"}]},{"@type":"WebSite","@id":"https:\/\/dr-feix.com\/fr\/#website","url":"https:\/\/dr-feix.com\/fr\/","name":"Dr. Feix Translations","description":"\u00dcbersetzungsb\u00fcro Dr. Feix","publisher":{"@id":"https:\/\/dr-feix.com\/fr\/#organization"},"potentialAction":[{"@type":"SearchAction","target":{"@type":"EntryPoint","urlTemplate":"https:\/\/dr-feix.com\/fr\/?s={search_term_string}"},"query-input":{"@type":"PropertyValueSpecification","valueRequired":true,"valueName":"search_term_string"}}],"inLanguage":"pt-PT"},{"@type":"Organization","@id":"https:\/\/dr-feix.com\/fr\/#organization","name":"Dr. Feix Translations","url":"https:\/\/dr-feix.com\/fr\/","logo":{"@type":"ImageObject","inLanguage":"pt-PT","@id":"https:\/\/dr-feix.com\/fr\/#\/schema\/logo\/image\/","url":"https:\/\/dr-feix.com\/wp-content\/uploads\/2020\/04\/cropped-dr-feix-logo-fundo-transparente-24-04.png","contentUrl":"https:\/\/dr-feix.com\/wp-content\/uploads\/2020\/04\/cropped-dr-feix-logo-fundo-transparente-24-04.png","width":500,"height":310,"caption":"Dr. Feix Translations"},"image":{"@id":"https:\/\/dr-feix.com\/fr\/#\/schema\/logo\/image\/"}}]}},"_links":{"self":[{"href":"https:\/\/dr-feix.com\/pt-pt\/wp-json\/wp\/v2\/pages\/93"}],"collection":[{"href":"https:\/\/dr-feix.com\/pt-pt\/wp-json\/wp\/v2\/pages"}],"about":[{"href":"https:\/\/dr-feix.com\/pt-pt\/wp-json\/wp\/v2\/types\/page"}],"author":[{"embeddable":true,"href":"https:\/\/dr-feix.com\/pt-pt\/wp-json\/wp\/v2\/users\/2"}],"replies":[{"embeddable":true,"href":"https:\/\/dr-feix.com\/pt-pt\/wp-json\/wp\/v2\/comments?post=93"}],"version-history":[{"count":4,"href":"https:\/\/dr-feix.com\/pt-pt\/wp-json\/wp\/v2\/pages\/93\/revisions"}],"predecessor-version":[{"id":441,"href":"https:\/\/dr-feix.com\/pt-pt\/wp-json\/wp\/v2\/pages\/93\/revisions\/441"}],"wp:attachment":[{"href":"https:\/\/dr-feix.com\/pt-pt\/wp-json\/wp\/v2\/media?parent=93"}],"curies":[{"name":"wp","href":"https:\/\/api.w.org\/{rel}","templated":true}]}}